{"id":121311,"date":"2025-01-01T22:57:17","date_gmt":"2025-01-01T22:57:17","guid":{"rendered":"https:\/\/ruumistruumi.ee\/pood\/hs-collection-lillepott-alusel-must-50-cm-metall\/"},"modified":"2025-08-21T02:14:41","modified_gmt":"2025-08-21T02:14:41","slug":"hs-collection-lillepott-alusel-must-50-cm-metall","status":"publish","type":"product","link":"https:\/\/blankpage.ee\/_ruumist-ruumi\/pood\/hs-collection-lillepott-alusel-must-50-cm-metall\/","title":{"rendered":"H&#038;S Collection lillepott alusel, must, 50 cm, metall"},"content":{"rendered":"<p>H&#038;S Collection taimealus koosneb lillepotist ja vastupidavast ning kaunist alusest. M\u00f5lemad on valmistatud mustaks v\u00e4rvitud metallist. Taimealus on 50 cm k\u00f5rgune ja sinna mahub umbes 21 x 21 cm suurune lillepott. Sobib nii elus- kui ka kunsttaimede hoiustamiseks.<\/p>\n<ul>\n<li>V\u00e4rvus: must<\/li>\n<li>Materjal: kaetud raud<\/li>\n<li>M\u00f5\u00f5tmed: 21 x 21 x 50 cm (L x S x K)<\/li>\n<li>Lillepott alusel<\/li>\n<\/ul>\n","protected":false},"excerpt":{"rendered":"<p>H&#038;S Collection taimealus koosneb lillepotist ja vastupidavast ning kaunist alusest. M\u00f5lemad on valmistatud mustaks v\u00e4rvitud metallist. Taimealus on 50 cm k\u00f5rgune ja sinna mahub umbes 21 x 21 cm suurune lillepott. Sobib nii elus- kui ka kunsttaimede hoiustamiseks. V\u00e4rvus: must Materjal: kaetud raud M\u00f5\u00f5tmed: 21 x 21 x 50 cm (L x S x K) [&hellip;]<\/p>\n","protected":false},"featured_media":121312,"comment_status":"open","ping_status":"open","template":"","meta":[],"product_brand":[],"product_cat":[1762],"product_tag":[],"class_list":{"0":"post-121311","1":"product","2":"type-product","3":"status-publish","4":"has-post-thumbnail","6":"product_cat-taimekastid-ja-potid","7":"product_shipping_class-vidaxl","8":"pa_varv-must","10":"first","11":"outofstock","12":"taxable","13":"shipping-taxable","14":"purchasable","15":"product-type-simple"},"_links":{"self":[{"href":"https:\/\/blankpage.ee\/_ruumist-ruumi\/wp-json\/wp\/v2\/product\/121311","targetHints":{"allow":["GET"]}}],"collection":[{"href":"https:\/\/blankpage.ee\/_ruumist-ruumi\/wp-json\/wp\/v2\/product"}],"about":[{"href":"https:\/\/blankpage.ee\/_ruumist-ruumi\/wp-json\/wp\/v2\/types\/product"}],"replies":[{"embeddable":true,"href":"https:\/\/blankpage.ee\/_ruumist-ruumi\/wp-json\/wp\/v2\/comments?post=121311"}],"wp:featuredmedia":[{"embeddable":true,"href":"https:\/\/blankpage.ee\/_ruumist-ruumi\/wp-json\/wp\/v2\/media\/121312"}],"wp:attachment":[{"href":"https:\/\/blankpage.ee\/_ruumist-ruumi\/wp-json\/wp\/v2\/media?parent=121311"}],"wp:term":[{"taxonomy":"product_brand","embeddable":true,"href":"https:\/\/blankpage.ee\/_ruumist-ruumi\/wp-json\/wp\/v2\/product_brand?post=121311"},{"taxonomy":"product_cat","embeddable":true,"href":"https:\/\/blankpage.ee\/_ruumist-ruumi\/wp-json\/wp\/v2\/product_cat?post=121311"},{"taxonomy":"product_tag","embeddable":true,"href":"https:\/\/blankpage.ee\/_ruumist-ruumi\/wp-json\/wp\/v2\/product_tag?post=121311"}],"curies":[{"name":"wp","href":"https:\/\/api.w.org\/{rel}","templated":true}]}}