{"id":12133,"date":"2025-04-19T10:39:25","date_gmt":"2025-04-19T10:39:25","guid":{"rendered":"https:\/\/ruumistruumi.ee\/?post_type=product&#038;p=12133"},"modified":"2025-08-21T08:18:57","modified_gmt":"2025-08-21T08:18:57","slug":"asendusfiltrid-petoneer-fresco-pro-ultra-veedosaatoritele-3-tk","status":"publish","type":"product","link":"https:\/\/blankpage.ee\/_ruumist-ruumi\/pood\/asendusfiltrid-petoneer-fresco-pro-ultra-veedosaatoritele-3-tk\/","title":{"rendered":"Lemmiklooma veedosaatori asendusfiltrite komplekt Petoneer Fresco Pro\/Ultra, 3 tk"},"content":{"rendered":"<h3>Lemmiklooma vee filtri asenduskomplekt Petoneer Fresco Pro\/Ultra (3 tk)<\/h3>\n<p>Kui kasutate Petoneer Fresco Pro v\u00f5i Ultra lemmiklooma veedosaatorit, on oluline vahetada filtrid, pumba filtrid ja vahtdetailid iga 30 p\u00e4eva tagant. Regulaarne hooldus tagab seadme t\u00f5husa t\u00f6\u00f6 ja aitab hoida lemmiklooma joogivee alati v\u00e4rske ning puhtana. Komplekt sisaldab 3 peafiltrit, 3 pumba filtrit ja 3 vahtdetaili, mis sobivad t\u00e4pselt nimetatud mudelitele.<\/p>\n<p><img decoding=\"async\" src=\"https:\/\/blankpage.ee\/_ruumist-ruumi\/wp-content\/uploads\/2025\/04\/1-466.webp\" alt=\"Lemmiklooma vee filtri asenduskomplekt Petoneer Fresco Pro ja Ultra veedosaatoritele - pakend ja filtrid\"><\/p>\n<h3>Kolmeetapiline filtreerimiss\u00fcsteem<\/h3>\n<p>Fresco Pro ja Ultra veedosaatoritele m\u00f5eldud lemmiklooma vee filter puhastab vett kolmes etapis: esimeses astmes eemaldab v\u00f5rk suuremad osakesed, teises etapis eemaldab aktiivs\u00fcsi soovimatud l\u00f5hnad ja maitsed ning kolmandas etapis v\u00e4hendab ionvahetusvaik vees olevaid mineraale ja parandab vee puhtust, aidates v\u00e4hendada teie lemmiku terviseriske. Selline joogivee filter pikendab seadme eluiga ja t\u00f5stab vee kvaliteeti.<\/p>\n<p><img decoding=\"async\" src=\"https:\/\/blankpage.ee\/_ruumist-ruumi\/wp-content\/uploads\/2025\/04\/2-466.webp\" alt=\"Petoneer Fresco Pro\/Ultra veedosaatori filtri puhastusetapid: v\u00f5rk, aktiivs\u00fcsi ja ionvahetusvaik filtri l\u00e4bil\u00f5ikes\"><\/p>\n<h3>Nutikas meeldetuletus filtrivahetuseks<\/h3>\n<p>Lemmiklooma vee filter on mugav vahetada t\u00e4nu seadme sisseehitatud teavituss\u00fcsteemile \u2013 Petoneer veedosaator annab teie nutitelefonile m\u00e4rku, kui on aeg filter v\u00e4lja vahetada. Kaugteavituse puudumisel teavitab seadme LED-indikaator, mis muutub punaseks. Vajadusel avage uus asendusfiltrite pakend ja paigaldage filtrid h\u00f5lpsalt ise.<\/p>\n<p><img decoding=\"async\" src=\"https:\/\/blankpage.ee\/_ruumist-ruumi\/wp-content\/uploads\/2025\/04\/3-447.webp\" alt=\"Petoneer Fresco Pro\/Ultra veedosaator LED-tulega, mis annab m\u00e4rku filtri vahetamise vajadusest\"><\/p>\n<p>Lemmiklooma vee filter Petoneer on usaldusv\u00e4\u00e4rne valik igap\u00e4evaseks kasutamiseks, et tagada alati v\u00e4rske ja puhas joogivesi teie lemmikule.<\/p>\n","protected":false},"excerpt":{"rendered":"<p>Lemmiklooma vee filtri asenduskomplekt Petoneer Fresco Pro\/Ultra (3 tk) Kui kasutate Petoneer Fresco Pro v\u00f5i Ultra lemmiklooma veedosaatorit, on oluline vahetada filtrid, pumba filtrid ja vahtdetailid iga 30 p\u00e4eva tagant. Regulaarne hooldus tagab seadme t\u00f5husa t\u00f6\u00f6 ja aitab hoida lemmiklooma joogivee alati v\u00e4rske ning puhtana. Komplekt sisaldab 3 peafiltrit, 3 pumba filtrit ja 3 vahtdetaili, [&hellip;]<\/p>\n","protected":false},"featured_media":173346,"comment_status":"open","ping_status":"open","template":"","meta":[],"product_brand":[3059],"product_cat":[818],"product_tag":[],"class_list":{"0":"post-12133","1":"product","2":"type-product","3":"status-publish","4":"has-post-thumbnail","6":"product_brand-petoneer","7":"product_cat-automaatsed-veedosaatorid-koduloomadele","8":"product_shipping_class-innpro","10":"first","11":"instock","12":"sale","13":"taxable","14":"shipping-taxable","15":"purchasable","16":"product-type-simple"},"_links":{"self":[{"href":"https:\/\/blankpage.ee\/_ruumist-ruumi\/wp-json\/wp\/v2\/product\/12133","targetHints":{"allow":["GET"]}}],"collection":[{"href":"https:\/\/blankpage.ee\/_ruumist-ruumi\/wp-json\/wp\/v2\/product"}],"about":[{"href":"https:\/\/blankpage.ee\/_ruumist-ruumi\/wp-json\/wp\/v2\/types\/product"}],"replies":[{"embeddable":true,"href":"https:\/\/blankpage.ee\/_ruumist-ruumi\/wp-json\/wp\/v2\/comments?post=12133"}],"wp:featuredmedia":[{"embeddable":true,"href":"https:\/\/blankpage.ee\/_ruumist-ruumi\/wp-json\/wp\/v2\/media\/173346"}],"wp:attachment":[{"href":"https:\/\/blankpage.ee\/_ruumist-ruumi\/wp-json\/wp\/v2\/media?parent=12133"}],"wp:term":[{"taxonomy":"product_brand","embeddable":true,"href":"https:\/\/blankpage.ee\/_ruumist-ruumi\/wp-json\/wp\/v2\/product_brand?post=12133"},{"taxonomy":"product_cat","embeddable":true,"href":"https:\/\/blankpage.ee\/_ruumist-ruumi\/wp-json\/wp\/v2\/product_cat?post=12133"},{"taxonomy":"product_tag","embeddable":true,"href":"https:\/\/blankpage.ee\/_ruumist-ruumi\/wp-json\/wp\/v2\/product_tag?post=12133"}],"curies":[{"name":"wp","href":"https:\/\/api.w.org\/{rel}","templated":true}]}}