{"id":12201,"date":"2025-04-19T11:44:14","date_gmt":"2025-04-19T11:44:14","guid":{"rendered":"https:\/\/ruumistruumi.ee\/?post_type=product&#038;p=12201"},"modified":"2025-08-21T08:18:50","modified_gmt":"2025-08-21T08:18:50","slug":"kassi-purskkaevu-filter-catlink-pure-3-vahetusfiltrid-3-tk","status":"publish","type":"product","link":"https:\/\/blankpage.ee\/_ruumist-ruumi\/pood\/kassi-purskkaevu-filter-catlink-pure-3-vahetusfiltrid-3-tk\/","title":{"rendered":"Kassi purskkaevu filter Catlink Pure 3 vahetusfiltrid (3 tk)"},"content":{"rendered":"<h3>Kassi purskkaevu filter Catlink Pure 3 veedosaatorile (3 tk komplektis)<\/h3>\n<p>Kassi purskkaevu filter Catlink Pure 3 jaoks tagab kassile puhta ja v\u00e4rske joogivee igal ajal. Need vahetusfiltrid on spetsiaalselt m\u00f5eldud Catlink Pure 3 joogipurskkaevule, pakkudes kuni 6-astmelist t\u00f5husat veepuhastust, mis eemaldab soovimatud ained ning parandab joogivee maitset.<\/p>\n<p><img decoding=\"async\" src=\"https:\/\/blankpage.ee\/_ruumist-ruumi\/wp-content\/uploads\/2025\/04\/1-507.webp\" alt=\"Kassi purskkaevu filter Catlink Pure 3 jaoks, valge vahetusfilter\" \/><\/p>\n<h3>Mitmekordne veefiltratsioon Catlink Pure 3-le<\/h3>\n<p>Kassi joogipurskkaevu filtri koostis sisaldab j\u00e4rgmisi puhastusastmeid:<\/p>\n<ul>\n<li>V\u00f5rkfilter p\u00fc\u00fcab kinni suuremad mustuseosakesed.<\/li>\n<li>Ioonvahetusvaik eemaldab veest kaltsiumi ja magneesiumi, muutes vee pehmemaks ning aitab kassil rohkem juua.<\/li>\n<li>Katlakivivastane aine aitab \u00e4ra hoida katlakivi teket, s\u00e4ilitades seadme t\u00f6\u00f6kindluse.<\/li>\n<li>KDF-kiht eemaldab kloori, raskemetallid ja anioonid.<\/li>\n<li>Aktiivs\u00f6efilter p\u00fc\u00fcab kinni orgaanilised j\u00e4\u00e4gid ja parendab vee maitset.<\/li>\n<\/ul>\n<p><img decoding=\"async\" src=\"https:\/\/blankpage.ee\/_ruumist-ruumi\/wp-content\/uploads\/2025\/04\/3-482.webp\" alt=\"Catlink Pure 3 vahetusfiltri kihiline ehitus\" \/><\/p>\n<h3>Kvaliteetne, ohutu ja lihtne kasutada<\/h3>\n<p>Filtrid on valmistatud kvaliteetsest toiduainetega kokkupuuteks sobivast ABS-plastikust, mis sobib ka allergikust kassile. Kassi purskkaevu filtri paigaldus on lihtne \u2013 vaheta filter iga 60 p\u00e4eva j\u00e4rel, et tagada pidevalt v\u00e4rske ja h\u00fcgieeniline joogivesi sinu lemmikule.<\/p>\n<p><img decoding=\"async\" src=\"https:\/\/blankpage.ee\/_ruumist-ruumi\/wp-content\/uploads\/2025\/04\/2-500.webp\" alt=\"Kassi purskkaevu filter, ohutu materjal\" \/><br \/>\n<img decoding=\"async\" src=\"https:\/\/blankpage.ee\/_ruumist-ruumi\/wp-content\/uploads\/2025\/04\/5-404.webp\" alt=\"Catlink Pure 3 joogipurskkaevu filtri lihtne paigaldus\" \/><\/p>\n<table>\n<tr>\n<th>Tootja<\/th>\n<td>Catlink<\/td>\n<\/tr>\n<tr>\n<th>Sobilik mudel<\/th>\n<td>Catlink Pure 3 veedosaator<\/td>\n<\/tr>\n<tr>\n<th>M\u00f5\u00f5dud<\/th>\n<td>36 \u00d7 36 \u00d7 88 mm<\/td>\n<\/tr>\n<tr>\n<th>Kaal<\/th>\n<td>30 g<\/td>\n<\/tr>\n<\/table>\n","protected":false},"excerpt":{"rendered":"<p>Kassi purskkaevu filter Catlink Pure 3 veedosaatorile (3 tk komplektis) Kassi purskkaevu filter Catlink Pure 3 jaoks tagab kassile puhta ja v\u00e4rske joogivee igal ajal. Need vahetusfiltrid on spetsiaalselt m\u00f5eldud Catlink Pure 3 joogipurskkaevule, pakkudes kuni 6-astmelist t\u00f5husat veepuhastust, mis eemaldab soovimatud ained ning parandab joogivee maitset. Mitmekordne veefiltratsioon Catlink Pure 3-le Kassi joogipurskkaevu filtri [&hellip;]<\/p>\n","protected":false},"featured_media":173984,"comment_status":"open","ping_status":"open","template":"","meta":[],"product_brand":[3107],"product_cat":[818],"product_tag":[],"class_list":{"0":"post-12201","1":"product","2":"type-product","3":"status-publish","4":"has-post-thumbnail","6":"product_brand-catlink","7":"product_cat-automaatsed-veedosaatorid-koduloomadele","8":"product_shipping_class-innpro","10":"first","11":"instock","12":"sale","13":"taxable","14":"shipping-taxable","15":"purchasable","16":"product-type-simple"},"_links":{"self":[{"href":"https:\/\/blankpage.ee\/_ruumist-ruumi\/wp-json\/wp\/v2\/product\/12201","targetHints":{"allow":["GET"]}}],"collection":[{"href":"https:\/\/blankpage.ee\/_ruumist-ruumi\/wp-json\/wp\/v2\/product"}],"about":[{"href":"https:\/\/blankpage.ee\/_ruumist-ruumi\/wp-json\/wp\/v2\/types\/product"}],"replies":[{"embeddable":true,"href":"https:\/\/blankpage.ee\/_ruumist-ruumi\/wp-json\/wp\/v2\/comments?post=12201"}],"wp:featuredmedia":[{"embeddable":true,"href":"https:\/\/blankpage.ee\/_ruumist-ruumi\/wp-json\/wp\/v2\/media\/173984"}],"wp:attachment":[{"href":"https:\/\/blankpage.ee\/_ruumist-ruumi\/wp-json\/wp\/v2\/media?parent=12201"}],"wp:term":[{"taxonomy":"product_brand","embeddable":true,"href":"https:\/\/blankpage.ee\/_ruumist-ruumi\/wp-json\/wp\/v2\/product_brand?post=12201"},{"taxonomy":"product_cat","embeddable":true,"href":"https:\/\/blankpage.ee\/_ruumist-ruumi\/wp-json\/wp\/v2\/product_cat?post=12201"},{"taxonomy":"product_tag","embeddable":true,"href":"https:\/\/blankpage.ee\/_ruumist-ruumi\/wp-json\/wp\/v2\/product_tag?post=12201"}],"curies":[{"name":"wp","href":"https:\/\/api.w.org\/{rel}","templated":true}]}}