{"id":12222,"date":"2025-04-19T12:05:59","date_gmt":"2025-04-19T12:05:59","guid":{"rendered":"https:\/\/ruumistruumi.ee\/?post_type=product&#038;p=12222"},"modified":"2025-09-29T12:56:58","modified_gmt":"2025-09-29T12:56:58","slug":"veedosaator-rojeco-25l-must-lemmikloomadele","status":"publish","type":"product","link":"https:\/\/blankpage.ee\/_ruumist-ruumi\/pood\/veedosaator-rojeco-25l-must-lemmikloomadele\/","title":{"rendered":"Automaatne lemmiklooma veedosaator Rojeco RYSJ-09, 2,5L, must"},"content":{"rendered":"<h3>Lemmiklooma veedosaator Rojeco 2,5L, must<\/h3>\n<p>Automaatne lemmiklooma veedosaator Rojeco RYSJ-09 tagab sinu kassile v\u00f5i v\u00e4ikesele koerale pideva ligip\u00e4\u00e4su v\u00e4rskele joogiveele. 2,5-liitrine veemahuti t\u00e4hendab, et ei pea vett tihti juurde lisama ning see sobib h\u00e4sti ka mitme lemmiku jaoks. Kahekordne joogikauss v\u00f5imaldab korraga juua kahel lemmikul, seega on see ideaalne lahendus mitme loomaga majapidamisse.<\/p>\n<p><img decoding=\"async\" src=\"https:\/\/blankpage.ee\/_ruumist-ruumi\/wp-content\/uploads\/2025\/04\/5-414.webp\" alt=\"Must automaatne lemmiklooma veedosaator Rojeco, laual, veega t\u00e4idetud, kaks joogutoru \u00fclaosas\" \/><\/p>\n<h3>Mitmekihiline veefilter puhtama vee jaoks<\/h3>\n<p>Lemmiklooma veedosaator on varustatud neljakihilise filtreerimiss\u00fcsteemiga, mis eemaldab t\u00f5husalt karvad, tolmu, k\u00f5\u00f5ma ja muud v\u00e4ikesed lisandid. Filtris\u00fcsteemi kuulub ioonvahetusvaik raskmetallide eemaldamiseks, aktiivs\u00fcsi kookosekoortest l\u00f5hnade neutraliseerimiseks ning tihe filter karvade ja tolmu p\u00fc\u00fcdmiseks. Nii saad olla kindel, et sinu lemmik saab alati v\u00e4rsket ja puhtamat joogivett.<\/p>\n<p><img decoding=\"async\" src=\"https:\/\/blankpage.ee\/_ruumist-ruumi\/wp-content\/uploads\/2025\/04\/3-497.webp\" alt=\"Neljatasandilise filtriga veedosaator lemmikloomale, filtri l\u00e4bil\u00f5ige\" \/><\/p>\n<h3>Vaikne t\u00f6\u00f6 ja lihtne hooldus<\/h3>\n<p>Madala pingega 5V pump tagab kuni 30 dB v\u00e4ga vaikse t\u00f6\u00f6, mis ei h\u00e4iri sind ega lemmikuid. L\u00e4bipaistev veeanum v\u00f5imaldab veetaset h\u00f5lpsasti j\u00e4lgida ning moodulkonstruktsiooniga seadet on kerge puhastada.<\/p>\n<p><img decoding=\"async\" src=\"https:\/\/blankpage.ee\/_ruumist-ruumi\/wp-content\/uploads\/2025\/04\/1-518.webp\" alt=\"Lemmiklooma joogiveeallikas l\u00e4bipaistva kaane, LED veetaseme indikaatori ja p\u00f5leva tulukesega\" \/><\/p>\n<h3>Komplektis:<\/h3>\n<ul>\n<li>2,5L veepaak<\/li>\n<li>Filtrisahtel<\/li>\n<li>Joogialus<\/li>\n<li>Vahetatav filter<\/li>\n<li>Pump<\/li>\n<li>Sisselaske toru<\/li>\n<li>Veekuluotsik<\/li>\n<li>Toiteadapter<\/li>\n<li>Esifiltrisvamm<\/li>\n<li>Veetoru<\/li>\n<\/ul>\n<div class=\"table-wrapper\">\n<table>\n<tbody>\n<tr>\n<th>Tootja<\/th>\n<td>Rojeco<\/td>\n<\/tr>\n<tr>\n<th>Mudel<\/th>\n<td>RYSJ-09<\/td>\n<\/tr>\n<tr>\n<th>Maht<\/th>\n<td>2,5 l<\/td>\n<\/tr>\n<tr>\n<th>Adapter<\/th>\n<td>100\u2013240 V, 50\/60 Hz<\/td>\n<\/tr>\n<tr>\n<th>Adapteri v\u00e4ljund<\/th>\n<td>5 V, 1000 mA<\/td>\n<\/tr>\n<tr>\n<th>Maksimaalne sisendv\u00f5imsus<\/th>\n<td>5 V \/ 1 A<\/td>\n<\/tr>\n<tr>\n<th>Filtrit\u00fc\u00fcp<\/th>\n<td>Vahetatav filter, esifiltrisvamm<\/td>\n<\/tr>\n<tr>\n<th>Materjal<\/th>\n<td>ABS + PC<\/td>\n<\/tr>\n<\/tbody>\n<\/table>\n<\/div>\n","protected":false},"excerpt":{"rendered":"<p>Lemmiklooma veedosaator Rojeco 2,5L, must Automaatne lemmiklooma veedosaator Rojeco RYSJ-09 tagab sinu kassile v\u00f5i v\u00e4ikesele koerale pideva ligip\u00e4\u00e4su v\u00e4rskele joogiveele. 2,5-liitrine veemahuti t\u00e4hendab, et ei pea vett tihti juurde lisama ning see sobib h\u00e4sti ka mitme lemmiku jaoks. Kahekordne joogikauss v\u00f5imaldab korraga juua kahel lemmikul, seega on see ideaalne lahendus mitme loomaga majapidamisse. Mitmekihiline veefilter [&hellip;]<\/p>\n","protected":false},"featured_media":174153,"comment_status":"open","ping_status":"closed","template":"","meta":[],"product_brand":[3113],"product_cat":[818],"product_tag":[],"class_list":{"0":"post-12222","1":"product","2":"type-product","3":"status-publish","4":"has-post-thumbnail","6":"product_brand-rojeco","7":"product_cat-automaatsed-veedosaatorid-koduloomadele","8":"product_shipping_class-innpro","10":"first","11":"instock","12":"sale","13":"taxable","14":"shipping-taxable","15":"purchasable","16":"product-type-simple"},"_links":{"self":[{"href":"https:\/\/blankpage.ee\/_ruumist-ruumi\/wp-json\/wp\/v2\/product\/12222","targetHints":{"allow":["GET"]}}],"collection":[{"href":"https:\/\/blankpage.ee\/_ruumist-ruumi\/wp-json\/wp\/v2\/product"}],"about":[{"href":"https:\/\/blankpage.ee\/_ruumist-ruumi\/wp-json\/wp\/v2\/types\/product"}],"replies":[{"embeddable":true,"href":"https:\/\/blankpage.ee\/_ruumist-ruumi\/wp-json\/wp\/v2\/comments?post=12222"}],"wp:featuredmedia":[{"embeddable":true,"href":"https:\/\/blankpage.ee\/_ruumist-ruumi\/wp-json\/wp\/v2\/media\/174153"}],"wp:attachment":[{"href":"https:\/\/blankpage.ee\/_ruumist-ruumi\/wp-json\/wp\/v2\/media?parent=12222"}],"wp:term":[{"taxonomy":"product_brand","embeddable":true,"href":"https:\/\/blankpage.ee\/_ruumist-ruumi\/wp-json\/wp\/v2\/product_brand?post=12222"},{"taxonomy":"product_cat","embeddable":true,"href":"https:\/\/blankpage.ee\/_ruumist-ruumi\/wp-json\/wp\/v2\/product_cat?post=12222"},{"taxonomy":"product_tag","embeddable":true,"href":"https:\/\/blankpage.ee\/_ruumist-ruumi\/wp-json\/wp\/v2\/product_tag?post=12222"}],"curies":[{"name":"wp","href":"https:\/\/api.w.org\/{rel}","templated":true}]}}