{"id":12239,"date":"2025-04-19T16:52:37","date_gmt":"2025-04-19T16:52:37","guid":{"rendered":"https:\/\/ruumistruumi.ee\/?post_type=product&#038;p=12239"},"modified":"2025-04-22T09:00:58","modified_gmt":"2025-04-22T09:00:58","slug":"veedosaator-cheerble-e1-lemmikoomale","status":"publish","type":"product","link":"https:\/\/blankpage.ee\/_ruumist-ruumi\/pood\/veedosaator-cheerble-e1-lemmikoomale\/","title":{"rendered":"Nutikas juhtmevaba veedosaator lemmikloomadele Cheerble E1+, 2 l, 5000 mAh"},"content":{"rendered":"<h3>Nutikas lemmiklooma veedosaator Cheerble E1+ koertele ja kassidele<\/h3>\n<p>Nutikas lemmiklooma veedosaator Cheerble E1+ tagab sinu koerale v\u00f5i kassile pideva ligip\u00e4\u00e4su v\u00e4rskele ja puhtale joogiveele. 2-liitrine veepaak v\u00f5imaldab veedosaatorit harvem t\u00e4ita ning t\u00f5hus kolmekordne filtratsioon hoiab vee alati puhtana ja ohutuna sinu lemmiku tervise jaoks. See kaasaegne dosaator sobib igasse koju.<\/p>\n<p><img decoding=\"async\" src=\"https:\/\/blankpage.ee\/_ruumist-ruumi\/wp-content\/uploads\/2025\/04\/1-526.webp\" alt=\"Nutikas lemmiklooma veedosaator Cheerble E1+ valge disainiga\"\/><\/p>\n<h3>Juhtmevaba kasutusmugavus<\/h3>\n<p>Seade t\u00f6\u00f6tab 5000 mAh mahutavusega sisseehitatud akul, mis annab vabaduse asetada veedosaator t\u00e4pselt sinna, kuhu soovid \u2013 pole vaja arvestada pistikupesa ega h\u00e4irivaid juhtmeid.<\/p>\n<p><img decoding=\"async\" src=\"https:\/\/blankpage.ee\/_ruumist-ruumi\/wp-content\/uploads\/2025\/04\/5-421.webp\" alt=\"Juhtmevaba nutikas veedosaator lemmikloomadele\"\/><\/p>\n<h3>Kaks re\u017eiimi \u2013 automaatne ja taimeriga<\/h3>\n<p>Cheerble E1+ nutikal veedosaatoril saab valida kahe t\u00f6\u00f6re\u017eiimi vahel. Nutire\u017eiim k\u00e4ivitab vee voolamise automaatselt, kui lemmikloom l\u00e4heneb (PIR-anduri abil). Taimerre\u017eiimil v\u00e4ljastab seade vett kindla intervalliga iga 15 minuti j\u00e4rel, 20 sekundi jooksul.<\/p>\n<p><img decoding=\"async\" src=\"https:\/\/blankpage.ee\/_ruumist-ruumi\/wp-content\/uploads\/2025\/04\/6-369.webp\" alt=\"Cheerble E1+ veedosaatori re\u017eiimide juhtimine\"\/><\/p>\n<h3>Kolmekordne filtratsioon tagab puhta vee<\/h3>\n<p>Lemmiku tervis on esikohal \u2013 veedosaatoris kasutatakse kolmeastmelist filtreerimiss\u00fcsteemi (mehaaniline, keemiline ning aktiivs\u00f6efilter), mis eemaldab t\u00f5husalt setted ja ebameeldivad l\u00f5hnad. Filtri vahetuse meeldetuletus hoiab vee alati v\u00e4rske.<\/p>\n<p><img decoding=\"async\" src=\"https:\/\/blankpage.ee\/_ruumist-ruumi\/wp-content\/uploads\/2025\/04\/7-341.webp\" alt=\"Veedosaatori filtri detailvaade Cheerble E1+ mudelil\"\/><\/p>\n<h3>Suur mahutavus ja mugav j\u00e4lgimine<\/h3>\n<p>2-liitrine veepaak tagab lihtsa ja muretu kasutamise pikemaks ajaks \u2013 tihti vee lisamine pole vajalik. K\u00fcljele m\u00e4rgitud m\u00f5\u00f5teskaala v\u00f5imaldab veetaset mugavalt j\u00e4lgida.<\/p>\n<p><img decoding=\"async\" src=\"https:\/\/blankpage.ee\/_ruumist-ruumi\/wp-content\/uploads\/2025\/04\/3-507.webp\" alt=\"Veedosaatori veemahuti m\u00f5\u00f5teskaalaga Cheerble E1+\"\/><\/p>\n<h3>MagDrive\u2122 tehnoloogia\u2013 vaikne ja vastupidav<\/h3>\n<p>MagDrive\u2122 s\u00fcsteem v\u00f5imaldab pumbal t\u00f6\u00f6tada ilma, et ta oleks kogu aeg vees. Seet\u00f5ttu on nutikas lemmiklooma veedosaator vaiksem, kergemini puhastatav ja t\u00f6\u00f6kindlam.<\/p>\n<p><img decoding=\"async\" src=\"https:\/\/blankpage.ee\/_ruumist-ruumi\/wp-content\/uploads\/2025\/04\/4-486.webp\" alt=\"Cheerble E1+ MagDrive tehnoloogia skeem\"\/><\/p>\n<h3>Vastupidav disain ja turvalised materjalid<\/h3>\n<p>Nutikas lemmiklooma veedosaator on valmistatud roostevabast terasest, ABS-plastikust ja SAN-komponentidest. K\u00f5ik osad on kergesti lahtiv\u00f5etavad ja puhastatavad. Kaasasolev laadimiskaabel on n\u00e4rimiskindel.<\/p>\n<p><img decoding=\"async\" src=\"https:\/\/blankpage.ee\/_ruumist-ruumi\/wp-content\/uploads\/2025\/04\/2-518.webp\" alt=\"Cheerble E1+ veedosaatori modulaarsed osad ja materjalid\"\/><\/p>\n<div class=\"table-wrapper\">\n<table>\n<tbody>\n<tr>\n<th>Tootja<\/th>\n<td>Cheerble<\/td>\n<\/tr>\n<tr>\n<th>Mudel<\/th>\n<td>CDY02<\/td>\n<\/tr>\n<tr>\n<th>Mahutavus<\/th>\n<td>2 l<\/td>\n<\/tr>\n<tr>\n<th>Akumaht<\/th>\n<td>5000 mAh<\/td>\n<\/tr>\n<tr>\n<th>Toitepinge<\/th>\n<td>5 V \u2013 1 A<\/td>\n<\/tr>\n<tr>\n<th>T\u00f6\u00f6temperatuur<\/th>\n<td>5 \u00b0C \u2013 40 \u00b0C<\/td>\n<\/tr>\n<tr>\n<th>Materjal<\/th>\n<td>ABS, roostevaba teras, SAN<\/td>\n<\/tr>\n<tr>\n<th>M\u00f5\u00f5tmed<\/th>\n<td>222 \u00d7 204 \u00d7 190 mm<\/td>\n<\/tr>\n<tr>\n<th>Kaal<\/th>\n<td>1 kg<\/td>\n<\/tr>\n<\/tbody>\n<\/table>\n<\/div>\n<p>Nutikas lemmiklooma veedosaator Cheerble E1+ on ohutu, mugav ning pakub sinu lemmikule alati v\u00e4rsket joogivett.<\/p>\n","protected":false},"excerpt":{"rendered":"<p>Nutikas lemmiklooma veedosaator Cheerble E1+ koertele ja kassidele Nutikas lemmiklooma veedosaator Cheerble E1+ tagab sinu koerale v\u00f5i kassile pideva ligip\u00e4\u00e4su v\u00e4rskele ja puhtale joogiveele. 2-liitrine veepaak v\u00f5imaldab veedosaatorit harvem t\u00e4ita ning t\u00f5hus kolmekordne filtratsioon hoiab vee alati puhtana ja ohutuna sinu lemmiku tervise jaoks. See kaasaegne dosaator sobib igasse koju. Juhtmevaba kasutusmugavus Seade t\u00f6\u00f6tab 5000 [&hellip;]<\/p>\n","protected":false},"featured_media":174281,"comment_status":"open","ping_status":"open","template":"","meta":[],"product_brand":[3108],"product_cat":[818],"product_tag":[],"class_list":{"0":"post-12239","1":"product","2":"type-product","3":"status-publish","4":"has-post-thumbnail","6":"product_brand-cheerble","7":"product_cat-automaatsed-veedosaatorid-koduloomadele","8":"product_shipping_class-innpro","10":"first","11":"outofstock","12":"taxable","13":"shipping-taxable","14":"purchasable","15":"product-type-simple"},"_links":{"self":[{"href":"https:\/\/blankpage.ee\/_ruumist-ruumi\/wp-json\/wp\/v2\/product\/12239","targetHints":{"allow":["GET"]}}],"collection":[{"href":"https:\/\/blankpage.ee\/_ruumist-ruumi\/wp-json\/wp\/v2\/product"}],"about":[{"href":"https:\/\/blankpage.ee\/_ruumist-ruumi\/wp-json\/wp\/v2\/types\/product"}],"replies":[{"embeddable":true,"href":"https:\/\/blankpage.ee\/_ruumist-ruumi\/wp-json\/wp\/v2\/comments?post=12239"}],"wp:featuredmedia":[{"embeddable":true,"href":"https:\/\/blankpage.ee\/_ruumist-ruumi\/wp-json\/wp\/v2\/media\/174281"}],"wp:attachment":[{"href":"https:\/\/blankpage.ee\/_ruumist-ruumi\/wp-json\/wp\/v2\/media?parent=12239"}],"wp:term":[{"taxonomy":"product_brand","embeddable":true,"href":"https:\/\/blankpage.ee\/_ruumist-ruumi\/wp-json\/wp\/v2\/product_brand?post=12239"},{"taxonomy":"product_cat","embeddable":true,"href":"https:\/\/blankpage.ee\/_ruumist-ruumi\/wp-json\/wp\/v2\/product_cat?post=12239"},{"taxonomy":"product_tag","embeddable":true,"href":"https:\/\/blankpage.ee\/_ruumist-ruumi\/wp-json\/wp\/v2\/product_tag?post=12239"}],"curies":[{"name":"wp","href":"https:\/\/api.w.org\/{rel}","templated":true}]}}