{"id":12246,"date":"2025-04-19T16:52:37","date_gmt":"2025-04-19T16:52:37","guid":{"rendered":"https:\/\/ruumistruumi.ee\/?post_type=product&#038;p=12246"},"modified":"2025-08-20T10:56:21","modified_gmt":"2025-08-20T10:56:21","slug":"asendusfiltrid-rojeco-25l-8-tk","status":"publish","type":"product","link":"https:\/\/blankpage.ee\/_ruumist-ruumi\/pood\/asendusfiltrid-rojeco-25l-8-tk\/","title":{"rendered":"Rojeco lemmiklooma joogipurskkaevu filtrid RYSJPJSM-LX8 (8 tk komplekt)"},"content":{"rendered":"<h3>Veepurskkaevu filtrid Rojeco RYSJPJSM-LX8 \u2013 8 tk komplekt<\/h3>\n<p>Veepurskkaevu filtrid aitavad hoida sinu lemmiku joogivee alati v\u00e4rske ja puhtana. Need kvaliteetsed filtrid eemaldavad t\u00f5husalt veest raskemetallid, saasteained, karvad, tolmu ning ka suuremad osakesed. Veepurskkaevu filtrite kasutamisel v\u00f5id olla kindel, et sinu lemmikloom saab juua puhast ja tervislikku vett iga p\u00e4ev.<\/p>\n<p>Rojeco joogipurskkaevu filtrikomplekt koosneb aktiivs\u00f6e- ja ioonvahetusvaiguga filtrist ning mugavast svamfilterist. Aktiivs\u00fcsi neutraliseerib veest ohtlikud ained, samas kui svamfilter p\u00fc\u00fcab kinni karvad ja muud suuremad mustuseosakesed. Enne esmakordset kasutamist loputa veepurskkaevu filtrid puhta veega. Parima tulemuse saavutamiseks vaheta filtrid iga 2\u20134 n\u00e4dala j\u00e4rel, et tagada pidevalt maksimaalne filtreerimisv\u00f5ime. Filtrite paigaldamine on lihtne ega vaja erioskusi, mist\u00f5ttu sobivad need k\u00f5ikidele veepurskkaevu kasutajatele.<\/p>\n<p>\n  <img decoding=\"async\" src=\"https:\/\/blankpage.ee\/_ruumist-ruumi\/wp-content\/uploads\/2025\/04\/1-527.webp\" alt=\"Rojeco veepurskkaevu filtrid pakendis 8 tk\" \/>\n<\/p>\n<h3>Veepuhastusfiltrite tehnilised andmed<\/h3>\n<table>\n<tr>\n<th>Tootja<\/th>\n<td>Rojeco<\/td>\n<\/tr>\n<tr>\n<th>Mudel<\/th>\n<td>RYSJPJSM-LX8<\/td>\n<\/tr>\n<tr>\n<th>Aktiivs\u00f6efiltri m\u00f5\u00f5dud<\/th>\n<td>7 \u00d7 12,3 cm<\/td>\n<\/tr>\n<tr>\n<th>Svamfiltri m\u00f5\u00f5dud<\/th>\n<td>3 \u00d7 3,5 \u00d7 1 cm<\/td>\n<\/tr>\n<tr>\n<th>Komplektis<\/th>\n<td>8 filtrit<\/td>\n<\/tr>\n<\/table>\n","protected":false},"excerpt":{"rendered":"<p>Veepurskkaevu filtrid Rojeco RYSJPJSM-LX8 \u2013 8 tk komplekt Veepurskkaevu filtrid aitavad hoida sinu lemmiku joogivee alati v\u00e4rske ja puhtana. Need kvaliteetsed filtrid eemaldavad t\u00f5husalt veest raskemetallid, saasteained, karvad, tolmu ning ka suuremad osakesed. Veepurskkaevu filtrite kasutamisel v\u00f5id olla kindel, et sinu lemmikloom saab juua puhast ja tervislikku vett iga p\u00e4ev. Rojeco joogipurskkaevu filtrikomplekt koosneb aktiivs\u00f6e- [&hellip;]<\/p>\n","protected":false},"featured_media":174295,"comment_status":"open","ping_status":"open","template":"","meta":[],"product_brand":[3113],"product_cat":[818],"product_tag":[],"class_list":{"0":"post-12246","1":"product","2":"type-product","3":"status-publish","4":"has-post-thumbnail","6":"product_brand-rojeco","7":"product_cat-automaatsed-veedosaatorid-koduloomadele","8":"product_shipping_class-innpro","10":"first","11":"instock","12":"sale","13":"taxable","14":"shipping-taxable","15":"purchasable","16":"product-type-simple"},"_links":{"self":[{"href":"https:\/\/blankpage.ee\/_ruumist-ruumi\/wp-json\/wp\/v2\/product\/12246","targetHints":{"allow":["GET"]}}],"collection":[{"href":"https:\/\/blankpage.ee\/_ruumist-ruumi\/wp-json\/wp\/v2\/product"}],"about":[{"href":"https:\/\/blankpage.ee\/_ruumist-ruumi\/wp-json\/wp\/v2\/types\/product"}],"replies":[{"embeddable":true,"href":"https:\/\/blankpage.ee\/_ruumist-ruumi\/wp-json\/wp\/v2\/comments?post=12246"}],"wp:featuredmedia":[{"embeddable":true,"href":"https:\/\/blankpage.ee\/_ruumist-ruumi\/wp-json\/wp\/v2\/media\/174295"}],"wp:attachment":[{"href":"https:\/\/blankpage.ee\/_ruumist-ruumi\/wp-json\/wp\/v2\/media?parent=12246"}],"wp:term":[{"taxonomy":"product_brand","embeddable":true,"href":"https:\/\/blankpage.ee\/_ruumist-ruumi\/wp-json\/wp\/v2\/product_brand?post=12246"},{"taxonomy":"product_cat","embeddable":true,"href":"https:\/\/blankpage.ee\/_ruumist-ruumi\/wp-json\/wp\/v2\/product_cat?post=12246"},{"taxonomy":"product_tag","embeddable":true,"href":"https:\/\/blankpage.ee\/_ruumist-ruumi\/wp-json\/wp\/v2\/product_tag?post=12246"}],"curies":[{"name":"wp","href":"https:\/\/api.w.org\/{rel}","templated":true}]}}