{"id":12249,"date":"2025-04-19T16:52:37","date_gmt":"2025-04-19T16:52:37","guid":{"rendered":"https:\/\/ruumistruumi.ee\/?post_type=product&#038;p=12249"},"modified":"2025-08-21T08:18:47","modified_gmt":"2025-08-21T08:18:47","slug":"asendusfiltrid-rojeco-32l","status":"publish","type":"product","link":"https:\/\/blankpage.ee\/_ruumist-ruumi\/pood\/asendusfiltrid-rojeco-32l\/","title":{"rendered":"Lemmiklooma veefiltrid Rojeco RYSJPJ-A-17 (10 tk, 2in1, 3,2 l)"},"content":{"rendered":"<h3>Lemmiklooma veefiltrid Rojeco 2in1 joogipurskkaevule ja s\u00f6\u00f6gin\u00f5ule (3,2 l)<\/h3>\n<p>Lemmiklooma veefiltrid on loodud spetsiaalselt Rojeco 2in1 roostevabast terasest joogipurskkaevule ja s\u00f6\u00f6gin\u00f5ule (mudel RYSJ-17). Regulaarne filtrite vahetamine hoiab sinu lemmiklooma vee alati puhta ja v\u00e4rskena.<\/p>\n<p>Komplekt sisaldab 10 t\u00f5husat filtrit, mis koosnevad mitmekihilisest mittekootud kangast, kvaliteetsest vahetusvaigust ning looduslikust kookosp\u00e4hkli kestast valmistatud aktiivs\u00f6est. Need materjalid aitavad eemaldada mustuse, karvad, peened osakesed ja muud soovimatud ained, parandades joogivee kvaliteeti. Enne filtri esmast kasutamist soovitame see vees l\u00e4bi leotada.<\/p>\n<p><img decoding=\"async\" src=\"https:\/\/blankpage.ee\/_ruumist-ruumi\/wp-content\/uploads\/2025\/04\/4-489.webp\" alt=\"Lemmiklooma veefiltrid Rojeco joogipurskkaevule ja s\u00f6\u00f6gin\u00f5ule\" \/><\/p>\n<h3>Komplektis on:<\/h3>\n<ul>\n<li>10 x filter<\/li>\n<\/ul>\n<table>\n<tbody>\n<tr>\n<th>Tootja<\/th>\n<td>Rojeco<\/td>\n<\/tr>\n<tr>\n<th>Mudel<\/th>\n<td>RYSJPJ-A-17<\/td>\n<\/tr>\n<tr>\n<th>\u00dchilduvus<\/th>\n<td>Rojeco 2in1 joogipurskkaev ja s\u00f6\u00f6gin\u00f5u (RYSJ-17)<\/td>\n<\/tr>\n<tr>\n<th>M\u00f5\u00f5dud<\/th>\n<td>4 x 6,7 cm<\/td>\n<\/tr>\n<\/tbody>\n<\/table>\n<p>Lemmiklooma veefiltrid aitavad hoida sinu lemmiku joogivee alati v\u00e4rskena ja kvaliteetsena.<\/p>\n","protected":false},"excerpt":{"rendered":"<p>Lemmiklooma veefiltrid Rojeco 2in1 joogipurskkaevule ja s\u00f6\u00f6gin\u00f5ule (3,2 l) Lemmiklooma veefiltrid on loodud spetsiaalselt Rojeco 2in1 roostevabast terasest joogipurskkaevule ja s\u00f6\u00f6gin\u00f5ule (mudel RYSJ-17). Regulaarne filtrite vahetamine hoiab sinu lemmiklooma vee alati puhta ja v\u00e4rskena. Komplekt sisaldab 10 t\u00f5husat filtrit, mis koosnevad mitmekihilisest mittekootud kangast, kvaliteetsest vahetusvaigust ning looduslikust kookosp\u00e4hkli kestast valmistatud aktiivs\u00f6est. Need materjalid aitavad [&hellip;]<\/p>\n","protected":false},"featured_media":174298,"comment_status":"open","ping_status":"closed","template":"","meta":[],"product_brand":[3113],"product_cat":[818],"product_tag":[],"class_list":{"0":"post-12249","1":"product","2":"type-product","3":"status-publish","4":"has-post-thumbnail","6":"product_brand-rojeco","7":"product_cat-automaatsed-veedosaatorid-koduloomadele","8":"product_shipping_class-innpro","10":"first","11":"instock","12":"sale","13":"taxable","14":"shipping-taxable","15":"purchasable","16":"product-type-simple"},"_links":{"self":[{"href":"https:\/\/blankpage.ee\/_ruumist-ruumi\/wp-json\/wp\/v2\/product\/12249","targetHints":{"allow":["GET"]}}],"collection":[{"href":"https:\/\/blankpage.ee\/_ruumist-ruumi\/wp-json\/wp\/v2\/product"}],"about":[{"href":"https:\/\/blankpage.ee\/_ruumist-ruumi\/wp-json\/wp\/v2\/types\/product"}],"replies":[{"embeddable":true,"href":"https:\/\/blankpage.ee\/_ruumist-ruumi\/wp-json\/wp\/v2\/comments?post=12249"}],"wp:featuredmedia":[{"embeddable":true,"href":"https:\/\/blankpage.ee\/_ruumist-ruumi\/wp-json\/wp\/v2\/media\/174298"}],"wp:attachment":[{"href":"https:\/\/blankpage.ee\/_ruumist-ruumi\/wp-json\/wp\/v2\/media?parent=12249"}],"wp:term":[{"taxonomy":"product_brand","embeddable":true,"href":"https:\/\/blankpage.ee\/_ruumist-ruumi\/wp-json\/wp\/v2\/product_brand?post=12249"},{"taxonomy":"product_cat","embeddable":true,"href":"https:\/\/blankpage.ee\/_ruumist-ruumi\/wp-json\/wp\/v2\/product_cat?post=12249"},{"taxonomy":"product_tag","embeddable":true,"href":"https:\/\/blankpage.ee\/_ruumist-ruumi\/wp-json\/wp\/v2\/product_tag?post=12249"}],"curies":[{"name":"wp","href":"https:\/\/api.w.org\/{rel}","templated":true}]}}