{"id":12272,"date":"2025-04-19T18:40:05","date_gmt":"2025-04-19T18:40:05","guid":{"rendered":"https:\/\/ruumistruumi.ee\/?post_type=product&#038;p=12272"},"modified":"2025-06-20T20:33:13","modified_gmt":"2025-06-20T20:33:13","slug":"veedosaator-petwant-pws-105b-32l-lemmikloomale","status":"publish","type":"product","link":"https:\/\/blankpage.ee\/_ruumist-ruumi\/pood\/veedosaator-petwant-pws-105b-32l-lemmikloomale\/","title":{"rendered":"Lemmiklooma veepurskkaev Petwant PWS-105B, 3,2 l, roostevabast terasest"},"content":{"rendered":"<h3>Lemmiklooma veepurskkaev Petwant PWS-105B roostevabast terasest, 3,2 l<\/h3>\n<p>Lemmiklooma veepurskkaev Petwant PWS-105B pakub sinu koerale v\u00f5i kassile pidevat ligip\u00e4\u00e4su v\u00e4rskele joogiveele. Seade on valmistatud kvaliteetsest 304 roostevabast terasest, mis on vastupidav, korrosioonikindel ja lihtsasti puhastatav. 3,2-liitrine mahutavus sobib suurep\u00e4raselt nii v\u00e4iksematele kui ka suurematele lemmikloomadele, aidates hoida vee alati v\u00e4rske ka siis, kui sind kodus pole.<\/p>\n<p><img decoding=\"async\" src=\"https:\/\/blankpage.ee\/_ruumist-ruumi\/wp-content\/uploads\/2025\/04\/1-548.webp\" alt=\"H\u00f5bedane roostevabast terasest lemmiklooma veepurskkaev voolava joogiveega\" \/><\/p>\n<h3>Vaikne t\u00f6\u00f6 \u2013 ideaalne tundlikele lemmikloomadele<\/h3>\n<p>Joogipurskkaev t\u00f6\u00f6tab eriti vaikselt (alla 30 dB), mist\u00f5ttu see ei sega igap\u00e4evaelu ega tekita stressi m\u00fcratundlikele loomadele.<\/p>\n<p><img decoding=\"async\" src=\"https:\/\/blankpage.ee\/_ruumist-ruumi\/wp-content\/uploads\/2025\/04\/2-542.webp\" alt=\"Automaatne vaikne joogipurskkaev koertele ja kassidele\" \/><\/p>\n<h3>Kvaliteetne ja h\u00fcgieeniline materjal<\/h3>\n<p>Kogu konstruktsioon on valmistatud 304 roostevabast terasest, mis on v\u00e4ga vastupidav ning lihtsasti hooldatav. Nii on looma vesi alati h\u00fcgieeniline.<\/p>\n<p><img decoding=\"async\" src=\"https:\/\/blankpage.ee\/_ruumist-ruumi\/wp-content\/uploads\/2025\/04\/6-386.webp\" alt=\"Lemmiklooma joogipurskkaev puhastatavast roostevabast terasest\" \/><\/p>\n<h3>Mahukas 3,2-liitrine veepaak<\/h3>\n<p>Suur veemahuti v\u00f5imaldab kasutada veepurskkaevu ka mitmele loomale. Integreeritud veetaseme aken aitab kergesti j\u00e4lgida, kui palju vett veel alles on.<\/p>\n<p><img decoding=\"async\" src=\"https:\/\/blankpage.ee\/_ruumist-ruumi\/wp-content\/uploads\/2025\/04\/7-356.webp\" alt=\"Mitme looma joogipurskkaev, millel veetaseme kontrollaken\" \/><\/p>\n<h3>Loomulikult voolav vesi \u2013 innustab jooma<\/h3>\n<p>Voolav vesi meelitab sinu looma rohkem jooma ja aitab tagada vee pideva hapnikuga rikastumise, et sinu lemmik p\u00fcsiks h\u00e4sti h\u00fcdreeritud.<\/p>\n<p><img decoding=\"async\" src=\"https:\/\/blankpage.ee\/_ruumist-ruumi\/wp-content\/uploads\/2025\/04\/3-528.webp\" alt=\"Automaatne joogipurskkaev voolava veega lemmikloomadele\" \/><\/p>\n<h3>Mitmekordne filtreerimine tagab puhta vee<\/h3>\n<p>Petwant veepurskkaev sisaldab mitmetasandilist filtrit, mis p\u00fc\u00fcab kinni mustuse, karvad ja ebameeldivad l\u00f5hnad, pakkudes loomale alati puhast vett.<\/p>\n<p><img decoding=\"async\" src=\"https:\/\/blankpage.ee\/_ruumist-ruumi\/wp-content\/uploads\/2025\/04\/5-439.webp\" alt=\"Lemmiklooma joogipurskkaevu veefiltri detailpilt\" \/><\/p>\n<div class=\"table-wrapper\">\n<table>\n<tbody>\n<tr>\n<th>Tootja<\/th>\n<td>Petwant<\/td>\n<\/tr>\n<tr>\n<th>Mudel<\/th>\n<td>PWS-105B<\/td>\n<\/tr>\n<tr>\n<th>V\u00e4rvus<\/th>\n<td>H\u00f5bedane<\/td>\n<\/tr>\n<tr>\n<th>Maht<\/th>\n<td>3,2 l<\/td>\n<\/tr>\n<tr>\n<th>M\u00fcratase<\/th>\n<td>\u2264 30 dB<\/td>\n<\/tr>\n<tr>\n<th>Materjal<\/th>\n<td>304 roostevaba teras<\/td>\n<\/tr>\n<\/tbody>\n<\/table>\n<\/div>\n","protected":false},"excerpt":{"rendered":"<p>Lemmiklooma veepurskkaev Petwant PWS-105B roostevabast terasest, 3,2 l Lemmiklooma veepurskkaev Petwant PWS-105B pakub sinu koerale v\u00f5i kassile pidevat ligip\u00e4\u00e4su v\u00e4rskele joogiveele. Seade on valmistatud kvaliteetsest 304 roostevabast terasest, mis on vastupidav, korrosioonikindel ja lihtsasti puhastatav. 3,2-liitrine mahutavus sobib suurep\u00e4raselt nii v\u00e4iksematele kui ka suurematele lemmikloomadele, aidates hoida vee alati v\u00e4rske ka siis, kui sind kodus [&hellip;]<\/p>\n","protected":false},"featured_media":174508,"comment_status":"open","ping_status":"open","template":"","meta":[],"product_brand":[3104],"product_cat":[818],"product_tag":[],"class_list":{"0":"post-12272","1":"product","2":"type-product","3":"status-publish","4":"has-post-thumbnail","6":"product_brand-petwant","7":"product_cat-automaatsed-veedosaatorid-koduloomadele","8":"product_shipping_class-innpro","10":"first","11":"outofstock","12":"sale","13":"taxable","14":"shipping-taxable","15":"purchasable","16":"product-type-simple"},"_links":{"self":[{"href":"https:\/\/blankpage.ee\/_ruumist-ruumi\/wp-json\/wp\/v2\/product\/12272","targetHints":{"allow":["GET"]}}],"collection":[{"href":"https:\/\/blankpage.ee\/_ruumist-ruumi\/wp-json\/wp\/v2\/product"}],"about":[{"href":"https:\/\/blankpage.ee\/_ruumist-ruumi\/wp-json\/wp\/v2\/types\/product"}],"replies":[{"embeddable":true,"href":"https:\/\/blankpage.ee\/_ruumist-ruumi\/wp-json\/wp\/v2\/comments?post=12272"}],"wp:featuredmedia":[{"embeddable":true,"href":"https:\/\/blankpage.ee\/_ruumist-ruumi\/wp-json\/wp\/v2\/media\/174508"}],"wp:attachment":[{"href":"https:\/\/blankpage.ee\/_ruumist-ruumi\/wp-json\/wp\/v2\/media?parent=12272"}],"wp:term":[{"taxonomy":"product_brand","embeddable":true,"href":"https:\/\/blankpage.ee\/_ruumist-ruumi\/wp-json\/wp\/v2\/product_brand?post=12272"},{"taxonomy":"product_cat","embeddable":true,"href":"https:\/\/blankpage.ee\/_ruumist-ruumi\/wp-json\/wp\/v2\/product_cat?post=12272"},{"taxonomy":"product_tag","embeddable":true,"href":"https:\/\/blankpage.ee\/_ruumist-ruumi\/wp-json\/wp\/v2\/product_tag?post=12272"}],"curies":[{"name":"wp","href":"https:\/\/api.w.org\/{rel}","templated":true}]}}