{"id":12274,"date":"2025-04-19T18:40:05","date_gmt":"2025-04-19T18:40:05","guid":{"rendered":"https:\/\/ruumistruumi.ee\/?post_type=product&#038;p=12274"},"modified":"2025-04-22T09:00:53","modified_gmt":"2025-04-22T09:00:53","slug":"veedosaator-roostevaba-terasest-petwant-pws-141b-32l-lemmikloomale","status":"publish","type":"product","link":"https:\/\/blankpage.ee\/_ruumist-ruumi\/pood\/veedosaator-roostevaba-terasest-petwant-pws-141b-32l-lemmikloomale\/","title":{"rendered":"Roostevabast terasest lemmiklooma joogipurskkaev Petwant PWS-141B, 3,2 l"},"content":{"rendered":"<h3>Lemmiklooma joogipurskkaev Petwant PWS-141B, 3,2 l<\/h3>\n<p>Roostevabast terasest lemmiklooma joogipurskkaev Petwant PWS-141B tagab sinu lemmikule pideva ligip\u00e4\u00e4su v\u00e4rskele ja puhtale joogiveele. Kogu aeg liikuv vesi muudab joogipurskkaevu kassidele ning koertele p\u00f5nevaks ning ergutab neid rohkem jooma. Mahukas 3,2-liitrine anum sobib suurep\u00e4raselt v\u00e4iksematele koertele ja kassidele \u2013 joogipurskkaevust piisab kassile kuni kaheks n\u00e4dalaks ning v\u00e4iksemale koerale umbes n\u00e4dalaks, seega ei pea kodust eemal olles muretsema, et loom v\u00f5iks vett puudu j\u00e4\u00e4da.<\/p>\n<p><img decoding=\"async\" src=\"https:\/\/blankpage.ee\/_ruumist-ruumi\/wp-content\/uploads\/2025\/04\/4-511.webp\" alt=\"Roostevabast terasest lemmiklooma joogipurskkaev Petwant PWS-141B\"\/><\/p>\n<h3>Suur mahutavus ja mugav veetaseme j\u00e4lgimine<\/h3>\n<p>Purskkaevul on praktiline indikaatoraken, mille kaudu saad veetaset kiirelt kontrollida. Vaid \u00fcks pilk aknale ning tead t\u00e4pselt, millal on vaja vett juurde lisada.<\/p>\n<p><img decoding=\"async\" src=\"https:\/\/blankpage.ee\/_ruumist-ruumi\/wp-content\/uploads\/2025\/04\/2-543.webp\" alt=\"Veetaseme indikaatoriga joogikauss kassile ja koerale\"\/><\/p>\n<h3>V\u00e4ga vaikne t\u00f6\u00f6 \u2013 rahulik kodu\u00f5hkkond<\/h3>\n<p>Sisseehitatud pump t\u00f6\u00f6tab eriti vaikselt (u 20 dB), ei h\u00e4iri \u00fcmbritsevat ja ei p\u00f5hjusta loomale stressi.<\/p>\n<p><img decoding=\"async\" src=\"https:\/\/blankpage.ee\/_ruumist-ruumi\/wp-content\/uploads\/2025\/04\/3-529.webp\" alt=\"Eriti vaikse pumbaga lemmiklooma joogipurskkaev\"\/><\/p>\n<h3>Kvaliteetne 304 roostevaba teras \u2013 vastupidav ja h\u00fcgieeniline<\/h3>\n<p>Lemmiklooma joogipurskkaev on valmistatud tugevast 304 roostevabast terasest, mis on korrosioonikindel ja v\u00e4ga vastupidav. Sellest materjalist pinnad on h\u00f5lpsasti puhastatavad ja aitavad alati tagada k\u00f5rge h\u00fcgieenitaseme.<\/p>\n<p><img decoding=\"async\" src=\"https:\/\/blankpage.ee\/_ruumist-ruumi\/wp-content\/uploads\/2025\/04\/1-549.webp\" alt=\"Joogipurskkaev loomadele vastupidavast roostevabast terasest\"\/><\/p>\n<h3>Pidev vee liikumine hoiab vee v\u00e4rske<\/h3>\n<p>Lakkamatu veeringlus rikastab vett hapnikuga ning hoiab vee v\u00e4rske pikema aja jooksul. Lisaks p\u00fc\u00fcab liikuva vee efekt looma t\u00e4helepanu ja motiveerib jooma, tagades piisava veetarbimise sinu lemmikule.<\/p>\n<p><img decoding=\"async\" src=\"https:\/\/blankpage.ee\/_ruumist-ruumi\/wp-content\/uploads\/2025\/04\/5-440.webp\" alt=\"Pidevalt liikuv vesi Petwant joogipurskkaevis\"\/><\/p>\n<h3>Tehnilised andmed<\/h3>\n<table>\n<tr>\n<th>Tootja<\/th>\n<td>Petwant<\/td>\n<\/tr>\n<tr>\n<th>Mudel<\/th>\n<td>PWS-141B<\/td>\n<\/tr>\n<tr>\n<th>V\u00e4rv<\/th>\n<td>H\u00f5bedane<\/td>\n<\/tr>\n<tr>\n<th>Mahutavus<\/th>\n<td>3,2 l<\/td>\n<\/tr>\n<tr>\n<th>M\u00fcra tase<\/th>\n<td>ca 20 dB<\/td>\n<\/tr>\n<tr>\n<th>Pumba v\u00f5imsus<\/th>\n<td>ca 1,5 W<\/td>\n<\/tr>\n<tr>\n<th>Materjal<\/th>\n<td>304 roostevaba teras<\/td>\n<\/tr>\n<\/table>\n","protected":false},"excerpt":{"rendered":"<p>Lemmiklooma joogipurskkaev Petwant PWS-141B, 3,2 l Roostevabast terasest lemmiklooma joogipurskkaev Petwant PWS-141B tagab sinu lemmikule pideva ligip\u00e4\u00e4su v\u00e4rskele ja puhtale joogiveele. Kogu aeg liikuv vesi muudab joogipurskkaevu kassidele ning koertele p\u00f5nevaks ning ergutab neid rohkem jooma. Mahukas 3,2-liitrine anum sobib suurep\u00e4raselt v\u00e4iksematele koertele ja kassidele \u2013 joogipurskkaevust piisab kassile kuni kaheks n\u00e4dalaks ning v\u00e4iksemale koerale [&hellip;]<\/p>\n","protected":false},"featured_media":174514,"comment_status":"open","ping_status":"open","template":"","meta":[],"product_brand":[3104],"product_cat":[818],"product_tag":[],"class_list":{"0":"post-12274","1":"product","2":"type-product","3":"status-publish","4":"has-post-thumbnail","6":"product_brand-petwant","7":"product_cat-automaatsed-veedosaatorid-koduloomadele","8":"product_shipping_class-innpro","10":"first","11":"outofstock","12":"taxable","13":"shipping-taxable","14":"purchasable","15":"product-type-simple"},"_links":{"self":[{"href":"https:\/\/blankpage.ee\/_ruumist-ruumi\/wp-json\/wp\/v2\/product\/12274","targetHints":{"allow":["GET"]}}],"collection":[{"href":"https:\/\/blankpage.ee\/_ruumist-ruumi\/wp-json\/wp\/v2\/product"}],"about":[{"href":"https:\/\/blankpage.ee\/_ruumist-ruumi\/wp-json\/wp\/v2\/types\/product"}],"replies":[{"embeddable":true,"href":"https:\/\/blankpage.ee\/_ruumist-ruumi\/wp-json\/wp\/v2\/comments?post=12274"}],"wp:featuredmedia":[{"embeddable":true,"href":"https:\/\/blankpage.ee\/_ruumist-ruumi\/wp-json\/wp\/v2\/media\/174514"}],"wp:attachment":[{"href":"https:\/\/blankpage.ee\/_ruumist-ruumi\/wp-json\/wp\/v2\/media?parent=12274"}],"wp:term":[{"taxonomy":"product_brand","embeddable":true,"href":"https:\/\/blankpage.ee\/_ruumist-ruumi\/wp-json\/wp\/v2\/product_brand?post=12274"},{"taxonomy":"product_cat","embeddable":true,"href":"https:\/\/blankpage.ee\/_ruumist-ruumi\/wp-json\/wp\/v2\/product_cat?post=12274"},{"taxonomy":"product_tag","embeddable":true,"href":"https:\/\/blankpage.ee\/_ruumist-ruumi\/wp-json\/wp\/v2\/product_tag?post=12274"}],"curies":[{"name":"wp","href":"https:\/\/api.w.org\/{rel}","templated":true}]}}