{"id":12533,"date":"2025-04-19T11:24:55","date_gmt":"2025-04-19T11:24:55","guid":{"rendered":"https:\/\/ruumistruumi.ee\/?post_type=product&#038;p=12533"},"modified":"2025-08-21T08:18:52","modified_gmt":"2025-08-21T08:18:52","slug":"toidudosaator-rojeco-3600mah-6-soogikorda-lemmikloomale","status":"publish","type":"product","link":"https:\/\/blankpage.ee\/_ruumist-ruumi\/pood\/toidudosaator-rojeco-3600mah-6-soogikorda-lemmikloomale\/","title":{"rendered":"Automaatne lemmikloomatoidudispenser Rojeco RWSQ-07, 6 sektsiooni, 3600 mAh aku"},"content":{"rendered":"<h3>Automaatne lemmikloomatoidudispenser Rojeco RWSQ-07, 6 portsjonit, 3600 mAh<\/h3>\n<p><img decoding=\"async\" src=\"https:\/\/blankpage.ee\/_ruumist-ruumi\/wp-content\/uploads\/2025\/04\/1-499.webp\" alt=\"Automaatne lemmikloomatoidudispenser Rojeco valget v\u00e4rvi, pealtvaates, digitaalne ekraan\"> <\/p>\n<p>Rojeco <strong>automaatne lemmikloomatoidudispenser<\/strong> v\u00f5imaldab sinu v\u00e4ikestel lemmikloomadel alati \u00f5igel ajal s\u00fc\u00fca saada ka siis, kui sind kodus pole. Seadmel on kuus eraldi sektsiooni, kuhu saab panna nii kuiva kui m\u00e4rga toitu, sn\u00e4kke, vett v\u00f5i ravimeid. Sisseehitatud jahutuspakkide abil p\u00fcsib toit v\u00e4rske terve p\u00e4eva ning dispenser toimib k\u00fclmiku sarnaselt \u2013 ideaalselt mitmek\u00fclgse men\u00fc\u00fc loomiseks v\u00e4ikestele lemmikutele.<\/p>\n<h3>Mahukas ja nutikas jaotus<\/h3>\n<p><img decoding=\"async\" src=\"https:\/\/blankpage.ee\/_ruumist-ruumi\/wp-content\/uploads\/2025\/04\/2-486.webp\" alt=\"Lemmikloomatoidudispenseri kuus toidujaotuse sektsiooni l\u00e4hedalt\"> <\/p>\n<p>Iga sektsioon mahutab kuni 200 ml (u 85\u201390 g), v\u00f5imaldades pakkuda p\u00e4eva jooksul erinevaid toite v\u00f5i soovi korral ka vedelikke ning toidulisandeid. Nii saab toidukorrad lihtsalt vastavalt looma vajadustele ette planeerida.<\/p>\n<h3>V\u00e4rske toit kogu p\u00e4eva v\u00e4ltel<\/h3>\n<p><img decoding=\"async\" src=\"https:\/\/blankpage.ee\/_ruumist-ruumi\/wp-content\/uploads\/2025\/04\/3-472.webp\" alt=\"Jahutuspakkidega automaatne lemmikloomatoidudispenser hoiab toidu v\u00e4rskena\"> <\/p>\n<p>Kaks jahutuspakki v\u00f5imaldavad s\u00e4ilitada toitu kuni esimese 8 tunni jooksul 0\u202f\u00b0C l\u00e4hedal, seej\u00e4rel piisavalt jahedalt kogu \u00fclej\u00e4\u00e4nud p\u00e4eva. See tagab, et niiske toit ja konservid p\u00fcsivad s\u00f6\u00f6misk\u00f5lblikuna. Liha sisaldavad road tuleks \u00e4ra anda 4\u20138 tunni jooksul; konservid v\u00f5ivad olla saadaval terve p\u00e4eva v\u00e4ltel.<\/p>\n<h3>Kestvus \u2013 \u00fcks laadimine, 30 p\u00e4eva<\/h3>\n<p><img decoding=\"async\" src=\"https:\/\/blankpage.ee\/_ruumist-ruumi\/wp-content\/uploads\/2025\/04\/4-458.webp\" alt=\"Valge automaatne lemmikloomatoidudispenser laetava akuga\"> <\/p>\n<p>3600 mAh akuga t\u00f6\u00f6tab dispenser \u00fche laadimisega kuni 30 p\u00e4eva. Madala laetuse indikaator annab teada, kui aku tuleks t\u00e4is laadida. USB-C laadimisliides muudab laadimise mugavaks ning sobib enamike seadmete laadijatega.<\/p>\n<h3>Kompaktne, vaikne ja lapsekindel<\/h3>\n<p><img decoding=\"async\" src=\"https:\/\/blankpage.ee\/_ruumist-ruumi\/wp-content\/uploads\/2025\/04\/8-168.webp\" alt=\"Kompaktne automaatne lemmikloomatoidudispenser libisemisvastaste jalgadega\"> <\/p>\n<p>Seade on kompaktne (320 \u00d7 327 \u00d7 87 mm) ja t\u00f6\u00f6tab vaikselt. Lapsekindel lukustusmehhanism takistab juhuslikke seadete muudatusi ning tugev sulgur hoiab toidu kindlalt sees. Libisemiskindlad jalad tagavad stabiilsuse ka aktiivsemale s\u00f6\u00f6jale.<\/p>\n<h3>Lihtne hooldus ja puhastamine<\/h3>\n<p><img decoding=\"async\" src=\"https:\/\/blankpage.ee\/_ruumist-ruumi\/wp-content\/uploads\/2025\/04\/7-323.webp\" alt=\"Automaatne lemmikloomatoidudispenser lahtiv\u00f5etuna lihtsaks puhastamiseks\"> <\/p>\n<p>K\u00f5ik dispenseri osad saab h\u00f5lpsasti lahti v\u00f5tta ning pesta voolava vee all, mis muudab seadme puhtana hoidmise v\u00e4ga lihtsaks.<\/p>\n<h3>Intuitiivne juhtpaneel t\u00e4pseks ajastamiseks<\/h3>\n<p><img decoding=\"async\" src=\"https:\/\/blankpage.ee\/_ruumist-ruumi\/wp-content\/uploads\/2025\/04\/5-395.webp\" alt=\"Automaatse lemmikloomatoidudispenseri digitaalne juhtpaneel\"> <\/p>\n<p>Elektrooniline juhtpaneel v\u00f5imaldab m\u00e4\u00e4rata t\u00e4psed s\u00f6\u00f6giajad, et sinu lemmikloomal oleks toit alati \u00f5igel ajal olemas.<\/p>\n<div class=\"table-wrapper\">\n<table>\n<tbody>\n<tr>\n<th>Tootja<\/th>\n<td>Rojeco<\/td>\n<\/tr>\n<tr>\n<th>Mudel<\/th>\n<td>RWSQ-07<\/td>\n<\/tr>\n<tr>\n<th>Sobilik<\/th>\n<td>v\u00e4ikestele koertele ja kassidele<\/td>\n<\/tr>\n<tr>\n<th>Dispenseri mahutavus<\/th>\n<td>200 ml \u00d7 6 (u 85\u201390 g \u00d7 6)<\/td>\n<\/tr>\n<tr>\n<th>Akumaht<\/th>\n<td>3600 mAh<\/td>\n<\/tr>\n<tr>\n<th>Pinge<\/th>\n<td>USB-C 5V\/1\u20132A<\/td>\n<\/tr>\n<tr>\n<th>Nimiv\u00f5imsus<\/th>\n<td>1 W<\/td>\n<\/tr>\n<tr>\n<th>Materjalid<\/th>\n<td>Toiduk\u00f5lbulik ABS, PP ja HDPE (jahutuspakk)<\/td>\n<\/tr>\n<tr>\n<th>M\u00f5\u00f5dud<\/th>\n<td>320 \u00d7 327 \u00d7 87 mm<\/td>\n<\/tr>\n<tr>\n<th>Kaal<\/th>\n<td>u 1,9 kg<\/td>\n<\/tr>\n<\/tbody>\n<\/table>\n<\/div>\n<p><strong>Automaatne lemmikloomatoidudispenser<\/strong> on usaldusv\u00e4\u00e4rne abiline igale t\u00e4nap\u00e4evasele loomaomanikule, tagades, et sinu lemmiku toidukorrad on alati t\u00e4pselt planeeritud ja toidud v\u00e4rsked.<\/p>\n","protected":false},"excerpt":{"rendered":"<p>Automaatne lemmikloomatoidudispenser Rojeco RWSQ-07, 6 portsjonit, 3600 mAh Rojeco automaatne lemmikloomatoidudispenser v\u00f5imaldab sinu v\u00e4ikestel lemmikloomadel alati \u00f5igel ajal s\u00fc\u00fca saada ka siis, kui sind kodus pole. Seadmel on kuus eraldi sektsiooni, kuhu saab panna nii kuiva kui m\u00e4rga toitu, sn\u00e4kke, vett v\u00f5i ravimeid. Sisseehitatud jahutuspakkide abil p\u00fcsib toit v\u00e4rske terve p\u00e4eva ning dispenser toimib k\u00fclmiku [&hellip;]<\/p>\n","protected":false},"featured_media":173839,"comment_status":"open","ping_status":"open","template":"","meta":[],"product_brand":[3113],"product_cat":[820],"product_tag":[],"class_list":{"0":"post-12533","1":"product","2":"type-product","3":"status-publish","4":"has-post-thumbnail","6":"product_brand-rojeco","7":"product_cat-automaatsed-toidudosaatorid-koduloomadele","8":"product_shipping_class-innpro","10":"first","11":"instock","12":"sale","13":"taxable","14":"shipping-taxable","15":"purchasable","16":"product-type-simple"},"_links":{"self":[{"href":"https:\/\/blankpage.ee\/_ruumist-ruumi\/wp-json\/wp\/v2\/product\/12533","targetHints":{"allow":["GET"]}}],"collection":[{"href":"https:\/\/blankpage.ee\/_ruumist-ruumi\/wp-json\/wp\/v2\/product"}],"about":[{"href":"https:\/\/blankpage.ee\/_ruumist-ruumi\/wp-json\/wp\/v2\/types\/product"}],"replies":[{"embeddable":true,"href":"https:\/\/blankpage.ee\/_ruumist-ruumi\/wp-json\/wp\/v2\/comments?post=12533"}],"wp:featuredmedia":[{"embeddable":true,"href":"https:\/\/blankpage.ee\/_ruumist-ruumi\/wp-json\/wp\/v2\/media\/173839"}],"wp:attachment":[{"href":"https:\/\/blankpage.ee\/_ruumist-ruumi\/wp-json\/wp\/v2\/media?parent=12533"}],"wp:term":[{"taxonomy":"product_brand","embeddable":true,"href":"https:\/\/blankpage.ee\/_ruumist-ruumi\/wp-json\/wp\/v2\/product_brand?post=12533"},{"taxonomy":"product_cat","embeddable":true,"href":"https:\/\/blankpage.ee\/_ruumist-ruumi\/wp-json\/wp\/v2\/product_cat?post=12533"},{"taxonomy":"product_tag","embeddable":true,"href":"https:\/\/blankpage.ee\/_ruumist-ruumi\/wp-json\/wp\/v2\/product_tag?post=12533"}],"curies":[{"name":"wp","href":"https:\/\/api.w.org\/{rel}","templated":true}]}}