{"id":12552,"date":"2025-04-19T11:24:55","date_gmt":"2025-04-19T11:24:55","guid":{"rendered":"https:\/\/ruumistruumi.ee\/?post_type=product&#038;p=12552"},"modified":"2025-08-21T08:18:52","modified_gmt":"2025-08-21T08:18:52","slug":"toidudosaator-rojeco-3l-wifi-ja-kaameraga-lemmikloomadele","status":"publish","type":"product","link":"https:\/\/blankpage.ee\/_ruumist-ruumi\/pood\/toidudosaator-rojeco-3l-wifi-ja-kaameraga-lemmikloomadele\/","title":{"rendered":"Nutikas lemmikloomatoidujagaja kaamera ja WiFi-ga, 3L, Rojeco RWSQ-06"},"content":{"rendered":"<h3>Nutikas lemmikloomatoidujagaja kaamera ja WiFi-ga, 3L \u2013 Rojeco RWSQ-06<\/h3>\n<p>Nutikas lemmikloomatoidujagaja aitab mugavalt tagada sinu lemmiklooma s\u00f6\u00f6gikorrad ka siis, kui oled kodust eemal. 3-liitrine toidumahuti l\u00e4bipaistev disain v\u00f5imaldab h\u00f5lpsalt j\u00e4lgida toidu kogust. Mahuti sobib erinevatele kuivtoitudest graanulitele suuruses 3\u201313 mm ning 3 liitrit mahutab ligikaudu 2,5 kg s\u00f6\u00f6ta \u2013 sellest piisab t\u00e4iskasvanud kassi toiduks kuni 25 p\u00e4evaks.<\/p>\n<p><img decoding=\"async\" src=\"https:\/\/blankpage.ee\/_ruumist-ruumi\/wp-content\/uploads\/2025\/04\/2-490.webp\" alt=\"Nutikas lemmikloomatoidujagaja kaamera ja WiFi-\u00fchendusega, l\u00e4bipaistev toidumahuti\" border=\"0\" \/><\/p>\n<h3>Kaugjuhtimine ja individuaalne s\u00f6\u00f6gikava<\/h3>\n<p>T\u00e4nu spetsiaalsele rakendusele saad nutikat lemmikloomatoidujagajat h\u00f5lpsalt juhtida eemalt. Sa v\u00f5id koostada kuni 8 toidukorraga p\u00e4evakava ning seada igale toidukorrale 1\u201320 portsjonit (iga portsjon 10\u00b12 g). Nii saad oma kassi v\u00f5i koera s\u00f6\u00f6misaegu ja portsjoneid t\u00e4pselt kontrollida isegi t\u00f6\u00f6lt v\u00f5i reisilt.<\/p>\n<p><img decoding=\"async\" src=\"https:\/\/blankpage.ee\/_ruumist-ruumi\/wp-content\/uploads\/2025\/04\/9-127.webp\" alt=\"Toidugraanulid automaatse lemmikloomatoidujagaja mahutis\" border=\"0\" \/><\/p>\n<h3>S\u00f6\u00f6giajad kaamera ja h\u00e4\u00e4le kaudu<\/h3>\n<p>Sisseehitatud 720p kaamera 115\u00b0 vaatenurgaga v\u00f5imaldab reaalajas j\u00e4lgida oma lemmikut ja salvestada pilte v\u00f5i videoid. Mikrofoni ja k\u00f5lari abil saad kas salvestada kuni 10-sekundilise h\u00e4\u00e4ls\u00f5numi, mis lemmikloomale s\u00f6\u00f6gi ajal ette m\u00e4ngitakse, v\u00f5i r\u00e4\u00e4kida temaga otse rakenduse kaudu \u2013 see loob rohkem turvatunnet ja aitab meelde tuletada, et on s\u00f6\u00f6giaeg.<\/p>\n<p><img decoding=\"async\" src=\"https:\/\/blankpage.ee\/_ruumist-ruumi\/wp-content\/uploads\/2025\/04\/1-503.webp\" alt=\"L\u00e4hivaade kaameraga nutikale lemmikloomatoidujagajale\" border=\"0\" \/><\/p>\n<h3>T\u00f6\u00f6kindel igal hetkel<\/h3>\n<p>Lemmikloomatoidujagaja t\u00f6\u00f6tab nii komplektis oleva 5V adapteri kui ka kolme D-t\u00fc\u00fcpi patareiga (ei kuulu komplekti). Elektrikatkestuse korral l\u00fclitub seade automaatselt patareidele, et lemmik ei j\u00e4\u00e4ks s\u00f6\u00f6gita. K\u00f5ik peamised detailid on lihtsalt eemaldatavad ja pestavad jooksva vee all, mis tagab puhtuse ja h\u00fcgieeni igaks s\u00f6\u00f6gikorraks.<\/p>\n<p><img decoding=\"async\" src=\"https:\/\/blankpage.ee\/_ruumist-ruumi\/wp-content\/uploads\/2025\/04\/8-170.webp\" alt=\"Eemaldatavad ja pestavad osad roostevabast terasest automaatsel lemmikloomatoidujagajal\" border=\"0\" \/><\/p>\n<h3>Komplektis:<\/h3>\n<ul>\n<li>Nutikas lemmikloomatoidujagaja koos kaameraga<\/li>\n<li>1,5 m USB-kaabel<\/li>\n<li>EU-adapter<\/li>\n<li>Kasutusjuhend<\/li>\n<\/ul>\n<table>\n<tbody>\n<tr>\n<th>Tootja<\/th>\n<td>Rojeco<\/td>\n<\/tr>\n<tr>\n<th>Mudel<\/th>\n<td>RWSQ-06<\/td>\n<\/tr>\n<tr>\n<th>Kaamera resolutsioon<\/th>\n<td>720p<\/td>\n<\/tr>\n<tr>\n<th>Vaatenurk<\/th>\n<td>115\u00b0<\/td>\n<\/tr>\n<tr>\n<th>Maht<\/th>\n<td>3 l<\/td>\n<\/tr>\n<tr>\n<th>Sobivus<\/th>\n<td>Graanulid 3\u201313 mm<\/td>\n<\/tr>\n<tr>\n<th>Toidukordi p\u00e4evas<\/th>\n<td>1\u20138 (1\u201320 portsjonit, iga\u00fcks 10\u00b12 g)<\/td>\n<\/tr>\n<tr>\n<th>Materjal<\/th>\n<td>ABS-plastik, roostevaba teras<\/td>\n<\/tr>\n<tr>\n<th>M\u00f5\u00f5dud<\/th>\n<td>18,2 \u00d7 28,2 \u00d7 28,3 cm<\/td>\n<\/tr>\n<tr>\n<th>Kaal<\/th>\n<td>1,25 kg<\/td>\n<\/tr>\n<\/tbody>\n<\/table>\n","protected":false},"excerpt":{"rendered":"<p>Nutikas lemmikloomatoidujagaja kaamera ja WiFi-ga, 3L \u2013 Rojeco RWSQ-06 Nutikas lemmikloomatoidujagaja aitab mugavalt tagada sinu lemmiklooma s\u00f6\u00f6gikorrad ka siis, kui oled kodust eemal. 3-liitrine toidumahuti l\u00e4bipaistev disain v\u00f5imaldab h\u00f5lpsalt j\u00e4lgida toidu kogust. Mahuti sobib erinevatele kuivtoitudest graanulitele suuruses 3\u201313 mm ning 3 liitrit mahutab ligikaudu 2,5 kg s\u00f6\u00f6ta \u2013 sellest piisab t\u00e4iskasvanud kassi toiduks kuni [&hellip;]<\/p>\n","protected":false},"featured_media":173873,"comment_status":"open","ping_status":"closed","template":"","meta":[],"product_brand":[3113],"product_cat":[820],"product_tag":[],"class_list":{"0":"post-12552","1":"product","2":"type-product","3":"status-publish","4":"has-post-thumbnail","6":"product_brand-rojeco","7":"product_cat-automaatsed-toidudosaatorid-koduloomadele","8":"product_shipping_class-innpro","10":"first","11":"instock","12":"sale","13":"taxable","14":"shipping-taxable","15":"purchasable","16":"product-type-simple"},"_links":{"self":[{"href":"https:\/\/blankpage.ee\/_ruumist-ruumi\/wp-json\/wp\/v2\/product\/12552","targetHints":{"allow":["GET"]}}],"collection":[{"href":"https:\/\/blankpage.ee\/_ruumist-ruumi\/wp-json\/wp\/v2\/product"}],"about":[{"href":"https:\/\/blankpage.ee\/_ruumist-ruumi\/wp-json\/wp\/v2\/types\/product"}],"replies":[{"embeddable":true,"href":"https:\/\/blankpage.ee\/_ruumist-ruumi\/wp-json\/wp\/v2\/comments?post=12552"}],"wp:featuredmedia":[{"embeddable":true,"href":"https:\/\/blankpage.ee\/_ruumist-ruumi\/wp-json\/wp\/v2\/media\/173873"}],"wp:attachment":[{"href":"https:\/\/blankpage.ee\/_ruumist-ruumi\/wp-json\/wp\/v2\/media?parent=12552"}],"wp:term":[{"taxonomy":"product_brand","embeddable":true,"href":"https:\/\/blankpage.ee\/_ruumist-ruumi\/wp-json\/wp\/v2\/product_brand?post=12552"},{"taxonomy":"product_cat","embeddable":true,"href":"https:\/\/blankpage.ee\/_ruumist-ruumi\/wp-json\/wp\/v2\/product_cat?post=12552"},{"taxonomy":"product_tag","embeddable":true,"href":"https:\/\/blankpage.ee\/_ruumist-ruumi\/wp-json\/wp\/v2\/product_tag?post=12552"}],"curies":[{"name":"wp","href":"https:\/\/api.w.org\/{rel}","templated":true}]}}