{"id":12556,"date":"2025-04-19T11:35:14","date_gmt":"2025-04-19T11:35:14","guid":{"rendered":"https:\/\/ruumistruumi.ee\/?post_type=product&#038;p=12556"},"modified":"2025-08-21T08:18:51","modified_gmt":"2025-08-21T08:18:51","slug":"toidudosaator-petkit-yumshare-solo-kaamera-ja-mikrofoniga-lemmikloomale","status":"publish","type":"product","link":"https:\/\/blankpage.ee\/_ruumist-ruumi\/pood\/toidudosaator-petkit-yumshare-solo-kaamera-ja-mikrofoniga-lemmikloomale\/","title":{"rendered":"Nutikas lemmiklooma toidujagaja Petkit Yumshare SOLO kaameraga (3L, Wi-Fi)"},"content":{"rendered":"<h3>Nutikas lemmiklooma toidujagaja Petkit Yumshare SOLO<\/h3>\n<p>Nutikas lemmiklooma toidujagaja Petkit Yumshare SOLO on varustatud laia vaatenurgaga kaamera ning kahepoolse mikrofoniga. Seadme abil saad j\u00e4lgida oma lemmikut, temaga suhelda ja vajadusel videoid salvestada otse PETKIT mobiilirakenduse kaudu. Unikaalseks teeb toidujagaja see, et kaamera tuvastab automaatselt toidukoguse kausis ning oskab j\u00e4rgmise toidukorra edasi l\u00fckata, v\u00e4ltides nii \u00fcles\u00f6\u00f6tmist ja toidu raiskamist. Toidu jagamist saad ajastada rakenduses, kus m\u00e4\u00e4rad p\u00e4eva, koguse ja portsjoni suuruse. Soovi korral saab toitu jagada ka k\u00e4sitsi seadme korpuse alumises osas olevast nupust, mille lemmikloomad ise avada ei saa. Nutikas toidujagaja t\u00f6\u00f6tab nii vooluv\u00f5rgust kui ka viie AAA patareiga \u2013 patareid k\u00e4ivituvad elektrikatkestuse korral.<\/p>\n<p><img decoding=\"async\" src=\"https:\/\/blankpage.ee\/_ruumist-ruumi\/wp-content\/uploads\/2025\/04\/2-492.webp\" border=\"0\" alt=\"nutikas lemmiklooma toidujagaja Petkit Yumshare SOLO valges v\u00e4rvitoonis, vaade eest\"><\/p>\n<h3>V\u00e4rskuse s\u00e4ilitamine lemmiklooma toidu jaoks<\/h3>\n<p>Toidumahutil on \u00f5hukindel kaas, mis hoiab toidu v\u00e4rskena. Kaane sees olev niiskust imav pakk hoiab \u00e4ra kr\u00f5binate niiskumise. P\u00e4rast portsjoni v\u00e4ljastamist suletakse v\u00e4ljalaskeava, mis kaitseb toitu putukate eest. Mahuti sees asuv rootor segab toitu \u00fchtlaselt ning ennetab kinni j\u00e4\u00e4mist. Toidujagaja tuvastab toidu hulka ning ei v\u00e4ljasta uut kogust, kui kausis on juba piisavalt toitu. Sobib erinevat t\u00fc\u00fcpi kuivtoitudele \u2013 nii k\u00fclmkuivatatud, tavalistele kui ka \u00f5hukuivatatud toitudele.<\/p>\n<p><img decoding=\"async\" src=\"https:\/\/blankpage.ee\/_ruumist-ruumi\/wp-content\/uploads\/2025\/04\/10-48.webp\" border=\"0\" alt=\"toidumahuti \u00f5hukindel kaas ja niiskuse imaja tagavad lemmiklooma toidu v\u00e4rskuse\"><\/p>\n<h3>Kaks t\u00f6\u00f6kindlat toiteallikat<\/h3>\n<p>Toidujagaja tagab s\u00f6\u00f6gi olemasolu sinu lemmikule ka ootamatutes olukordades. Igap\u00e4evaselt t\u00f6\u00f6tab nutikas lemmiklooma toidujagaja vooluv\u00f5rgust, kuid elektrikatkestuse korral asendavad kuni 14 p\u00e4eva varutoidet viis AAA patareid.<\/p>\n<p><img decoding=\"async\" src=\"https:\/\/blankpage.ee\/_ruumist-ruumi\/wp-content\/uploads\/2025\/04\/4-463.webp\" border=\"0\" alt=\"toidujagaja toiteallikad: vooluadapter ja patareipesa\"><\/p>\n<h3>Intelligentne juhtimine rakenduse kaudu<\/h3>\n<p>PETKIT rakenduse abil saad koostada detailse toitumisgraafiku, m\u00e4\u00e4rata iga p\u00e4eva jaoks t\u00e4psed s\u00f6\u00f6giajad ning kontrollida portsjoni suuruseid ja toidukogust. Rakenduses on v\u00f5imalus salvestada kuni 20-sekundiline h\u00e4\u00e4lteade ning j\u00e4lgida seadme seisukorda otse nutitelefonist.<\/p>\n<p><img decoding=\"async\" src=\"https:\/\/blankpage.ee\/_ruumist-ruumi\/wp-content\/uploads\/2025\/04\/3-477.webp\" border=\"0\" alt=\"PETKIT rakenduse kasutajaliides lemmiklooma toidujagaja juhtimiseks\"><\/p>\n<h3>Lihtne hooldus ja stiilne v\u00e4limus<\/h3>\n<p>Minimalistliku ja kompaktse disainiga nutikas lemmiklooma toidujagaja sobitub igasse interj\u00f6\u00f6ri. P\u00f5hiseadmel on v\u00e4he eraldi osi, mis v\u00e4hendab rikete t\u00f5en\u00e4osust ning takistab loomadel toidule ligi p\u00e4\u00e4semist. Komplektis olev kriimustuskindla kattega roostevabast terasest kauss kinnitub kindlalt ning on lihtsasti puhastatav.<\/p>\n<p><img decoding=\"async\" src=\"https:\/\/blankpage.ee\/_ruumist-ruumi\/wp-content\/uploads\/2025\/04\/6-354.webp\" border=\"0\" alt=\"roostevabast terasest kauss, mis kuulub nutika lemmiklooma toidujagaja juurde\"><\/p>\n<h3>Komplektis<\/h3>\n<ul>\n<li>P\u00f5hiseade<\/li>\n<li>Toidumahuti<\/li>\n<li>Roostevabast terasest kauss<\/li>\n<li>Niiskuse imaja<\/li>\n<li>Adapter<\/li>\n<li>Kasutusjuhend<\/li>\n<\/ul>\n<h3>Tehnilised andmed<\/h3>\n<table>\n<tr>\n<th>Tootja<\/th>\n<td>Petkit<\/td>\n<\/tr>\n<tr>\n<th>Mudel<\/th>\n<td>Yumshare SOLO<\/td>\n<\/tr>\n<tr>\n<th>V\u00e4rv<\/th>\n<td>Valge<\/td>\n<\/tr>\n<tr>\n<th>Kaamera<\/th>\n<td>1080p HD, 140\u00b0 lainurk<\/td>\n<\/tr>\n<tr>\n<th>Infrapuna \u00f6\u00f6vaade<\/th>\n<td>Jah<\/td>\n<\/tr>\n<tr>\n<th>AI liikumise j\u00e4lgimine<\/th>\n<td>Jah<\/td>\n<\/tr>\n<tr>\n<th>Mahutavus<\/th>\n<td>3L \/ ~1,3 kg toitu<\/td>\n<\/tr>\n<tr>\n<th>M\u00f5\u00f5dud<\/th>\n<td>316 x 186 x 296 mm<\/td>\n<\/tr>\n<tr>\n<th>Kaal<\/th>\n<td>u 1,7 kg<\/td>\n<\/tr>\n<tr>\n<th>Sobib<\/th>\n<td>Kassidele, v\u00e4ikestele koertele<\/td>\n<\/tr>\n<\/table>\n","protected":false},"excerpt":{"rendered":"<p>Nutikas lemmiklooma toidujagaja Petkit Yumshare SOLO Nutikas lemmiklooma toidujagaja Petkit Yumshare SOLO on varustatud laia vaatenurgaga kaamera ning kahepoolse mikrofoniga. Seadme abil saad j\u00e4lgida oma lemmikut, temaga suhelda ja vajadusel videoid salvestada otse PETKIT mobiilirakenduse kaudu. Unikaalseks teeb toidujagaja see, et kaamera tuvastab automaatselt toidukoguse kausis ning oskab j\u00e4rgmise toidukorra edasi l\u00fckata, v\u00e4ltides nii \u00fcles\u00f6\u00f6tmist [&hellip;]<\/p>\n","protected":false},"featured_media":173899,"comment_status":"open","ping_status":"open","template":"","meta":[],"product_brand":[3103],"product_cat":[820],"product_tag":[],"class_list":{"0":"post-12556","1":"product","2":"type-product","3":"status-publish","4":"has-post-thumbnail","6":"product_brand-petkit","7":"product_cat-automaatsed-toidudosaatorid-koduloomadele","8":"product_shipping_class-innpro","10":"first","11":"instock","12":"taxable","13":"shipping-taxable","14":"purchasable","15":"product-type-simple"},"_links":{"self":[{"href":"https:\/\/blankpage.ee\/_ruumist-ruumi\/wp-json\/wp\/v2\/product\/12556","targetHints":{"allow":["GET"]}}],"collection":[{"href":"https:\/\/blankpage.ee\/_ruumist-ruumi\/wp-json\/wp\/v2\/product"}],"about":[{"href":"https:\/\/blankpage.ee\/_ruumist-ruumi\/wp-json\/wp\/v2\/types\/product"}],"replies":[{"embeddable":true,"href":"https:\/\/blankpage.ee\/_ruumist-ruumi\/wp-json\/wp\/v2\/comments?post=12556"}],"wp:featuredmedia":[{"embeddable":true,"href":"https:\/\/blankpage.ee\/_ruumist-ruumi\/wp-json\/wp\/v2\/media\/173899"}],"wp:attachment":[{"href":"https:\/\/blankpage.ee\/_ruumist-ruumi\/wp-json\/wp\/v2\/media?parent=12556"}],"wp:term":[{"taxonomy":"product_brand","embeddable":true,"href":"https:\/\/blankpage.ee\/_ruumist-ruumi\/wp-json\/wp\/v2\/product_brand?post=12556"},{"taxonomy":"product_cat","embeddable":true,"href":"https:\/\/blankpage.ee\/_ruumist-ruumi\/wp-json\/wp\/v2\/product_cat?post=12556"},{"taxonomy":"product_tag","embeddable":true,"href":"https:\/\/blankpage.ee\/_ruumist-ruumi\/wp-json\/wp\/v2\/product_tag?post=12556"}],"curies":[{"name":"wp","href":"https:\/\/api.w.org\/{rel}","templated":true}]}}