{"id":12566,"date":"2025-04-19T11:35:14","date_gmt":"2025-04-19T11:35:14","guid":{"rendered":"https:\/\/ruumistruumi.ee\/?post_type=product&#038;p=12566"},"modified":"2025-08-21T08:18:51","modified_gmt":"2025-08-21T08:18:51","slug":"toidudosaator-fresh-2-catlink-fo4-pro-lemmikloomale","status":"publish","type":"product","link":"https:\/\/blankpage.ee\/_ruumist-ruumi\/pood\/toidudosaator-fresh-2-catlink-fo4-pro-lemmikloomale\/","title":{"rendered":"Nutikas kasside toidudosaator CatLink F04 PRO, 4 l, rakendusega juhitav"},"content":{"rendered":"<h3>Nutikas kasside toidudosaator CatLink F04 PRO<\/h3>\n<p>Nutikas kasside toidudosaator CatLink F04 PRO tagab sinu lemmikule alati v\u00e4rske ja piisava toidu. Ummistusevastane tehnoloogia hoolitseb sujuva toidu v\u00e4ljastamise eest ning sobib ideaalselt nii \u00fche kui mitme kassi perele. Samuti v\u00f5imaldab seade kasutada offline-re\u017eiimi ja j\u00e4lgida kassi toitumis- ning terviseandmeid mugavalt mobiilirakenduse abil. V\u00f5id koostada oma kassile v\u00f5i v\u00e4ikesele koerale isikup\u00e4rase s\u00f6\u00f6giplaani, seadme 4-liitrine toidumahuti on lihtsalt puhastatav ja hooldatav.<\/p>\n<p><img decoding=\"async\" src=\"https:\/\/blankpage.ee\/_ruumist-ruumi\/wp-content\/uploads\/2025\/04\/7-325.webp\" alt=\"nutikas kasside toidudosaator elegantses valges korpuses\"><\/p>\n<h3>Automaatne toitmine ka omaniku eemalviibimisel<\/h3>\n<p>Nutikas kasside toidudosaator j\u00e4lgib pidevalt toidukausi t\u00e4ituvust ning lisab automaatselt uusi portsjoneid, kui toit langeb alla 10 grammi. T\u00e4nu seadistatavatele s\u00f6\u00f6gikordadele ja portsjonitele on sinu lemmiklooma toitumine alati kontrolli all. Mahukas 4-liitrine paak tagab kassile kuni 20 p\u00e4eva toiduvaru, mis v\u00f5imaldab sul muretult kodust eemal olla.<\/p>\n<p><img decoding=\"async\" src=\"https:\/\/blankpage.ee\/_ruumist-ruumi\/wp-content\/uploads\/2025\/04\/6-356.webp\" alt=\"automaatne lemmikloomatoidu dosaator t\u00e4idetava paagiga\"><\/p>\n<h3>Paindlikud toitmisv\u00f5imalused<\/h3>\n<p>CatLink dosaator t\u00f6\u00f6tab nii vooluv\u00f5rgust kui ka nelja AA-patareiga (ei kuulu komplekti), tagades toidu k\u00e4ttesaadavuse ka elektrikatkestuste v\u00f5i interneti puudumise korral. Offline-re\u017eiimis j\u00e4tkub automaatne toidu jagamine, kuid toitmisandmeid ei salvestata.<\/p>\n<p><img decoding=\"async\" src=\"https:\/\/blankpage.ee\/_ruumist-ruumi\/wp-content\/uploads\/2025\/04\/5-401.webp\" alt=\"CatLink F04 PRO toidudosaator t\u00f6\u00f6tab nii vooluv\u00f5rgust kui patareidega\"><\/p>\n<h3>Lemmiku toitumise j\u00e4lgimine nutirakendusega<\/h3>\n<p>Spetsiaalne rakendus v\u00f5imaldab j\u00e4lgida kassi s\u00f6\u00f6misk\u00e4itumist: infrasensor tuvastab kohaloleku, gravitatsioonisensor m\u00f5\u00f5dab t\u00e4pselt k\u00f5ik tarbitud grammid. T\u00e4nu nutikale kasside toidudosaatorile saab pidevalt j\u00e4lgida kassi tervist, rakendus annab teada k\u00f5rvalekalletest ja toidupuudusest. Seadistada saab s\u00f6\u00f6gi ajalisi vahemikke, portsjoneid ning kasutada lapse lukufunktsiooni. Toetatud on ka OTA-uuendused.<\/p>\n<p><img decoding=\"async\" src=\"https:\/\/blankpage.ee\/_ruumist-ruumi\/wp-content\/uploads\/2025\/04\/8-173.webp\" alt=\"kassitoidudosaator nutirakenduse juhtimisega\"><\/p>\n<h3>Iga kassi jaoks sobiv lahendus<\/h3>\n<p>Mitme kassi peres v\u00f5imaldab CatLink nutikas toidudosaator kasutada RFID-tuvastust, nii et iga lemmikloom tuvastatakse individuaalselt. Spetsiaalne piiraja hoiab \u00e4ra loomade vahelised pinged s\u00f6\u00f6tmisel.<\/p>\n<p><img decoding=\"async\" src=\"https:\/\/blankpage.ee\/_ruumist-ruumi\/wp-content\/uploads\/2025\/04\/4-466.webp\" alt=\"RFID-tuvastusega kasside toidudosaator mitmele kassile\"><\/p>\n<h3>L\u00e4bim\u00f5eldud ja h\u00fcgieeniline disain<\/h3>\n<p>Silikoonist tihendid kaitsevad toitu \u00f5hu ja niiskuse eest, automaatselt sulguv v\u00e4ljastusava hoiab putukad eemal ja kuivatusaine konteiner tagab toidu v\u00e4rskuse. \u00d5igesti kaldu kauss ning lemmikloomale ohutud materjalid muudavad kasutamise lihtsaks. N\u00e4rimiskindel kaabel lisab seadmele turvalisust. Nutikas kasside toidudosaator pakub alati turvalist ja h\u00fcgieenilist toidu jagamist sinu lemmikule!<\/p>\n<p><img decoding=\"async\" src=\"https:\/\/blankpage.ee\/_ruumist-ruumi\/wp-content\/uploads\/2025\/04\/2-496.webp\" alt=\"nutikas kasside toidudosaator silikoonist tihendite ja kaldu kausiga\"><\/p>\n<h3>Komplektis:<\/h3>\n<ul>\n<li>toidudosaator<\/li>\n<li>alustaldrik<\/li>\n<li>toidukauss<\/li>\n<li>adapter<\/li>\n<li>2 x kaelarihm<\/li>\n<li>2 x RFID-tuvastusm\u00e4rk<\/li>\n<li>kuivatusaine<\/li>\n<li>kasutusjuhend<\/li>\n<\/ul>\n<div class=\"table-wrapper\">\n<table>\n<tbody>\n<tr>\n<th>Tootja<\/th>\n<td>CatLink<\/td>\n<\/tr>\n<tr>\n<th>Mudel<\/th>\n<td>F04 PRO<\/td>\n<\/tr>\n<tr>\n<th>Sisend<\/th>\n<td>5V=1A<\/td>\n<\/tr>\n<tr>\n<th>V\u00f5imsus<\/th>\n<td>5 W<\/td>\n<\/tr>\n<tr>\n<th>Toiteallikas<\/th>\n<td>4 x AA alkaalpatarei (ei kuulu komplekti)<\/td>\n<\/tr>\n<tr>\n<th>Materjal<\/th>\n<td>ABS<\/td>\n<\/tr>\n<tr>\n<th>M\u00f5\u00f5dud<\/th>\n<td>350 \u00d7 195 \u00d7 360 mm<\/td>\n<\/tr>\n<tr>\n<th>Kaal<\/th>\n<td>3 kg<\/td>\n<\/tr>\n<tr>\n<th>Kasutusala<\/th>\n<td>kassid ja v\u00e4ikekoerad<\/td>\n<\/tr>\n<\/tbody>\n<\/table>\n<\/div>\n<p><!-- SEO kontroll --><br \/>\n<!-- M\u00e4rks\u00f5na \u201enutikas kasside toidudosaator\u201d esineb l\u00e4bim\u00f5eldult pealkirjades, tekstis ja alt-tekstides. S\u00fcnon\u00fc\u00fcme on kasutatud asjakohaselt. --><\/p>\n","protected":false},"excerpt":{"rendered":"<p>Nutikas kasside toidudosaator CatLink F04 PRO Nutikas kasside toidudosaator CatLink F04 PRO tagab sinu lemmikule alati v\u00e4rske ja piisava toidu. Ummistusevastane tehnoloogia hoolitseb sujuva toidu v\u00e4ljastamise eest ning sobib ideaalselt nii \u00fche kui mitme kassi perele. Samuti v\u00f5imaldab seade kasutada offline-re\u017eiimi ja j\u00e4lgida kassi toitumis- ning terviseandmeid mugavalt mobiilirakenduse abil. V\u00f5id koostada oma kassile v\u00f5i [&hellip;]<\/p>\n","protected":false},"featured_media":173944,"comment_status":"open","ping_status":"open","template":"","meta":[],"product_brand":[3107],"product_cat":[820],"product_tag":[],"class_list":{"0":"post-12566","1":"product","2":"type-product","3":"status-publish","4":"has-post-thumbnail","6":"product_brand-catlink","7":"product_cat-automaatsed-toidudosaatorid-koduloomadele","8":"product_shipping_class-innpro","10":"first","11":"instock","12":"sale","13":"taxable","14":"shipping-taxable","15":"purchasable","16":"product-type-simple"},"_links":{"self":[{"href":"https:\/\/blankpage.ee\/_ruumist-ruumi\/wp-json\/wp\/v2\/product\/12566","targetHints":{"allow":["GET"]}}],"collection":[{"href":"https:\/\/blankpage.ee\/_ruumist-ruumi\/wp-json\/wp\/v2\/product"}],"about":[{"href":"https:\/\/blankpage.ee\/_ruumist-ruumi\/wp-json\/wp\/v2\/types\/product"}],"replies":[{"embeddable":true,"href":"https:\/\/blankpage.ee\/_ruumist-ruumi\/wp-json\/wp\/v2\/comments?post=12566"}],"wp:featuredmedia":[{"embeddable":true,"href":"https:\/\/blankpage.ee\/_ruumist-ruumi\/wp-json\/wp\/v2\/media\/173944"}],"wp:attachment":[{"href":"https:\/\/blankpage.ee\/_ruumist-ruumi\/wp-json\/wp\/v2\/media?parent=12566"}],"wp:term":[{"taxonomy":"product_brand","embeddable":true,"href":"https:\/\/blankpage.ee\/_ruumist-ruumi\/wp-json\/wp\/v2\/product_brand?post=12566"},{"taxonomy":"product_cat","embeddable":true,"href":"https:\/\/blankpage.ee\/_ruumist-ruumi\/wp-json\/wp\/v2\/product_cat?post=12566"},{"taxonomy":"product_tag","embeddable":true,"href":"https:\/\/blankpage.ee\/_ruumist-ruumi\/wp-json\/wp\/v2\/product_tag?post=12566"}],"curies":[{"name":"wp","href":"https:\/\/api.w.org\/{rel}","templated":true}]}}