{"id":12583,"date":"2025-04-19T11:44:14","date_gmt":"2025-04-19T11:44:14","guid":{"rendered":"https:\/\/ruumistruumi.ee\/?post_type=product&#038;p=12583"},"modified":"2025-08-21T08:18:50","modified_gmt":"2025-08-21T08:18:50","slug":"toidudosaator-catlink-f03-standard-lemmikloomale","status":"publish","type":"product","link":"https:\/\/blankpage.ee\/_ruumist-ruumi\/pood\/toidudosaator-catlink-f03-standard-lemmikloomale\/","title":{"rendered":"Nutikas kasside toidudosaator CatLink F03 Standard RFID-tuvastusega (400 ml)"},"content":{"rendered":"<h3>Nutikas kasside toidudosaator CatLink F03 Standard RFID-tuvastusega<\/h3>\n<p>Nutikas kasside toidudosaator CatLink F03 Standard on kaasaegne lahendus, mis tagab sinu kassile alati v\u00e4rske ja puhta toidu. See automaatne toidudosaator sobib h\u00e4sti nii kuiv- kui ka m\u00e4rgtoidu jaoks, pakkudes kaitset tolmu ja putukate eest t\u00e4nu nutikale p\u00f6\u00f6ratavale kaanele.<\/p>\n<p><img decoding=\"async\" src=\"https:\/\/blankpage.ee\/_ruumist-ruumi\/wp-content\/uploads\/2025\/04\/3-480.webp\" alt=\"Valge nutikas kasside toidudosaator CatLink F03 Standard l\u00e4bipaistva p\u00f6\u00f6rleva kaanega\" \/><\/p>\n<h3>Kasside individuaalne tuvastus RFID-tunnusega<\/h3>\n<p>Toidudosaator t\u00f6\u00f6tab induktsioonre\u017eiimis, kasutades spetsiaalset CATLINK RFID-tunnust, mis kinnitatakse kaasasolevale kraele. Dosaator avaneb ainult tuvastatud kassile, aidates v\u00e4ltida toidu vargust teiste loomade poolt, isegi siis, kui kass kausi juurest eemal viibib.<\/p>\n<p><img decoding=\"async\" src=\"https:\/\/blankpage.ee\/_ruumist-ruumi\/wp-content\/uploads\/2025\/04\/5-403.webp\" alt=\"Kass kandmas RFID-kraed ja kasutamas nutikat kasside toidudosaatorit CatLink\" \/><\/p>\n<h3>V\u00e4rske ja puhas toit igal ajal<\/h3>\n<p>P\u00f6\u00f6rlev kaas kaitseb toitu mustuse ja putukate eest ning hoiab selle alati v\u00e4rskena. Tolmukindel kaas tagab, et toit s\u00e4ilib ohutult ja alati puhtana.<\/p>\n<p><img decoding=\"async\" src=\"https:\/\/blankpage.ee\/_ruumist-ruumi\/wp-content\/uploads\/2025\/04\/6-358.webp\" alt=\"P\u00f6\u00f6rlev tolmukindel kaas, mis kaitseb toitu nutikas kasside toidudosaatoris\" \/><\/p>\n<h3>400 ml mahutavus ja mugavus<\/h3>\n<p>Kaks sisekaussi v\u00f5imaldavad dosaatorisse mahutada kokku 400 ml toitu \u2013 piisavalt \u00fche kassi p\u00e4evase vajaduse jaoks. V\u00f5imalik on pakkuda ka kuni 200 g kuivtoitu, mis sobib nii erinevate toidut\u00fc\u00fcpide kui ka men\u00fc\u00fcde jaoks.<\/p>\n<p><img decoding=\"async\" src=\"https:\/\/blankpage.ee\/_ruumist-ruumi\/wp-content\/uploads\/2025\/04\/2-498.webp\" alt=\"Topeltkaussidega kasside toidudosaator CatLink F03 Standard koos toiduga\" \/><\/p>\n<h3>Disainitud kasside heaolu silmas pidades<\/h3>\n<p>Toidudosaatori modernne ja kompaktne disain sobib igasse koju. Dosaatoril on mitmeid t\u00f6\u00f6re\u017eiime: spetsiaalne treeningre\u017eiim aitab kassil harjuda nutika lahendusega ning \u00f6\u00f6re\u017eiimis on valgustus v\u00e4lja l\u00fclitatud, et mitte segada Sinu \u00f6\u00f6rahu. Seadet iseloomustab vaikne t\u00f6\u00f6 (kuni 40 dB), stabiilsust lisavad libisemiskindlad alused ning vastupidav ABS-plastik on ohutu nii toidule kui lemmikule.<\/p>\n<p><img decoding=\"async\" src=\"https:\/\/blankpage.ee\/_ruumist-ruumi\/wp-content\/uploads\/2025\/04\/7-327.webp\" alt=\"Kass s\u00f6\u00f6mas stabiilsest ja keskkonnas\u00f5bralikust nutikast kasside toidudosaatorist CatLink\" \/><\/p>\n<h3>Pikaajaline aku kestvus<\/h3>\n<p>Toidudosaator t\u00f6\u00f6tab tugevate AA-patareidega ning suudab \u00fche laadimisega t\u00f6\u00f6tada kuni 180 p\u00e4eva, pakkudes mugavust nii kodus kui ka reisidel.<\/p>\n<p><img decoding=\"async\" src=\"https:\/\/blankpage.ee\/_ruumist-ruumi\/wp-content\/uploads\/2025\/04\/4-467.webp\" alt=\"Nutika kasside toidudosaatori CatLink F03 Standard aku kestvuse graafiline info\" \/><\/p>\n<h3>Komplektis:<\/h3>\n<ul>\n<li>Nutikas kasside toidudosaator CatLink F03 Standard<\/li>\n<li>Krae x1<\/li>\n<li>RFID-tunnus x1<\/li>\n<li>Kasutusjuhend x1<\/li>\n<\/ul>\n<h3>Tehnilised andmed<\/h3>\n<table>\n<tbody>\n<tr>\n<th>Tootja<\/th>\n<td>CatLink<\/td>\n<\/tr>\n<tr>\n<th>Mudel<\/th>\n<td>F03 Standard<\/td>\n<\/tr>\n<tr>\n<th>Kausi maht<\/th>\n<td>400 ml<\/td>\n<\/tr>\n<tr>\n<th>Toitepinge<\/th>\n<td>5V=1A<\/td>\n<\/tr>\n<tr>\n<th>Patareid<\/th>\n<td>AA-t\u00fc\u00fcpi<\/td>\n<\/tr>\n<tr>\n<th>T\u00f6\u00f6heli<\/th>\n<td>kuni 40 dB<\/td>\n<\/tr>\n<tr>\n<th>Materjal<\/th>\n<td>HIPS, toidule ohutu ABS<\/td>\n<\/tr>\n<tr>\n<th>M\u00f5\u00f5tmed<\/th>\n<td>240 x 240 x 155 mm<\/td>\n<\/tr>\n<tr>\n<th>Kaal<\/th>\n<td>1,1 kg<\/td>\n<\/tr>\n<tr>\n<th>Sihtr\u00fchm<\/th>\n<td>Kassid, kaaluga 1,5\u201310 kg<\/td>\n<\/tr>\n<\/tbody>\n<\/table>\n","protected":false},"excerpt":{"rendered":"<p>Nutikas kasside toidudosaator CatLink F03 Standard RFID-tuvastusega Nutikas kasside toidudosaator CatLink F03 Standard on kaasaegne lahendus, mis tagab sinu kassile alati v\u00e4rske ja puhta toidu. See automaatne toidudosaator sobib h\u00e4sti nii kuiv- kui ka m\u00e4rgtoidu jaoks, pakkudes kaitset tolmu ja putukate eest t\u00e4nu nutikale p\u00f6\u00f6ratavale kaanele. Kasside individuaalne tuvastus RFID-tunnusega Toidudosaator t\u00f6\u00f6tab induktsioonre\u017eiimis, kasutades spetsiaalset [&hellip;]<\/p>\n","protected":false},"featured_media":173970,"comment_status":"open","ping_status":"closed","template":"","meta":[],"product_brand":[3107],"product_cat":[820],"product_tag":[],"class_list":{"0":"post-12583","1":"product","2":"type-product","3":"status-publish","4":"has-post-thumbnail","6":"product_brand-catlink","7":"product_cat-automaatsed-toidudosaatorid-koduloomadele","8":"product_shipping_class-innpro","10":"first","11":"instock","12":"sale","13":"taxable","14":"shipping-taxable","15":"purchasable","16":"product-type-simple"},"_links":{"self":[{"href":"https:\/\/blankpage.ee\/_ruumist-ruumi\/wp-json\/wp\/v2\/product\/12583","targetHints":{"allow":["GET"]}}],"collection":[{"href":"https:\/\/blankpage.ee\/_ruumist-ruumi\/wp-json\/wp\/v2\/product"}],"about":[{"href":"https:\/\/blankpage.ee\/_ruumist-ruumi\/wp-json\/wp\/v2\/types\/product"}],"replies":[{"embeddable":true,"href":"https:\/\/blankpage.ee\/_ruumist-ruumi\/wp-json\/wp\/v2\/comments?post=12583"}],"wp:featuredmedia":[{"embeddable":true,"href":"https:\/\/blankpage.ee\/_ruumist-ruumi\/wp-json\/wp\/v2\/media\/173970"}],"wp:attachment":[{"href":"https:\/\/blankpage.ee\/_ruumist-ruumi\/wp-json\/wp\/v2\/media?parent=12583"}],"wp:term":[{"taxonomy":"product_brand","embeddable":true,"href":"https:\/\/blankpage.ee\/_ruumist-ruumi\/wp-json\/wp\/v2\/product_brand?post=12583"},{"taxonomy":"product_cat","embeddable":true,"href":"https:\/\/blankpage.ee\/_ruumist-ruumi\/wp-json\/wp\/v2\/product_cat?post=12583"},{"taxonomy":"product_tag","embeddable":true,"href":"https:\/\/blankpage.ee\/_ruumist-ruumi\/wp-json\/wp\/v2\/product_tag?post=12583"}],"curies":[{"name":"wp","href":"https:\/\/api.w.org\/{rel}","templated":true}]}}