{"id":12640,"date":"2025-04-19T17:10:07","date_gmt":"2025-04-19T17:10:07","guid":{"rendered":"https:\/\/ruumistruumi.ee\/?post_type=product&#038;p=12640"},"modified":"2025-08-21T08:18:35","modified_gmt":"2025-08-21T08:18:35","slug":"automaatne-toidudosaator-petwant-f14-lbas-wifi-must-lemmikloomadele","status":"publish","type":"product","link":"https:\/\/blankpage.ee\/_ruumist-ruumi\/pood\/automaatne-toidudosaator-petwant-f14-lbas-wifi-must-lemmikloomadele\/","title":{"rendered":"Automaatne lemmikloomade s\u00f6\u00f6tja Petwant F14-L WiFi, 3 l, must"},"content":{"rendered":"<h3>Automaatne lemmikloomade s\u00f6\u00f6tja Petwant F14-L WiFi, must<\/h3>\n<p>Automaatne lemmikloomade s\u00f6\u00f6tja Petwant F14-L WiFi muudab igap\u00e4evase lemmiklooma toitmise lihtsaks ja mugavaks. 3-liitrise mahutavusega seade v\u00f5imaldab seadistada kuni neli s\u00f6\u00f6gikorda p\u00e4evas, et sinu lemmikloomal oleks alati \u00f5igeaegselt toit olemas ka siis, kui sind pole kodus. Korpuselt leiab l\u00e4bipaistva akna, mille abil saab toidutaset kiiresti kontrollida. Roostevabast terasest kauss on vastupidav ja kergesti puhastatav.<\/p>\n<p><img decoding=\"async\" src=\"https:\/\/blankpage.ee\/_ruumist-ruumi\/wp-content\/uploads\/2025\/04\/3-520.webp\" alt=\"Musta v\u00e4rvi automaatne lemmikloomade s\u00f6\u00f6tja Petwant F14-L WiFi\"\/><\/p>\n<h3>H\u00e4\u00e4lteadete salvestamine ja esitamine<\/h3>\n<p>Selle automaatse s\u00f6\u00f6turi \u00fcks eeliseid on v\u00f5imalus salvestada kuni 10-sekundilisi h\u00e4\u00e4ls\u00f5numeid, mis kutsuvad su lemmiklooma s\u00f6\u00f6ma igal s\u00f6\u00f6gikorral.<\/p>\n<p><img decoding=\"async\" src=\"https:\/\/blankpage.ee\/_ruumist-ruumi\/wp-content\/uploads\/2025\/04\/4-503.webp\" alt=\"Automaatse lemmikloomade s\u00f6\u00f6tja h\u00e4\u00e4ls\u00f5numi funktsioon\"\/><\/p>\n<h3>Paindlik ajastus ja nutirakendusest juhtimine<\/h3>\n<p>Kasutades mugavat rakendust saad seadistada kuni neli s\u00f6\u00f6gikorda ning reguleerida portsjone iga toidukorra jaoks \u2013 iga kord kuni 9 portsjonit. S\u00f6\u00f6tmisaegade haldamine on lihtne otse nutitelefonist ja saad s\u00f6\u00f6tjat kontrollida ka eemalt.<\/p>\n<p><img decoding=\"async\" src=\"https:\/\/blankpage.ee\/_ruumist-ruumi\/wp-content\/uploads\/2025\/04\/5-431.webp\" alt=\"Lemmiklooma automaatse s\u00f6\u00f6tja Petwant F14-L WiFi seadistamine nutirakendusega\"\/><\/p>\n<h3>Kompaktne suurus ja kaasaegne disain<\/h3>\n<p>S\u00f6\u00f6turi m\u00f5\u00f5dud (168 \u00d7 296 \u00d7 290 mm) ning minimalistlik kujundus v\u00f5imaldavad selle h\u00f5lpsasti paigutada igasse ruumi. Seade sobib kuivtoidule, mille tera l\u00e4bim\u00f5\u00f5t on 5\u201312 mm, ning sobib nii kassidele kui ka koertele.<\/p>\n<p><img decoding=\"async\" src=\"https:\/\/blankpage.ee\/_ruumist-ruumi\/wp-content\/uploads\/2025\/04\/7-352.webp\" alt=\"Kompaktne automaatne lemmikloomade toidujaotur musta v\u00e4rvi\"\/><\/p>\n<h3>Kaks toiteallikat ja pikaajaline t\u00f6\u00f6kindlus<\/h3>\n<p>Automaatne s\u00f6\u00f6tja t\u00f6\u00f6tab nii vooluv\u00f5rgust kui ka kolme D-t\u00fc\u00fcpi patareiga (ei kuulu komplekti), pakkudes katkestusteta t\u00f6\u00f6d kuni 180 p\u00e4eva, isegi elektrikatkestuse korral on lemmik toidetud.<\/p>\n<p><img decoding=\"async\" src=\"https:\/\/blankpage.ee\/_ruumist-ruumi\/wp-content\/uploads\/2025\/04\/6-379.webp\" alt=\"Automaatse lemmikloomade s\u00f6\u00f6tja toiteallika valikud (vooluv\u00f5rk ja patareid)\"\/><\/p>\n<h3>L\u00e4bim\u00f5eldud materjalid ja v\u00e4rskust tagav disain<\/h3>\n<p>Lemmikloomade s\u00f6\u00f6tja sees on niiskust imav kuivati, mis aitab toidu v\u00e4rskena hoida. Seade on valmistatud vastupidavast ABS-plastikust ja roostevabast terasest \u2013 puhastamine on lihtne ja materjalid tagavad pika kasutusea. See automaatne s\u00f6\u00f6tja sobib suurep\u00e4raselt nii kodudesse kui kontoritesse, kus hinnatakse mugavust ning toidu v\u00e4rskust.<\/p>\n<p><img decoding=\"async\" src=\"https:\/\/blankpage.ee\/_ruumist-ruumi\/wp-content\/uploads\/2025\/04\/2-533.webp\" alt=\"Automaatne lemmikloomade s\u00f6\u00f6tja tugevast plastikust ja roostevabast terasest korpusega\"\/><\/p>\n<h3>Tehnilised andmed<\/h3>\n<table>\n<tbody>\n<tr>\n<th>Tootja<\/th>\n<td>Petwant<\/td>\n<\/tr>\n<tr>\n<th>Mudel<\/th>\n<td>F14-L WiFi<\/td>\n<\/tr>\n<tr>\n<th>V\u00e4rvus<\/th>\n<td>Must<\/td>\n<\/tr>\n<tr>\n<th>Mahutavus<\/th>\n<td>3 l<\/td>\n<\/tr>\n<tr>\n<th>S\u00f6\u00f6gikordade arv p\u00e4evas<\/th>\n<td>1\u20134<\/td>\n<\/tr>\n<tr>\n<th>Sobiv toit<\/th>\n<td>Kuivtoit (5\u201312 mm)<\/td>\n<\/tr>\n<tr>\n<th>T\u00f6\u00f6aeg patareidega<\/th>\n<td>Kuni 180 p\u00e4eva<\/td>\n<\/tr>\n<tr>\n<th>Toide<\/th>\n<td>DC 5 V \/ 1 A v\u00f5i 3 \u00d7 D-patarei (ei kuulu komplekti)<\/td>\n<\/tr>\n<tr>\n<th>Nimiv\u00f5imsus<\/th>\n<td>0,5 W<\/td>\n<\/tr>\n<tr>\n<th>T\u00f6\u00f6temperatuur<\/th>\n<td>0\u201350 \u00b0C<\/td>\n<\/tr>\n<tr>\n<th>Materjalid<\/th>\n<td>Roostevaba teras, ABS plastik<\/td>\n<\/tr>\n<tr>\n<th>M\u00f5\u00f5dud<\/th>\n<td>168 \u00d7 296 \u00d7 290 mm<\/td>\n<\/tr>\n<tr>\n<th>Sihtgrupp<\/th>\n<td>Kassidele ja koertele<\/td>\n<\/tr>\n<tr>\n<th>Juhtimine \u00e4pist<\/th>\n<td>Jah<\/td>\n<\/tr>\n<\/tbody>\n<\/table>\n","protected":false},"excerpt":{"rendered":"<p>Automaatne lemmikloomade s\u00f6\u00f6tja Petwant F14-L WiFi, must Automaatne lemmikloomade s\u00f6\u00f6tja Petwant F14-L WiFi muudab igap\u00e4evase lemmiklooma toitmise lihtsaks ja mugavaks. 3-liitrise mahutavusega seade v\u00f5imaldab seadistada kuni neli s\u00f6\u00f6gikorda p\u00e4evas, et sinu lemmikloomal oleks alati \u00f5igeaegselt toit olemas ka siis, kui sind pole kodus. Korpuselt leiab l\u00e4bipaistva akna, mille abil saab toidutaset kiiresti kontrollida. Roostevabast terasest [&hellip;]<\/p>\n","protected":false},"featured_media":174424,"comment_status":"open","ping_status":"open","template":"","meta":[],"product_brand":[3104],"product_cat":[820],"product_tag":[],"class_list":{"0":"post-12640","1":"product","2":"type-product","3":"status-publish","4":"has-post-thumbnail","6":"product_brand-petwant","7":"product_cat-automaatsed-toidudosaatorid-koduloomadele","8":"product_shipping_class-innpro","10":"first","11":"instock","12":"sale","13":"taxable","14":"shipping-taxable","15":"purchasable","16":"product-type-simple"},"_links":{"self":[{"href":"https:\/\/blankpage.ee\/_ruumist-ruumi\/wp-json\/wp\/v2\/product\/12640","targetHints":{"allow":["GET"]}}],"collection":[{"href":"https:\/\/blankpage.ee\/_ruumist-ruumi\/wp-json\/wp\/v2\/product"}],"about":[{"href":"https:\/\/blankpage.ee\/_ruumist-ruumi\/wp-json\/wp\/v2\/types\/product"}],"replies":[{"embeddable":true,"href":"https:\/\/blankpage.ee\/_ruumist-ruumi\/wp-json\/wp\/v2\/comments?post=12640"}],"wp:featuredmedia":[{"embeddable":true,"href":"https:\/\/blankpage.ee\/_ruumist-ruumi\/wp-json\/wp\/v2\/media\/174424"}],"wp:attachment":[{"href":"https:\/\/blankpage.ee\/_ruumist-ruumi\/wp-json\/wp\/v2\/media?parent=12640"}],"wp:term":[{"taxonomy":"product_brand","embeddable":true,"href":"https:\/\/blankpage.ee\/_ruumist-ruumi\/wp-json\/wp\/v2\/product_brand?post=12640"},{"taxonomy":"product_cat","embeddable":true,"href":"https:\/\/blankpage.ee\/_ruumist-ruumi\/wp-json\/wp\/v2\/product_cat?post=12640"},{"taxonomy":"product_tag","embeddable":true,"href":"https:\/\/blankpage.ee\/_ruumist-ruumi\/wp-json\/wp\/v2\/product_tag?post=12640"}],"curies":[{"name":"wp","href":"https:\/\/api.w.org\/{rel}","templated":true}]}}