{"id":12674,"date":"2025-04-19T20:40:24","date_gmt":"2025-04-19T20:40:24","guid":{"rendered":"https:\/\/ruumistruumi.ee\/?post_type=product&#038;p=12674"},"modified":"2025-08-21T08:18:28","modified_gmt":"2025-08-21T08:18:28","slug":"toidudosaator-petsuper-pf01-2-5l-1080p-kaamera-wifi-valge","status":"publish","type":"product","link":"https:\/\/blankpage.ee\/_ruumist-ruumi\/pood\/toidudosaator-petsuper-pf01-2-5l-1080p-kaamera-wifi-valge\/","title":{"rendered":"Nutikas lemmikloomatoidumasin Petsuper PF01-2 WiFi, 5L, kaameraga, valge"},"content":{"rendered":"<h3>Nutikas lemmikloomatoidumasin Petsuper PF01-2 WiFi 5L kaameraga, valge<\/h3>\n<p>Petsuper PF01-2 on kaasaegne nutikas lemmikloomatoidumasin, mis teeb igap\u00e4evase lemmiklooma toitmise mugavaks ja annab Sulle rohkem vabadust. 5-liitrise mahutiga dosaator sobib kuiv-, k\u00fclmkuivatatud v\u00f5i segatoidu jaoks (graanulid 2\u201312 mm), aidates hoida toidu v\u00e4rskena pikemaks ajaks.<\/p>\n<p><img decoding=\"async\" src=\"https:\/\/blankpage.ee\/_ruumist-ruumi\/wp-content\/uploads\/2025\/04\/3-571.webp\" alt=\"Nutikas lemmikloomatoidumasin koos toiduga mahutis\" \/><\/p>\n<h3>HD-kaamera ja liikumisandur: lemmiku j\u00e4lgimine igal ajal<\/h3>\n<p>Nutika lemmikloomatoidumasina lahutamatu osa on sisseehitatud 1080P HD-kaamera 150\u00b0 lainurgaga, millel on ka \u00f6\u00f6vaatlusre\u017eiim ja liikumisandur. Nende abil saad rakenduse kaudu j\u00e4lgida oma lemmiku tegemisi ka siis, kui Sa ise kodus ei ole. Teavitused j\u00f5uavad telefoni nii p\u00e4eval kui \u00f6\u00f6sel, et p\u00fcsiksid alati kursis lemmiklooma eluga.<\/p>\n<p><img decoding=\"async\" src=\"https:\/\/blankpage.ee\/_ruumist-ruumi\/wp-content\/uploads\/2025\/04\/4-544.webp\" alt=\"HD-kaameraga nutikas lemmikloomatoidumasin l\u00e4hivaates\" \/><\/p>\n<h3>Kaugjuhtimine ja isikup\u00e4rased h\u00e4\u00e4lteated<\/h3>\n<p>Nutikat lemmikloomatoidumasinat saad mugavalt juhtida nutirakenduse abil \u2013 \u00fcksk\u00f5ik, kus Sa oled. Plaani kuni 6 toidukorda p\u00e4evas ja m\u00e4\u00e4ra portsjoni suurus t\u00e4pselt oma looma vajaduste j\u00e4rgi. Lisaks on v\u00f5imalik salvestada kuni 10-sekundiline h\u00e4\u00e4lk\u00f5ne, mis m\u00e4ngitakse toitmise ajal ette, et loom tunneks end turvaliselt ja tuttavalt.<\/p>\n<p><img decoding=\"async\" src=\"https:\/\/blankpage.ee\/_ruumist-ruumi\/wp-content\/uploads\/2025\/04\/7-372.webp\" alt=\"Nutirakenduses toiduportsjoni seadistamine lemmikloomatoidu dosaatoris\" \/><\/p>\n<h3>T\u00f5rgeteta toiduv\u00e4ljastus \u2013 alati v\u00e4rske ja \u00f5igel ajal<\/h3>\n<p>Innovaatiline v\u00e4ljastuss\u00fcsteem koos elastsete segamismaterjalidega ja lai avaus takistab ummistusi, tagades, et toit j\u00f5uab \u00f5igel ajal looma kaussi \u2013 olgu see siis kuiv, k\u00fclmkuivatatud v\u00f5i segatoit.<\/p>\n<p><img decoding=\"async\" src=\"https:\/\/blankpage.ee\/_ruumist-ruumi\/wp-content\/uploads\/2025\/04\/6-412.webp\" alt=\"Loomatoidu v\u00e4ljastusmehhanismi detailne vaade\" \/><\/p>\n<h3>Pidev toide ja turvalisus<\/h3>\n<p>Petsuper PF01-2 t\u00f6\u00f6tab nii vooluv\u00f5rgu kui kolme D-t\u00fc\u00fcpi patareiga (ei kuulu komplekti). Ka katkestuse korral j\u00e4tkab masin t\u00f6\u00f6d, tagades, et lemmikul on toit alati olemas.<\/p>\n<p><img decoding=\"async\" src=\"https:\/\/blankpage.ee\/_ruumist-ruumi\/wp-content\/uploads\/2025\/04\/1-620.webp\" alt=\"Nutikas lemmikloomatoidumasin voolu- ja patareitoitega\" \/><\/p>\n<h3>Toit p\u00fcsib v\u00e4rske ja kuiv<\/h3>\n<p>Mitmetasemeline kaitse \u2013 silikoonist tihend, niiskust neelav paun ja hermeetiline v\u00e4ljastus \u2013 hoiavad toidu kuivana ja v\u00e4rskena. \u00d5hukindel s\u00fcsteem kaitseb toitu niiskuse ning \u00f5hu eest.<\/p>\n<p><img decoding=\"async\" src=\"https:\/\/blankpage.ee\/_ruumist-ruumi\/wp-content\/uploads\/2025\/04\/2-603.webp\" alt=\"Hermeetiliselt suletud nutika lemmikloomatoidumasina \u00fclemine osa\" \/><\/p>\n<h3>Lihtne puhastada ja hooldada<\/h3>\n<p>Modulaarne disain v\u00f5imaldab k\u00f5ik osad lihtsalt lahti v\u00f5tta ning puhastada nii k\u00e4sitsi kui n\u00f5udepesumasinas. See teeb puhastamise kiireks ja mugavaks, hoides masina alati h\u00fcgieenilisena.<\/p>\n<p><img decoding=\"async\" src=\"https:\/\/blankpage.ee\/_ruumist-ruumi\/wp-content\/uploads\/2025\/04\/5-476.webp\" alt=\"Kergesti puhastatav nutikas lemmikloomatoidu dosaator\" \/><\/p>\n<div class=\"table-wrapper\">\n<table>\n<tbody>\n<tr>\n<th>Tootja<\/th>\n<td>Petsuper<\/td>\n<\/tr>\n<tr>\n<th>Mudel<\/th>\n<td>PF01-2<\/td>\n<\/tr>\n<tr>\n<th>Mahutavus<\/th>\n<td>5 l<\/td>\n<\/tr>\n<tr>\n<th>Toidut\u00fc\u00fcp<\/th>\n<td>Kuiv, k\u00fclmkuivatatud v\u00f5i segatoit (graanulid 2\u201312 mm)<\/td>\n<\/tr>\n<tr>\n<th>Portsjoni suurus<\/th>\n<td>8 g<\/td>\n<\/tr>\n<tr>\n<th>Toidukordi p\u00e4evas<\/th>\n<td>1\u20136<\/td>\n<\/tr>\n<tr>\n<th>Kaamera<\/th>\n<td>HD 1080P, 150\u00b0 lainurk<\/td>\n<\/tr>\n<tr>\n<th>Toide<\/th>\n<td>3 \u00d7 D-patarei (ei sisaldu), 5V adapter<\/td>\n<\/tr>\n<tr>\n<th>\u00dchenduvus<\/th>\n<td>WiFi 2.4G\/5G<\/td>\n<\/tr>\n<tr>\n<th>Lisafunktsioonid<\/th>\n<td>H\u00e4\u00e4lsalvestus, liikumisandur<\/td>\n<\/tr>\n<tr>\n<th>V\u00e4rvus<\/th>\n<td>valge<\/td>\n<\/tr>\n<\/tbody>\n<\/table>\n<\/div>\n","protected":false},"excerpt":{"rendered":"<p>Nutikas lemmikloomatoidumasin Petsuper PF01-2 WiFi 5L kaameraga, valge Petsuper PF01-2 on kaasaegne nutikas lemmikloomatoidumasin, mis teeb igap\u00e4evase lemmiklooma toitmise mugavaks ja annab Sulle rohkem vabadust. 5-liitrise mahutiga dosaator sobib kuiv-, k\u00fclmkuivatatud v\u00f5i segatoidu jaoks (graanulid 2\u201312 mm), aidates hoida toidu v\u00e4rskena pikemaks ajaks. HD-kaamera ja liikumisandur: lemmiku j\u00e4lgimine igal ajal Nutika lemmikloomatoidumasina lahutamatu osa on [&hellip;]<\/p>\n","protected":false},"featured_media":175019,"comment_status":"open","ping_status":"open","template":"","meta":[],"product_brand":[3088],"product_cat":[820],"product_tag":[],"class_list":{"0":"post-12674","1":"product","2":"type-product","3":"status-publish","4":"has-post-thumbnail","6":"product_brand-petsuper","7":"product_cat-automaatsed-toidudosaatorid-koduloomadele","8":"product_shipping_class-innpro","10":"first","11":"instock","12":"sale","13":"taxable","14":"shipping-taxable","15":"purchasable","16":"product-type-simple"},"_links":{"self":[{"href":"https:\/\/blankpage.ee\/_ruumist-ruumi\/wp-json\/wp\/v2\/product\/12674","targetHints":{"allow":["GET"]}}],"collection":[{"href":"https:\/\/blankpage.ee\/_ruumist-ruumi\/wp-json\/wp\/v2\/product"}],"about":[{"href":"https:\/\/blankpage.ee\/_ruumist-ruumi\/wp-json\/wp\/v2\/types\/product"}],"replies":[{"embeddable":true,"href":"https:\/\/blankpage.ee\/_ruumist-ruumi\/wp-json\/wp\/v2\/comments?post=12674"}],"wp:featuredmedia":[{"embeddable":true,"href":"https:\/\/blankpage.ee\/_ruumist-ruumi\/wp-json\/wp\/v2\/media\/175019"}],"wp:attachment":[{"href":"https:\/\/blankpage.ee\/_ruumist-ruumi\/wp-json\/wp\/v2\/media?parent=12674"}],"wp:term":[{"taxonomy":"product_brand","embeddable":true,"href":"https:\/\/blankpage.ee\/_ruumist-ruumi\/wp-json\/wp\/v2\/product_brand?post=12674"},{"taxonomy":"product_cat","embeddable":true,"href":"https:\/\/blankpage.ee\/_ruumist-ruumi\/wp-json\/wp\/v2\/product_cat?post=12674"},{"taxonomy":"product_tag","embeddable":true,"href":"https:\/\/blankpage.ee\/_ruumist-ruumi\/wp-json\/wp\/v2\/product_tag?post=12674"}],"curies":[{"name":"wp","href":"https:\/\/api.w.org\/{rel}","templated":true}]}}