{"id":12686,"date":"2025-04-19T20:57:50","date_gmt":"2025-04-19T20:57:50","guid":{"rendered":"https:\/\/ruumistruumi.ee\/?post_type=product&#038;p=12686"},"modified":"2025-08-21T08:18:27","modified_gmt":"2025-08-21T08:18:27","slug":"toidudosaator-petoneer-nutrivue-1080p-hd-kaameraga-wifi-lemmikloomale","status":"publish","type":"product","link":"https:\/\/blankpage.ee\/_ruumist-ruumi\/pood\/toidudosaator-petoneer-nutrivue-1080p-hd-kaameraga-wifi-lemmikloomale\/","title":{"rendered":"Nutikas lemmikloomatoidu dosaator kaameraga Petoneer NutriVue PF008 (Wi-Fi, 2,6 l, 1080p)"},"content":{"rendered":"<h3>Nutikas lemmikloomade toidujaotur Petoneer NutriVue kaameraga<\/h3>\n<p>Nutikas lemmikloomade toidujaotur Petoneer NutriVue sobib ideaalselt kassidele ja v\u00e4ikestele koertele, hoides su lemmikule kuivtoidu v\u00e4rske ning k\u00e4ttesaadavana, ka siis kui oled kodust eemal. 2,6-liitrise mahuti t\u00f5ttu on v\u00f5imalik toitu anda automaatselt kuni 10\u201315 p\u00e4eva, muutes toidujaoturi usaldusv\u00e4\u00e4rseks valikuks ootamatute reiside ja l\u00fchimate v\u00e4ljas\u00f5itude ajal.<\/p>\n<p><img decoding=\"async\" src=\"https:\/\/blankpage.ee\/_ruumist-ruumi\/wp-content\/uploads\/2025\/04\/1-630.webp\" alt=\"valge nutikas lemmikloomade toidujaotur suure mahuti ja kaameraga\" \/><\/p>\n<h3>T\u00e4psed portsjonid ja paindlik s\u00f6\u00f6misaja seadistus<\/h3>\n<p>Petoneeri rakendus v\u00f5imaldab seadistada portsjonite suurust ning m\u00e4\u00e4rata toitmisajad, aidates kujundada sinu lemmikule tervislikke s\u00f6\u00f6misharjumusi ning v\u00e4ltida \u00fcles\u00f6\u00f6mist. Nutikas lemmikloomade toidujaotur laseb j\u00e4lgida ja anal\u00fc\u00fcsida lemmiku toitumist ka siis, kui viibid eemal.<\/p>\n<p><img decoding=\"async\" src=\"https:\/\/blankpage.ee\/_ruumist-ruumi\/wp-content\/uploads\/2025\/04\/9-147.webp\" alt=\"lemmiklooma toidukoguse reguleerimine ja ajastamine mobiilirakenduses\" \/><\/p>\n<h3>H\u00fcgieeniline ja ohutu toidu s\u00e4ilitamine<\/h3>\n<p>Dosaatori 360\u00b0 silikoonist tihend ja kuivatusaine kaitsevad kuivtoitu niiskuse eest. Mahuti l\u00e4bipaistev osa v\u00f5imaldab alati kontrollida toidutaset ning nutikas sensor annab \u00e4pi kaudu teada, kui toit hakkab otsa l\u00f5ppema.<\/p>\n<p><img decoding=\"async\" src=\"https:\/\/blankpage.ee\/_ruumist-ruumi\/wp-content\/uploads\/2025\/04\/3-582.webp\" alt=\"kuivtoidu mahuti silikoonist tihendi ning niiskuskaitsega\" \/><\/p>\n<h3>Reaalajas j\u00e4lgimine ja suhtlus lemmikloomaga<\/h3>\n<p>Sisseehitatud 1080p kaamera v\u00f5imaldab j\u00e4lgida lemmikut reaalajas, salvestada videomaterjali ja r\u00e4\u00e4kida looma v\u00f5i temaga suhelda, isegi kodust eemal olles. Nutikas lemmikloomade toidujaotur pakub \u00f6\u00f6re\u017eiimi ja infrapuna funktsiooni, et j\u00e4lgimine oleks v\u00f5imalik iga kell.<\/p>\n<p><img decoding=\"async\" src=\"https:\/\/blankpage.ee\/_ruumist-ruumi\/wp-content\/uploads\/2025\/04\/7-378.webp\" alt=\"toidujaotur integreeritud 1080p kaamera ja \u00f6\u00f6re\u017eiimiga\" \/><\/p>\n<h3>Hetkede salvestamine ja jagamine<\/h3>\n<p>Toetab kuni 256 GB microSD-kaarti, mis v\u00f5imaldab salvestada ning taasesitada lemmiklooma erilisi hetki ja kasutada erinevaid videoredaktori v\u00f5imalusi.<\/p>\n<p><img decoding=\"async\" src=\"https:\/\/blankpage.ee\/_ruumist-ruumi\/wp-content\/uploads\/2025\/04\/8-203.webp\" alt=\"salvestatud videod lemmikloomast ja jagamisv\u00f5imalused\" \/><\/p>\n<h3>Lihtne hooldus ja vastupidav konstruktsioon<\/h3>\n<p>K\u00f5ik NutriVue dosaatori osad on valmistatud vastupidavast ABS-plastikust ning kauss on ohutult pestav n\u00f5udepesumasinas. Nutikas lemmikloomade toidujaotur on m\u00f5eldud lihtsaks puhastamiseks ning stabiilsust lisavad libisemiskindlad alused.<\/p>\n<p><img decoding=\"async\" src=\"https:\/\/blankpage.ee\/_ruumist-ruumi\/wp-content\/uploads\/2025\/04\/4-553.webp\" alt=\"ABS-plastikust pestav kauss ja lihtne hooldus\"> <\/p>\n<h3>Kvaliteetne ja turvaline nutikas toidujaotur<\/h3>\n<p>Toidujaotur on varustatud libisemiskindlate jalgadega, hermeetilise toiduavaga ning ummistuste v\u00e4ltimiseks p\u00f6\u00f6rleva rootoriga. Nii kaitstakse toitu t\u00f5husalt putukate ja niiskuse eest.<\/p>\n<p><img decoding=\"async\" src=\"https:\/\/blankpage.ee\/_ruumist-ruumi\/wp-content\/uploads\/2025\/04\/5-484.webp\" alt=\"stabiilne libisemisvastaste jalgadega nutikas lemmikloomade toidujaotur\" \/><\/p>\n<h3>Tehnilised andmed<\/h3>\n<table>\n<tbody>\n<tr>\n<th>Tootja<\/th>\n<td>Petoneer<\/td>\n<\/tr>\n<tr>\n<th>Mudel<\/th>\n<td>PF008<\/td>\n<\/tr>\n<tr>\n<th>M\u00f5\u00f5tmed<\/th>\n<td>191 \u00d7 191 \u00d7 312 mm<\/td>\n<\/tr>\n<tr>\n<th>Kaal<\/th>\n<td>1,65 kg<\/td>\n<\/tr>\n<tr>\n<th>Materjal<\/th>\n<td>ABS-plastik<\/td>\n<\/tr>\n<tr>\n<th>Mahutavus<\/th>\n<td>2,6 l<\/td>\n<\/tr>\n<tr>\n<th>Minimaalne portsjon<\/th>\n<td>5 g<\/td>\n<\/tr>\n<tr>\n<th>SD-kaardi maksimummaht<\/th>\n<td>256 GB<\/td>\n<\/tr>\n<tr>\n<th>Kaamerasalvestuse kvaliteet<\/th>\n<td>1080p<\/td>\n<\/tr>\n<tr>\n<th>Heli<\/th>\n<td>Kahesuunaline<\/td>\n<\/tr>\n<tr>\n<th>\u00dchendus<\/th>\n<td>Wi-Fi<\/td>\n<\/tr>\n<tr>\n<th>Toiteallikas<\/th>\n<td>DC 5V 2A \/ 4x C\/LR14 patareid<\/td>\n<\/tr>\n<tr>\n<th>Laadimisliides<\/th>\n<td>USB-C<\/td>\n<\/tr>\n<tr>\n<th>Kasutussobivus<\/th>\n<td>iOS, Android<\/td>\n<\/tr>\n<\/tbody>\n<\/table>\n<h3>Komplektis<\/h3>\n<ul>\n<li>NutriVue toidu dosaator<\/li>\n<li>ABS-materjalist kauss<\/li>\n<li>1,2 m USB-C kaabel<\/li>\n<li>Kuivatusaine<\/li>\n<li>Kasutusjuhend<\/li>\n<\/ul>\n","protected":false},"excerpt":{"rendered":"<p>Nutikas lemmikloomade toidujaotur Petoneer NutriVue kaameraga Nutikas lemmikloomade toidujaotur Petoneer NutriVue sobib ideaalselt kassidele ja v\u00e4ikestele koertele, hoides su lemmikule kuivtoidu v\u00e4rske ning k\u00e4ttesaadavana, ka siis kui oled kodust eemal. 2,6-liitrise mahuti t\u00f5ttu on v\u00f5imalik toitu anda automaatselt kuni 10\u201315 p\u00e4eva, muutes toidujaoturi usaldusv\u00e4\u00e4rseks valikuks ootamatute reiside ja l\u00fchimate v\u00e4ljas\u00f5itude ajal. T\u00e4psed portsjonid ja paindlik [&hellip;]<\/p>\n","protected":false},"featured_media":175116,"comment_status":"open","ping_status":"open","template":"","meta":[],"product_brand":[3059],"product_cat":[820],"product_tag":[],"class_list":{"0":"post-12686","1":"product","2":"type-product","3":"status-publish","4":"has-post-thumbnail","6":"product_brand-petoneer","7":"product_cat-automaatsed-toidudosaatorid-koduloomadele","8":"product_shipping_class-innpro","10":"first","11":"outofstock","12":"sale","13":"taxable","14":"shipping-taxable","15":"purchasable","16":"product-type-simple"},"_links":{"self":[{"href":"https:\/\/blankpage.ee\/_ruumist-ruumi\/wp-json\/wp\/v2\/product\/12686","targetHints":{"allow":["GET"]}}],"collection":[{"href":"https:\/\/blankpage.ee\/_ruumist-ruumi\/wp-json\/wp\/v2\/product"}],"about":[{"href":"https:\/\/blankpage.ee\/_ruumist-ruumi\/wp-json\/wp\/v2\/types\/product"}],"replies":[{"embeddable":true,"href":"https:\/\/blankpage.ee\/_ruumist-ruumi\/wp-json\/wp\/v2\/comments?post=12686"}],"wp:featuredmedia":[{"embeddable":true,"href":"https:\/\/blankpage.ee\/_ruumist-ruumi\/wp-json\/wp\/v2\/media\/175116"}],"wp:attachment":[{"href":"https:\/\/blankpage.ee\/_ruumist-ruumi\/wp-json\/wp\/v2\/media?parent=12686"}],"wp:term":[{"taxonomy":"product_brand","embeddable":true,"href":"https:\/\/blankpage.ee\/_ruumist-ruumi\/wp-json\/wp\/v2\/product_brand?post=12686"},{"taxonomy":"product_cat","embeddable":true,"href":"https:\/\/blankpage.ee\/_ruumist-ruumi\/wp-json\/wp\/v2\/product_cat?post=12686"},{"taxonomy":"product_tag","embeddable":true,"href":"https:\/\/blankpage.ee\/_ruumist-ruumi\/wp-json\/wp\/v2\/product_tag?post=12686"}],"curies":[{"name":"wp","href":"https:\/\/api.w.org\/{rel}","templated":true}]}}