{"id":129199,"date":"2025-01-01T15:10:43","date_gmt":"2025-01-01T15:10:43","guid":{"rendered":"https:\/\/ruumistruumi.ee\/pood\/gabioon-taimelava-tsingitud-teras-200-x-100-x-20-cm\/"},"modified":"2025-08-21T02:14:42","modified_gmt":"2025-08-21T02:14:42","slug":"gabioon-taimelava-tsingitud-teras-200-x-100-x-20-cm","status":"publish","type":"product","link":"https:\/\/blankpage.ee\/_ruumist-ruumi\/pood\/gabioon-taimelava-tsingitud-teras-200-x-100-x-20-cm\/","title":{"rendered":"Gabioon-taimelava, tsingitud teras, 200 x 100 x 20 cm"},"content":{"rendered":"<p>Gabioon-taimelavaga saate mugavalt aias v\u00f5i sise\u00f5ues teha tugeva, samas stiilse piirde lille- v\u00f5i taimepeenrale. Vastupidav gabioon on m\u00f5eldud kivide v\u00f5i kruusaga t\u00e4itmiseks. Rooste- ja ilmastikukindlast tsingitud terasest gabioon on v\u00e4ga stabiilne ja vastupidav. Igas ristumiskohas keevitatud p\u00f5iki- ja pikisuunalised traadid pakuvad gabioon-taimekastile t\u00e4iendavat stabiilsust ja need toimivad ka v\u00f5rgusilmana. Pange t\u00e4hele, et kivid ja taimed ei kuulu komplekti.<\/p>\n<ul>\n<li>V\u00e4rv: h\u00f5bedane<\/li>\n<li>Materjal: tsingitud teras<\/li>\n<li>V\u00e4lism\u00f5\u00f5tmed: 200 x 100 x 20 cm (P x L x K)<\/li>\n<li>Sisem\u00f5\u00f5tmed: 180 x 80 x 20 cm (P x L x K)<\/li>\n<li>Seina paksus: 10 cm<\/li>\n<li>V\u00f5rgu suurus: 10 x 5 cm (P x L)<\/li>\n<li>Traadi l\u00e4bim\u00f5\u00f5t: 3,5 mm<\/li>\n<li>Suur kandev\u00f5ime<\/li>\n<li>Vajalik kokkupanek: jah<\/li>\n<\/ul>\n","protected":false},"excerpt":{"rendered":"<p>Gabioon-taimelavaga saate mugavalt aias v\u00f5i sise\u00f5ues teha tugeva, samas stiilse piirde lille- v\u00f5i taimepeenrale. Vastupidav gabioon on m\u00f5eldud kivide v\u00f5i kruusaga t\u00e4itmiseks. Rooste- ja ilmastikukindlast tsingitud terasest gabioon on v\u00e4ga stabiilne ja vastupidav. Igas ristumiskohas keevitatud p\u00f5iki- ja pikisuunalised traadid pakuvad gabioon-taimekastile t\u00e4iendavat stabiilsust ja need toimivad ka v\u00f5rgusilmana. Pange t\u00e4hele, et kivid ja taimed [&hellip;]<\/p>\n","protected":false},"featured_media":129200,"comment_status":"open","ping_status":"open","template":"","meta":[],"product_brand":[],"product_cat":[1762],"product_tag":[],"class_list":{"0":"post-129199","1":"product","2":"type-product","3":"status-publish","4":"has-post-thumbnail","6":"product_cat-taimekastid-ja-potid","7":"product_shipping_class-vidaxl","8":"pa_varv-hobedane","10":"first","11":"outofstock","12":"taxable","13":"shipping-taxable","14":"purchasable","15":"product-type-simple"},"_links":{"self":[{"href":"https:\/\/blankpage.ee\/_ruumist-ruumi\/wp-json\/wp\/v2\/product\/129199","targetHints":{"allow":["GET"]}}],"collection":[{"href":"https:\/\/blankpage.ee\/_ruumist-ruumi\/wp-json\/wp\/v2\/product"}],"about":[{"href":"https:\/\/blankpage.ee\/_ruumist-ruumi\/wp-json\/wp\/v2\/types\/product"}],"replies":[{"embeddable":true,"href":"https:\/\/blankpage.ee\/_ruumist-ruumi\/wp-json\/wp\/v2\/comments?post=129199"}],"wp:featuredmedia":[{"embeddable":true,"href":"https:\/\/blankpage.ee\/_ruumist-ruumi\/wp-json\/wp\/v2\/media\/129200"}],"wp:attachment":[{"href":"https:\/\/blankpage.ee\/_ruumist-ruumi\/wp-json\/wp\/v2\/media?parent=129199"}],"wp:term":[{"taxonomy":"product_brand","embeddable":true,"href":"https:\/\/blankpage.ee\/_ruumist-ruumi\/wp-json\/wp\/v2\/product_brand?post=129199"},{"taxonomy":"product_cat","embeddable":true,"href":"https:\/\/blankpage.ee\/_ruumist-ruumi\/wp-json\/wp\/v2\/product_cat?post=129199"},{"taxonomy":"product_tag","embeddable":true,"href":"https:\/\/blankpage.ee\/_ruumist-ruumi\/wp-json\/wp\/v2\/product_tag?post=129199"}],"curies":[{"name":"wp","href":"https:\/\/api.w.org\/{rel}","templated":true}]}}