{"id":131627,"date":"2025-01-01T20:05:14","date_gmt":"2025-01-01T20:05:14","guid":{"rendered":"https:\/\/ruumistruumi.ee\/pood\/taimekast-eemaldatava-sisuga-valge-15-153-l-pp-rotang\/"},"modified":"2025-08-21T02:14:41","modified_gmt":"2025-08-21T02:14:41","slug":"taimekast-eemaldatava-sisuga-valge-15-153-l-pp-rotang","status":"publish","type":"product","link":"https:\/\/blankpage.ee\/_ruumist-ruumi\/pood\/taimekast-eemaldatava-sisuga-valge-15-153-l-pp-rotang\/","title":{"rendered":"Taimekast eemaldatava sisuga, valge, 15 \/ 15,3 l PP-rotang"},"content":{"rendered":"<p>Kasvatage ja eksponeerige oma lemmiklilli v\u00f5i -taimi selles rotangi v\u00e4limusega taimekastis. See muudab teie aia, r\u00f5du, sise\u00f5ue, terrassi v\u00f5i sissep\u00e4\u00e4su stiilseks! Vastupidav materjal: pol\u00fcprop\u00fcleen on laialdaselt kasutatav plast, mis on ka \u00fcks enimkasutatavaid materjale v\u00e4lim\u00f6\u00f6blis. See on kerge kaaluga, tugev ja l\u00f6\u00f6gikindel.Palju ruumi: lillekast pakub palju ruumi taimede, k\u00f6\u00f6giviljade, \u00fcrtide ja lillede jaoks.Eemaldatav kilesisu: aia taimekastil on t\u00e4ielikult eemaldatav kilesisu, et seda oleks lihtne t\u00e4ita.Ilus rotangi v\u00e4limus: aiakastil on rotangi v\u00e4limus, mis toob teie eluruumi loomulikku sarmi.<\/p>\n<ul>\n<li>V\u00e4rvus: valge<\/li>\n<li>Materjal: rotangi v\u00e4limusega PP (pol\u00fcprop\u00fcleen)<\/li>\n<li>M\u00f5\u00f5tmed: 30 x 27 cm (D x H)<\/li>\n<li>Sisemise kasti maht: 15 l<\/li>\n<li>V\u00e4lise kasti maht: 15,3 l<\/li>\n<li><strong>Komplekti kuulub:<\/strong><\/li>\n<li>1 x taimekast<\/li>\n<li>1 x eemaldatav plastist sisu<\/li>\n<\/ul>\n","protected":false},"excerpt":{"rendered":"<p>Kasvatage ja eksponeerige oma lemmiklilli v\u00f5i -taimi selles rotangi v\u00e4limusega taimekastis. See muudab teie aia, r\u00f5du, sise\u00f5ue, terrassi v\u00f5i sissep\u00e4\u00e4su stiilseks! Vastupidav materjal: pol\u00fcprop\u00fcleen on laialdaselt kasutatav plast, mis on ka \u00fcks enimkasutatavaid materjale v\u00e4lim\u00f6\u00f6blis. See on kerge kaaluga, tugev ja l\u00f6\u00f6gikindel.Palju ruumi: lillekast pakub palju ruumi taimede, k\u00f6\u00f6giviljade, \u00fcrtide ja lillede jaoks.Eemaldatav kilesisu: aia [&hellip;]<\/p>\n","protected":false},"featured_media":131628,"comment_status":"open","ping_status":"open","template":"","meta":[],"product_brand":[],"product_cat":[1762],"product_tag":[],"class_list":{"0":"post-131627","1":"product","2":"type-product","3":"status-publish","4":"has-post-thumbnail","6":"product_cat-taimekastid-ja-potid","7":"product_shipping_class-vidaxl","8":"pa_varv-valge","10":"first","11":"outofstock","12":"taxable","13":"shipping-taxable","14":"purchasable","15":"product-type-simple"},"_links":{"self":[{"href":"https:\/\/blankpage.ee\/_ruumist-ruumi\/wp-json\/wp\/v2\/product\/131627","targetHints":{"allow":["GET"]}}],"collection":[{"href":"https:\/\/blankpage.ee\/_ruumist-ruumi\/wp-json\/wp\/v2\/product"}],"about":[{"href":"https:\/\/blankpage.ee\/_ruumist-ruumi\/wp-json\/wp\/v2\/types\/product"}],"replies":[{"embeddable":true,"href":"https:\/\/blankpage.ee\/_ruumist-ruumi\/wp-json\/wp\/v2\/comments?post=131627"}],"wp:featuredmedia":[{"embeddable":true,"href":"https:\/\/blankpage.ee\/_ruumist-ruumi\/wp-json\/wp\/v2\/media\/131628"}],"wp:attachment":[{"href":"https:\/\/blankpage.ee\/_ruumist-ruumi\/wp-json\/wp\/v2\/media?parent=131627"}],"wp:term":[{"taxonomy":"product_brand","embeddable":true,"href":"https:\/\/blankpage.ee\/_ruumist-ruumi\/wp-json\/wp\/v2\/product_brand?post=131627"},{"taxonomy":"product_cat","embeddable":true,"href":"https:\/\/blankpage.ee\/_ruumist-ruumi\/wp-json\/wp\/v2\/product_cat?post=131627"},{"taxonomy":"product_tag","embeddable":true,"href":"https:\/\/blankpage.ee\/_ruumist-ruumi\/wp-json\/wp\/v2\/product_tag?post=131627"}],"curies":[{"name":"wp","href":"https:\/\/api.w.org\/{rel}","templated":true}]}}