{"id":143977,"date":"2025-03-05T20:53:35","date_gmt":"2025-03-05T20:53:35","guid":{"rendered":"https:\/\/ruumistruumi.ee\/pood\/metallist-aiatool-bois-beez-9558-222\/"},"modified":"2025-08-17T16:34:17","modified_gmt":"2025-08-17T16:34:17","slug":"metallist-aiatool-bois-beez-9558-222","status":"publish","type":"product","link":"https:\/\/blankpage.ee\/_ruumist-ruumi\/pood\/metallist-aiatool-bois-beez-9558-222\/","title":{"rendered":"Metallist aiatool Bois, bee\u017e, 9558-222"},"content":{"rendered":"<h3>Elegantne ja vastupidav aiatool Bois<\/h3>\n<p><strong>Aiatool Bois<\/strong> on ideaalne valik neile, kes hindavad kvaliteeti, stiili ja mugavust oma v\u00e4liruumis. Selle FSC\u00ae-sertifikaadiga puidust valmistatud detailid tagavad, et materjal p\u00e4rineb vastutustundlikult majandatud metsadest, kus arvestatakse nii inimeste kui ka keskkonna heaoluga.<\/p>\n<h3>Ajatu disain ja vastupidavad materjalid<\/h3>\n<p>Tooli tugev terasraam tagab pikaealisuse ning stabiilsuse, samal ajal kui vastupidavast n\u00f6\u00f6rist istumisosa ja seljatugi lisavad sellele kaasaegse ilme. Looduslikust akaatsiapuidust k\u00e4etoed toovad disaini soojust ja elegantsi, pakkudes samal ajal meeldivat puudutust. <strong>Bee\u017e aiatool Bois<\/strong> sulandub harmooniliselt erinevatesse aiastiilidesse, muutes selle suurep\u00e4raseks lisandiks igale terrassile v\u00f5i r\u00f5dule.<\/p>\n<h3>Maksimaalne mugavus igaks hetkeks<\/h3>\n<p>See aiatool ei ole vaid kaunis vaadata, vaid ka \u00e4\u00e4rmiselt mugav. Kergelt vetruv istumisosa pakub l\u00f5\u00f5gastavat tunnet, v\u00f5imaldades nautida pikki \u00f5htus\u00f6\u00f6ke v\u00f5i rahulikke hetki v\u00e4rskes \u00f5hus. T\u00e4nu oma nutikale disainile sobib see suurep\u00e4raselt erinevate s\u00f6\u00f6gilaudade \u00fcmber, luues kutsuva ja hubase atmosf\u00e4\u00e4ri.<\/p>\n<h3>Mitmek\u00fclgne ja ilmastikukindel<\/h3>\n<p>T\u00e4nu kvaliteetsetele materjalidele on <strong>aiatool Bois<\/strong> ilmastikukindel ja lihtsasti hooldatav, mist\u00f5ttu sobib see suurep\u00e4raselt v\u00e4listingimustesse. Selle hooldus on minimaalne \u2013 piisab vaid aeg-ajalt niiske lapiga puhastamisest, et s\u00e4ilitada tooli kaunis v\u00e4limus ja funktsionaalsus aastaid.<\/p>\n<p>Lisa oma aeda elegantsi ja mugavust <strong>aiatooliga Bois<\/strong>, mis \u00fchendab endas stiili, vastupidavuse ja praktilisuse igap\u00e4evaseks kasutamiseks.<\/p>\n","protected":false},"excerpt":{"rendered":"<p>Elegantne ja vastupidav aiatool Bois Aiatool Bois on ideaalne valik neile, kes hindavad kvaliteeti, stiili ja mugavust oma v\u00e4liruumis. Selle FSC\u00ae-sertifikaadiga puidust valmistatud detailid tagavad, et materjal p\u00e4rineb vastutustundlikult majandatud metsadest, kus arvestatakse nii inimeste kui ka keskkonna heaoluga. Ajatu disain ja vastupidavad materjalid Tooli tugev terasraam tagab pikaealisuse ning stabiilsuse, samal ajal kui vastupidavast [&hellip;]<\/p>\n","protected":false},"featured_media":160894,"comment_status":"open","ping_status":"open","template":"","meta":[],"product_brand":[1818],"product_cat":[1683],"product_tag":[],"class_list":{"0":"post-143977","1":"product","2":"type-product","3":"status-publish","4":"has-post-thumbnail","6":"product_brand-venture-design","7":"product_cat-aiatoolid","8":"product_shipping_class-venture-design","9":"pa_istme-varvus-beez","10":"pa_jalgade-varv-beez","11":"pa_kangas-100-poluester","12":"pa_kollektsioon-bois","13":"pa_mootmed-65x63x93cm","14":"pa_varv-beez","16":"first","17":"instock","18":"sale","19":"taxable","20":"shipping-taxable","21":"purchasable","22":"product-type-simple"},"_links":{"self":[{"href":"https:\/\/blankpage.ee\/_ruumist-ruumi\/wp-json\/wp\/v2\/product\/143977","targetHints":{"allow":["GET"]}}],"collection":[{"href":"https:\/\/blankpage.ee\/_ruumist-ruumi\/wp-json\/wp\/v2\/product"}],"about":[{"href":"https:\/\/blankpage.ee\/_ruumist-ruumi\/wp-json\/wp\/v2\/types\/product"}],"replies":[{"embeddable":true,"href":"https:\/\/blankpage.ee\/_ruumist-ruumi\/wp-json\/wp\/v2\/comments?post=143977"}],"wp:featuredmedia":[{"embeddable":true,"href":"https:\/\/blankpage.ee\/_ruumist-ruumi\/wp-json\/wp\/v2\/media\/160894"}],"wp:attachment":[{"href":"https:\/\/blankpage.ee\/_ruumist-ruumi\/wp-json\/wp\/v2\/media?parent=143977"}],"wp:term":[{"taxonomy":"product_brand","embeddable":true,"href":"https:\/\/blankpage.ee\/_ruumist-ruumi\/wp-json\/wp\/v2\/product_brand?post=143977"},{"taxonomy":"product_cat","embeddable":true,"href":"https:\/\/blankpage.ee\/_ruumist-ruumi\/wp-json\/wp\/v2\/product_cat?post=143977"},{"taxonomy":"product_tag","embeddable":true,"href":"https:\/\/blankpage.ee\/_ruumist-ruumi\/wp-json\/wp\/v2\/product_tag?post=143977"}],"curies":[{"name":"wp","href":"https:\/\/api.w.org\/{rel}","templated":true}]}}