{"id":144024,"date":"2025-03-05T21:02:50","date_gmt":"2025-03-05T21:02:50","guid":{"rendered":"https:\/\/ruumistruumi.ee\/pood\/alumiiniumist-aia-soogilaud-mirko-must-205x90x74-9810-100\/"},"modified":"2025-08-21T00:44:06","modified_gmt":"2025-08-21T00:44:06","slug":"alumiiniumist-kandiline-aia-soogilaud-mirko-must-205x90x74-9810-100","status":"publish","type":"product","link":"https:\/\/blankpage.ee\/_ruumist-ruumi\/pood\/alumiiniumist-kandiline-aia-soogilaud-mirko-must-205x90x74-9810-100\/","title":{"rendered":"Alumiiniumist kandiline aia s\u00f6\u00f6gilaud Mirko, must, 205x90x74, 9810-100"},"content":{"rendered":"<h3>Alumiiniumist aia s\u00f6\u00f6gilaud Mirko \u2013 stiilne ja vastupidav valik sinu \u00f5uealale<\/h3>\n<p><strong>Alumiiniumist aia s\u00f6\u00f6gilaud Mirko<\/strong> \u00fchendab modernse disaini ja praktilisuse, luues ideaalse keskkonna nii igap\u00e4evasteks s\u00f6\u00f6gikordadeks kui ka meeleolukateks koosviibimisteks. Laua elegantne must toon lisab \u00f5uealale stiili ning selle ajatu vorm sobitub h\u00f5lpsasti erinevate aiam\u00f6\u00f6bli lahendustega.<\/p>\n<h3>Kerge, kuid vastupidav konstruktsioon<\/h3>\n<p>Mirko laua raam on valmistatud kvaliteetsest alumiiniumist, mis on \u00fchtaegu kerge ja tugev. Alumiinium on tuntud oma roostevastaste omaduste poolest, mist\u00f5ttu peab see laud h\u00e4sti vastu nii vihmale kui ka niiskusele. See muudab Mirko ideaalseks valikuks Eesti muutliku kliimaga \u00f5uealadele.<\/p>\n<h3>Loodusl\u00e4hedane ja elegantne lauaplaat<\/h3>\n<p>Laua pind on kaetud kauni WPC plaadiga, mis lisab naturaalsust ja soojust. WPC siledale tekstuurile ja tugevale struktuurile p\u00fcsib laud kaunina ka aastate m\u00f6\u00f6dudes. T\u00e4nu oma avarale 205 x 90 cm pinnale mahutab laud mugavalt suurema seltskonna, muutes selle ideaaliks peres\u00f6\u00f6kideks ja aiapidudeks.<\/p>\n<h3>Ajatu disain igale terrassile<\/h3>\n<p>Mirko laua minimalistlik ja funktsionaalne disain sobib h\u00e4sti nii modernse kui ka klassikalise stiiliga \u00f5uealadele. Selle 74 cm k\u00f5rgus tagab mugava istumisasendi, pakkudes ideaalset tasakaalu stiili ja praktilisuse vahel.<\/p>\n<p>Kui otsid vastupidavat ja stiilset lahendust oma terrassile v\u00f5i aeda, siis <strong>alumiiniumist aia s\u00f6\u00f6gilaud Mirko<\/strong> on suurep\u00e4rane valik. Naudi kvaliteeti ja ajatut disaini, mis peab vastu nii ajale kui ka ilmastikutingimustele!<\/p>\n","protected":false},"excerpt":{"rendered":"<p>Alumiiniumist aia s\u00f6\u00f6gilaud Mirko \u2013 stiilne ja vastupidav valik sinu \u00f5uealale Alumiiniumist aia s\u00f6\u00f6gilaud Mirko \u00fchendab modernse disaini ja praktilisuse, luues ideaalse keskkonna nii igap\u00e4evasteks s\u00f6\u00f6gikordadeks kui ka meeleolukateks koosviibimisteks. Laua elegantne must toon lisab \u00f5uealale stiili ning selle ajatu vorm sobitub h\u00f5lpsasti erinevate aiam\u00f6\u00f6bli lahendustega. Kerge, kuid vastupidav konstruktsioon Mirko laua raam on valmistatud [&hellip;]<\/p>\n","protected":false},"featured_media":164892,"comment_status":"open","ping_status":"closed","template":"","meta":[],"product_brand":[1818],"product_cat":[1805],"product_tag":[],"class_list":{"0":"post-144024","1":"product","2":"type-product","3":"status-publish","4":"has-post-thumbnail","6":"product_brand-venture-design","7":"product_cat-kandilised-aia-soogilauad","8":"product_shipping_class-venture-design","9":"pa_jalgade-varv-must","10":"pa_kollektsioon-mirko","11":"pa_laua-tasapinna-varvus-must","12":"pa_mootmed-205x90x74","13":"pa_varv-must","15":"first","16":"instock","17":"sale","18":"taxable","19":"shipping-taxable","20":"purchasable","21":"product-type-simple"},"_links":{"self":[{"href":"https:\/\/blankpage.ee\/_ruumist-ruumi\/wp-json\/wp\/v2\/product\/144024","targetHints":{"allow":["GET"]}}],"collection":[{"href":"https:\/\/blankpage.ee\/_ruumist-ruumi\/wp-json\/wp\/v2\/product"}],"about":[{"href":"https:\/\/blankpage.ee\/_ruumist-ruumi\/wp-json\/wp\/v2\/types\/product"}],"replies":[{"embeddable":true,"href":"https:\/\/blankpage.ee\/_ruumist-ruumi\/wp-json\/wp\/v2\/comments?post=144024"}],"wp:featuredmedia":[{"embeddable":true,"href":"https:\/\/blankpage.ee\/_ruumist-ruumi\/wp-json\/wp\/v2\/media\/164892"}],"wp:attachment":[{"href":"https:\/\/blankpage.ee\/_ruumist-ruumi\/wp-json\/wp\/v2\/media?parent=144024"}],"wp:term":[{"taxonomy":"product_brand","embeddable":true,"href":"https:\/\/blankpage.ee\/_ruumist-ruumi\/wp-json\/wp\/v2\/product_brand?post=144024"},{"taxonomy":"product_cat","embeddable":true,"href":"https:\/\/blankpage.ee\/_ruumist-ruumi\/wp-json\/wp\/v2\/product_cat?post=144024"},{"taxonomy":"product_tag","embeddable":true,"href":"https:\/\/blankpage.ee\/_ruumist-ruumi\/wp-json\/wp\/v2\/product_tag?post=144024"}],"curies":[{"name":"wp","href":"https:\/\/api.w.org\/{rel}","templated":true}]}}