{"id":144086,"date":"2025-03-05T21:02:50","date_gmt":"2025-03-05T21:02:50","guid":{"rendered":"https:\/\/ruumistruumi.ee\/pood\/akaatsiapuidust-lamamistool-tropea-naturaalne-9805-444\/"},"modified":"2025-08-21T00:44:07","modified_gmt":"2025-08-21T00:44:07","slug":"akaatsiapuidust-lamamistool-tropea-naturaalne-9805-444","status":"publish","type":"product","link":"https:\/\/blankpage.ee\/_ruumist-ruumi\/pood\/akaatsiapuidust-lamamistool-tropea-naturaalne-9805-444\/","title":{"rendered":"Akaatsiapuidust lamamistool Tropea, naturaalne, 9805-444"},"content":{"rendered":"<h3>Ajatu disain ja vastupidavus sinu aeda<\/h3>\n<p><strong>Akatsiast lamamistool Tropea, naturaalne<\/strong> on ideaalne valik neile, kes otsivad stiilset ja funktsionaalset aiam\u00f6\u00f6blit. Valmistatud kvaliteetsest akatsiast, see FSC\u00ae sertifikaadiga (FSC\u00aeC177288) tool tagab, et kasutatud puit p\u00e4rineb vastutustundlikust metsandusest. See t\u00e4hendab, et lisaks vastupidavusele on Tropea ka keskkonnas\u00f5bralik valik.<\/p>\n<h3>Kohandatav mugavus<\/h3>\n<p>Tropea lamamistool on loodud pakkuma maksimaalset l\u00f5\u00f5gastust. T\u00e4nu reguleeritavale seljatoele ja jalatoele saad h\u00f5lpsalt muuta istumisasendit vastavalt oma eelistustele. Olgu sooviks sirgelt istuda v\u00f5i t\u00e4ielikult l\u00f5\u00f5gastuda, see tool kohandub sinu vajadustega.<\/p>\n<h3>Ideaalne kaaslane \u00f5ues puhkamiseks<\/h3>\n<p>Tooli tugev konstruktsioon tagab stabiilsuse ja pikaealisuse, muutes selle ideaalseks nii terrassile, r\u00f5dule kui ka aeda. Selle looduslik akatsiatoon sobib suurep\u00e4raselt erinevate v\u00e4liruumide sisekujundusega, pakkudes ajatut elegantsi, mis t\u00e4iustab nii modernseid kui ka klassikalisi keskkondi.<\/p>\n<h3>Loodud kestma<\/h3>\n<p>Akatsiapuit on tuntud oma ilmastikukindluse ja vastupidavuse poolest, mist\u00f5ttu on <strong>akatsiast lamamistool<\/strong> suurep\u00e4rane investeering, mis teenib sind aastaid. Selle hooldus on lihtne \u2013 piisab regulaarsest puhastamisest ja aeg-ajalt \u00f5litamisest, et s\u00e4ilitada puidu kaunis v\u00e4limus.<\/p>\n<p>Naudi suve t\u00e4ies mahus, luues oma terrassile v\u00f5i aeda mugava ja stiilse puhkepaiga Tropea lamamistooliga!<\/p>\n","protected":false},"excerpt":{"rendered":"<p>Ajatu disain ja vastupidavus sinu aeda Akatsiast lamamistool Tropea, naturaalne on ideaalne valik neile, kes otsivad stiilset ja funktsionaalset aiam\u00f6\u00f6blit. Valmistatud kvaliteetsest akatsiast, see FSC\u00ae sertifikaadiga (FSC\u00aeC177288) tool tagab, et kasutatud puit p\u00e4rineb vastutustundlikust metsandusest. See t\u00e4hendab, et lisaks vastupidavusele on Tropea ka keskkonnas\u00f5bralik valik. Kohandatav mugavus Tropea lamamistool on loodud pakkuma maksimaalset l\u00f5\u00f5gastust. T\u00e4nu [&hellip;]<\/p>\n","protected":false},"featured_media":161389,"comment_status":"open","ping_status":"open","template":"","meta":[],"product_brand":[1818],"product_cat":[1688],"product_tag":[],"class_list":{"0":"post-144086","1":"product","2":"type-product","3":"status-publish","4":"has-post-thumbnail","6":"product_brand-venture-design","7":"product_cat-lamamistoolid-ja-paevitustoolid","8":"product_shipping_class-venture-design","9":"pa_istme-varvus-naturaalne","10":"pa_jalgade-varv-naturaalne","11":"pa_kollektsioon-tropea","12":"pa_mootmed-88x74x95","13":"pa_varv-naturaalne","15":"first","16":"outofstock","17":"sale","18":"taxable","19":"shipping-taxable","20":"purchasable","21":"product-type-simple"},"_links":{"self":[{"href":"https:\/\/blankpage.ee\/_ruumist-ruumi\/wp-json\/wp\/v2\/product\/144086","targetHints":{"allow":["GET"]}}],"collection":[{"href":"https:\/\/blankpage.ee\/_ruumist-ruumi\/wp-json\/wp\/v2\/product"}],"about":[{"href":"https:\/\/blankpage.ee\/_ruumist-ruumi\/wp-json\/wp\/v2\/types\/product"}],"replies":[{"embeddable":true,"href":"https:\/\/blankpage.ee\/_ruumist-ruumi\/wp-json\/wp\/v2\/comments?post=144086"}],"wp:featuredmedia":[{"embeddable":true,"href":"https:\/\/blankpage.ee\/_ruumist-ruumi\/wp-json\/wp\/v2\/media\/161389"}],"wp:attachment":[{"href":"https:\/\/blankpage.ee\/_ruumist-ruumi\/wp-json\/wp\/v2\/media?parent=144086"}],"wp:term":[{"taxonomy":"product_brand","embeddable":true,"href":"https:\/\/blankpage.ee\/_ruumist-ruumi\/wp-json\/wp\/v2\/product_brand?post=144086"},{"taxonomy":"product_cat","embeddable":true,"href":"https:\/\/blankpage.ee\/_ruumist-ruumi\/wp-json\/wp\/v2\/product_cat?post=144086"},{"taxonomy":"product_tag","embeddable":true,"href":"https:\/\/blankpage.ee\/_ruumist-ruumi\/wp-json\/wp\/v2\/product_tag?post=144086"}],"curies":[{"name":"wp","href":"https:\/\/api.w.org\/{rel}","templated":true}]}}