{"id":144150,"date":"2025-03-05T21:10:19","date_gmt":"2025-03-05T21:10:19","guid":{"rendered":"https:\/\/ruumistruumi.ee\/pood\/metallist-aiadiivani-komplekt-palazzo-9800-000\/"},"modified":"2025-08-18T05:48:35","modified_gmt":"2025-08-18T05:48:35","slug":"metallist-aiadiivani-komplekt-palazzo-black-beige-9800-000","status":"publish","type":"product","link":"https:\/\/blankpage.ee\/_ruumist-ruumi\/pood\/metallist-aiadiivani-komplekt-palazzo-black-beige-9800-000\/","title":{"rendered":"Metallist aiadiivani komplekt Palazzo, black\/beige, 9800-000"},"content":{"rendered":"<h3>Stiilne ja vastupidav metallist aiadiivani komplekt<\/h3>\n<p><strong>Metallist aiadiivani komplekt Palazzo<\/strong> on ideaalne valik neile, kes soovivad oma terrassile v\u00f5i aeda lisada elegantsi ja mugavust. Komplekt koosneb kahest avarast tugitoolist, ruumikast diivanist ja stiilsest lauast, luues t\u00e4iusliku koha l\u00f5\u00f5gastumiseks ja k\u00fclaliste v\u00f5\u00f5rustamiseks.<\/p>\n<h3>Kvaliteetsed materjalid ja vastupidav konstruktsioon<\/h3>\n<p>Komplekti raam on valmistatud tugevast mustast terasest, mis tagab stabiilsuse ja pikaealisuse. Metallkonstruktsioon annab m\u00f6\u00f6blile modernse ilme ning sobib suurep\u00e4raselt erinevate aiastiilidega. Pehmed bee\u017eid istmepadjad lisavad mugavust ja kutsuvad l\u00f5\u00f5gastuma. Need on valmistatud vastupidavast Textilene&#8217;i ja pol\u00fcestri segust, mis on ilmastikukindel ja lihtsasti hooldatav.<\/p>\n<h3>Elegantne disain ja praktilisus<\/h3>\n<p>Palazzo komplekti minimalistlik ja ajatu disain sobib suurep\u00e4raselt nii kaasaegsesse kui ka klassikalisse \u00f5uekeskkonda. Mugavad istmed ja pehmed padjad loovad hubase atmosf\u00e4\u00e4ri, kus on m\u00f5nus nautida suve\u00f5htuid pere ja s\u00f5prade seltsis. Lisaks on komplekt kergesti hooldatav \u2013 padjakatted on mustust h\u00fclgavad ja vajadusel lihtsasti puhastatavad.<\/p>\n<h3>Lisa oma terrassile stiili ja mugavust<\/h3>\n<p>Kui otsid vastupidavat ja kaunilt viimistletud lahendust oma \u00f5uealale, siis <strong>metallist aiadiivani komplekt Palazzo<\/strong> on ideaalne valik. See \u00fchendab endas funktsionaalsuse, kvaliteetsed materjalid ja kauni disaini, muutes sinu terrassi v\u00f5i aia t\u00f5eliseks l\u00f5\u00f5gastusoasiks.<\/p>\n","protected":false},"excerpt":{"rendered":"<p>Stiilne ja vastupidav metallist aiadiivani komplekt Metallist aiadiivani komplekt Palazzo on ideaalne valik neile, kes soovivad oma terrassile v\u00f5i aeda lisada elegantsi ja mugavust. Komplekt koosneb kahest avarast tugitoolist, ruumikast diivanist ja stiilsest lauast, luues t\u00e4iusliku koha l\u00f5\u00f5gastumiseks ja k\u00fclaliste v\u00f5\u00f5rustamiseks. Kvaliteetsed materjalid ja vastupidav konstruktsioon Komplekti raam on valmistatud tugevast mustast terasest, mis tagab [&hellip;]<\/p>\n","protected":false},"featured_media":144151,"comment_status":"open","ping_status":"open","template":"","meta":[],"product_brand":[1818],"product_cat":[1808],"product_tag":[],"class_list":{"0":"post-144150","1":"product","2":"type-product","3":"status-publish","4":"has-post-thumbnail","6":"product_brand-venture-design","7":"product_cat-aiadiivani-komplektid","8":"product_shipping_class-venture-design","9":"pa_diivani-sofa-materjal-metall","10":"pa_diivani-sofa-materjal-poluester","11":"pa_diivani-sofa-materjal-textilene","12":"pa_diivani-sofa-materjal-vaht","13":"pa_kollektsioon-palazzo","14":"pa_laua-materjal-metall","15":"pa_laua-tasapinna-varvus-must","16":"pa_mootmed-laud-60x60x36-tool-84x707x74-diivan-84x2095x74","17":"pa_tooli-materjal-poluester","18":"pa_tooli-materjal-metall","19":"pa_tooli-materjal-textilene","20":"pa_tooli-materjal-vaht","22":"first","23":"outofstock","24":"sale","25":"taxable","26":"shipping-taxable","27":"purchasable","28":"product-type-simple"},"_links":{"self":[{"href":"https:\/\/blankpage.ee\/_ruumist-ruumi\/wp-json\/wp\/v2\/product\/144150","targetHints":{"allow":["GET"]}}],"collection":[{"href":"https:\/\/blankpage.ee\/_ruumist-ruumi\/wp-json\/wp\/v2\/product"}],"about":[{"href":"https:\/\/blankpage.ee\/_ruumist-ruumi\/wp-json\/wp\/v2\/types\/product"}],"replies":[{"embeddable":true,"href":"https:\/\/blankpage.ee\/_ruumist-ruumi\/wp-json\/wp\/v2\/comments?post=144150"}],"wp:featuredmedia":[{"embeddable":true,"href":"https:\/\/blankpage.ee\/_ruumist-ruumi\/wp-json\/wp\/v2\/media\/144151"}],"wp:attachment":[{"href":"https:\/\/blankpage.ee\/_ruumist-ruumi\/wp-json\/wp\/v2\/media?parent=144150"}],"wp:term":[{"taxonomy":"product_brand","embeddable":true,"href":"https:\/\/blankpage.ee\/_ruumist-ruumi\/wp-json\/wp\/v2\/product_brand?post=144150"},{"taxonomy":"product_cat","embeddable":true,"href":"https:\/\/blankpage.ee\/_ruumist-ruumi\/wp-json\/wp\/v2\/product_cat?post=144150"},{"taxonomy":"product_tag","embeddable":true,"href":"https:\/\/blankpage.ee\/_ruumist-ruumi\/wp-json\/wp\/v2\/product_tag?post=144150"}],"curies":[{"name":"wp","href":"https:\/\/api.w.org\/{rel}","templated":true}]}}