{"id":144446,"date":"2025-03-05T21:27:00","date_gmt":"2025-03-05T21:27:00","guid":{"rendered":"https:\/\/ruumistruumi.ee\/pood\/akaatsiast-aia-soogilaua-komplekt-holmbeck-bois-gr23393\/"},"modified":"2025-08-14T11:21:59","modified_gmt":"2025-08-14T11:21:59","slug":"akaatsiast-aia-soogilaua-komplekt-holmbeck-gr23393","status":"publish","type":"product","link":"https:\/\/blankpage.ee\/_ruumist-ruumi\/pood\/akaatsiast-aia-soogilaua-komplekt-holmbeck-gr23393\/","title":{"rendered":"Akaatsiast aia s\u00f6\u00f6gilaua komplekt Holmbeck, GR23393"},"content":{"rendered":"<h3>Stiilne ja vastupidav aia s\u00f6\u00f6gilaua komplekt<\/h3>\n<p>Muuda oma terrass v\u00f5i aianurk hubaseks ja stiilseks koos <strong>Holmbeck\/Bois aia s\u00f6\u00f6gilaua komplektiga<\/strong>. See maitsekas kombinatsioon \u00fchendab vastupidavad materjalid ja elegantse disaini, pakkudes nii mugavust kui ka ajatut ilu.<\/p>\n<h3>Kvaliteetsed materjalid ja l\u00e4bim\u00f5eldud disain<\/h3>\n<p>Lauakomplekti keskmes on <strong>Holmbeck s\u00f6\u00f6gilaud<\/strong>, mille 200&#215;90 cm suurune lauaplaat on valmistatud kaunist ja vastupidavast akaatsiapuidust. Sellel on pehmelt \u00fcmardatud servad, mis lisavad modernsust ja kasutusmugavust. Mustast terasest minimalistlik raam tagab lauale stabiilsuse ja vastupidavuse ka v\u00e4listingimustes.<\/p>\n<p>Komplekti t\u00e4iendavad <strong>Bois s\u00f6\u00f6gitoolid<\/strong>, mis pakuvad suurep\u00e4rast istumismugavust. Toolidel on tugev mustast terasest raam, naturaalsest tiigipuust k\u00e4etoed ning istumisosa on valmistatud vastupidavast tumehallist k\u00f6iest. T\u00e4nu ergonoomilisele disainile on need toolid ideaalsed pikemaks einestamiseks ja l\u00f5\u00f5gastumiseks.<\/p>\n<h3>Ideaalne valik v\u00e4likeskkonda<\/h3>\n<p>See aia s\u00f6\u00f6gilaua komplekt sobib suurep\u00e4raselt nii hommikukohvi nautimiseks kui ka suvisteks \u00f5htus\u00f6\u00f6kideks pere ja s\u00f5prade seltsis. Akaatsiapuit ja tiikpuit annavad loodusliku ja sooja ilme, samas kui must teras lisab modernset kontrasti. T\u00e4nu vastupidavatele materjalidele on see komplekt loodud kestma ka muutuvas ilmastikus.<\/p>\n<p>Kui otsid kvaliteetset ja stiilset lahendust oma v\u00e4lisruumi sisustamiseks, siis on see <strong>aia s\u00f6\u00f6gilaua komplekt<\/strong> suurep\u00e4rane valik!<\/p>\n","protected":false},"excerpt":{"rendered":"<p>Stiilne ja vastupidav aia s\u00f6\u00f6gilaua komplekt Muuda oma terrass v\u00f5i aianurk hubaseks ja stiilseks koos Holmbeck\/Bois aia s\u00f6\u00f6gilaua komplektiga. See maitsekas kombinatsioon \u00fchendab vastupidavad materjalid ja elegantse disaini, pakkudes nii mugavust kui ka ajatut ilu. Kvaliteetsed materjalid ja l\u00e4bim\u00f5eldud disain Lauakomplekti keskmes on Holmbeck s\u00f6\u00f6gilaud, mille 200&#215;90 cm suurune lauaplaat on valmistatud kaunist ja vastupidavast [&hellip;]<\/p>\n","protected":false},"featured_media":163531,"comment_status":"open","ping_status":"open","template":"","meta":[],"product_brand":[1818],"product_cat":[1781],"product_tag":[],"class_list":{"0":"post-144446","1":"product","2":"type-product","3":"status-publish","4":"has-post-thumbnail","6":"product_brand-venture-design","7":"product_cat-aia-soogilaua-komplektid","8":"product_shipping_class-venture-design","9":"pa_kollektsioon-bois","10":"pa_kollektsioon-holmbeck","11":"pa_laua-materjal-metall","12":"pa_laua-materjal-akaatsia","13":"pa_mootmed-laud-75x200x90-tool-63x93x60","14":"pa_tooli-materjal-akaatsia","15":"pa_tooli-materjal-metall","16":"pa_tooli-materjal-polupropuleen","18":"first","19":"instock","20":"sale","21":"taxable","22":"shipping-taxable","23":"purchasable","24":"product-type-simple"},"_links":{"self":[{"href":"https:\/\/blankpage.ee\/_ruumist-ruumi\/wp-json\/wp\/v2\/product\/144446","targetHints":{"allow":["GET"]}}],"collection":[{"href":"https:\/\/blankpage.ee\/_ruumist-ruumi\/wp-json\/wp\/v2\/product"}],"about":[{"href":"https:\/\/blankpage.ee\/_ruumist-ruumi\/wp-json\/wp\/v2\/types\/product"}],"replies":[{"embeddable":true,"href":"https:\/\/blankpage.ee\/_ruumist-ruumi\/wp-json\/wp\/v2\/comments?post=144446"}],"wp:featuredmedia":[{"embeddable":true,"href":"https:\/\/blankpage.ee\/_ruumist-ruumi\/wp-json\/wp\/v2\/media\/163531"}],"wp:attachment":[{"href":"https:\/\/blankpage.ee\/_ruumist-ruumi\/wp-json\/wp\/v2\/media?parent=144446"}],"wp:term":[{"taxonomy":"product_brand","embeddable":true,"href":"https:\/\/blankpage.ee\/_ruumist-ruumi\/wp-json\/wp\/v2\/product_brand?post=144446"},{"taxonomy":"product_cat","embeddable":true,"href":"https:\/\/blankpage.ee\/_ruumist-ruumi\/wp-json\/wp\/v2\/product_cat?post=144446"},{"taxonomy":"product_tag","embeddable":true,"href":"https:\/\/blankpage.ee\/_ruumist-ruumi\/wp-json\/wp\/v2\/product_tag?post=144446"}],"curies":[{"name":"wp","href":"https:\/\/api.w.org\/{rel}","templated":true}]}}