{"id":144518,"date":"2025-03-05T21:27:00","date_gmt":"2025-03-05T21:27:00","guid":{"rendered":"https:\/\/ruumistruumi.ee\/pood\/alumiiniumist-aia-soogilaua-komplekt-lina-lindos-gr22811\/"},"modified":"2025-08-14T11:22:08","modified_gmt":"2025-08-14T11:22:08","slug":"alumiiniumist-aia-soogilaua-komplekt-lina-lindos-gr22811","status":"publish","type":"product","link":"https:\/\/blankpage.ee\/_ruumist-ruumi\/pood\/alumiiniumist-aia-soogilaua-komplekt-lina-lindos-gr22811\/","title":{"rendered":"Alumiiniumist aia s\u00f6\u00f6gilaua komplekt Lina Lindos, GR22811"},"content":{"rendered":"<h3>Elegantne ja vastupidav alumiiniumist aia s\u00f6\u00f6gilaua komplekt<\/h3>\n<p>Muuda oma aianurk stiilseks ja funktsionaalseks <strong>alumiiniumist aia s\u00f6\u00f6gilaua komplektiga Lina\/Lindos<\/strong>. See 120 cm l\u00e4bim\u00f5\u00f5duga \u00fcmarlauaga komplekt loob kutsuva \u00f5hkkonna, kus keegi ei j\u00e4\u00e4 \u00e4\u00e4rele. T\u00e4nu oma minimalistlikule disainile ja kvaliteetsetele materjalidele sobib see ideaalselt nii v\u00e4iksemale terrassile kui ka avaramale aianurgale.<\/p>\n<h3>Minimalistlik ja vastupidav laud<\/h3>\n<p>S\u00f6\u00f6gilaud Lina on valmistatud <strong>valgeks v\u00e4rvitud terasest<\/strong>, pakkudes nii vastupidavust kui ka modernset v\u00e4limust. Selle lauaplaat toetub kergelt v\u00e4ljapoole suunatud jalgadele, mis lisavad disainile \u00f5hulisust ja stabiilsust. T\u00e4nu kvaliteetsetele materjalidele peab see laud vastu ka erinevatele ilmastikutingimustele, muutes selle ideaalseks v\u00e4lim\u00f6\u00f6bliks.<\/p>\n<h3>Mugavad ja stiilsed toolid<\/h3>\n<p>Komplekti kuuluvad populaarsed Lindos sarja s\u00f6\u00f6gitoolid, mis on loodud nii mugavust kui ka vastupidavust silmas pidades. Toolide iste on valmistatud tugevast <strong>k\u00f6iematerjalist<\/strong> maal\u00e4hedases bee\u017eis toonis, pakkudes nii visuaalset soojust kui ka optimaalset istumismugavust. Mustad metallist jalad tagavad stabiilsuse ja lisavad modernset kontrasti.<\/p>\n<h3>Suurep\u00e4rane valik igale aianurgale<\/h3>\n<p>See <strong>alumiiniumist aia s\u00f6\u00f6gilaua komplekt<\/strong> \u00fchendab endas ajatu disaini ja praktilisuse, pakkudes ideaalset lahendust vabas \u00f5hus einestamiseks. Olgu selleks hommikukohv terrassil v\u00f5i hubane \u00f5htus\u00f6\u00f6k s\u00f5pradega \u2013 Lina\/Lindos komplekt loob alati meeldiva ja kutsuva atmosf\u00e4\u00e4ri.<\/p>\n","protected":false},"excerpt":{"rendered":"<p>Elegantne ja vastupidav alumiiniumist aia s\u00f6\u00f6gilaua komplekt Muuda oma aianurk stiilseks ja funktsionaalseks alumiiniumist aia s\u00f6\u00f6gilaua komplektiga Lina\/Lindos. See 120 cm l\u00e4bim\u00f5\u00f5duga \u00fcmarlauaga komplekt loob kutsuva \u00f5hkkonna, kus keegi ei j\u00e4\u00e4 \u00e4\u00e4rele. T\u00e4nu oma minimalistlikule disainile ja kvaliteetsetele materjalidele sobib see ideaalselt nii v\u00e4iksemale terrassile kui ka avaramale aianurgale. Minimalistlik ja vastupidav laud S\u00f6\u00f6gilaud Lina [&hellip;]<\/p>\n","protected":false},"featured_media":163483,"comment_status":"open","ping_status":"open","template":"","meta":[],"product_brand":[1818],"product_cat":[1781],"product_tag":[],"class_list":{"0":"post-144518","1":"product","2":"type-product","3":"status-publish","4":"has-post-thumbnail","6":"product_brand-venture-design","7":"product_cat-aia-soogilaua-komplektid","8":"product_shipping_class-venture-design","9":"pa_kollektsioon-lina","10":"pa_kollektsioon-lindos","11":"pa_laua-materjal-alumiinium","12":"pa_laua-tasapinna-varvus-beez","13":"pa_mootmed-laud-120-tool-59x86x57","14":"pa_tooli-materjal-metall","15":"pa_tooli-materjal-poluesterkois","17":"first","18":"instock","19":"sale","20":"taxable","21":"shipping-taxable","22":"purchasable","23":"product-type-simple"},"_links":{"self":[{"href":"https:\/\/blankpage.ee\/_ruumist-ruumi\/wp-json\/wp\/v2\/product\/144518","targetHints":{"allow":["GET"]}}],"collection":[{"href":"https:\/\/blankpage.ee\/_ruumist-ruumi\/wp-json\/wp\/v2\/product"}],"about":[{"href":"https:\/\/blankpage.ee\/_ruumist-ruumi\/wp-json\/wp\/v2\/types\/product"}],"replies":[{"embeddable":true,"href":"https:\/\/blankpage.ee\/_ruumist-ruumi\/wp-json\/wp\/v2\/comments?post=144518"}],"wp:featuredmedia":[{"embeddable":true,"href":"https:\/\/blankpage.ee\/_ruumist-ruumi\/wp-json\/wp\/v2\/media\/163483"}],"wp:attachment":[{"href":"https:\/\/blankpage.ee\/_ruumist-ruumi\/wp-json\/wp\/v2\/media?parent=144518"}],"wp:term":[{"taxonomy":"product_brand","embeddable":true,"href":"https:\/\/blankpage.ee\/_ruumist-ruumi\/wp-json\/wp\/v2\/product_brand?post=144518"},{"taxonomy":"product_cat","embeddable":true,"href":"https:\/\/blankpage.ee\/_ruumist-ruumi\/wp-json\/wp\/v2\/product_cat?post=144518"},{"taxonomy":"product_tag","embeddable":true,"href":"https:\/\/blankpage.ee\/_ruumist-ruumi\/wp-json\/wp\/v2\/product_tag?post=144518"}],"curies":[{"name":"wp","href":"https:\/\/api.w.org\/{rel}","templated":true}]}}