{"id":144549,"date":"2025-03-05T21:27:00","date_gmt":"2025-03-05T21:27:00","guid":{"rendered":"https:\/\/ruumistruumi.ee\/pood\/alumiiniumist-aia-soogilaua-komplekt-togo-lindos-gr22754\/"},"modified":"2025-08-21T00:43:58","modified_gmt":"2025-08-21T00:43:58","slug":"alumiiniumist-aia-soogilaua-komplekt-togo-lindos-gr22754","status":"publish","type":"product","link":"https:\/\/blankpage.ee\/_ruumist-ruumi\/pood\/alumiiniumist-aia-soogilaua-komplekt-togo-lindos-gr22754\/","title":{"rendered":"Alumiiniumist aia s\u00f6\u00f6gilaua komplekt Togo Lindos, GR22754"},"content":{"rendered":"<h3>Alumiiniumist aia s\u00f6\u00f6gilaua komplekt Togo \u2013 stiilne ja vastupidav valik<\/h3>\n<p><strong>Alumiiniumist aia s\u00f6\u00f6gilaua komplekt Togo<\/strong> on ideaalne valik neile, kes hindavad nii funktsionaalsust kui ka ajatut disaini. See elegantne komplekt \u00fchendab endas vastupidavad materjalid ja kaasaegse esteetika, luues t\u00e4iusliku s\u00f6\u00f6gikoha sinu terrassile v\u00f5i aeda.<\/p>\n<h3>Kvaliteetsed materjalid ja l\u00e4bim\u00f5eldud disain<\/h3>\n<p>S\u00f6\u00f6gilaud Togo on loodud kestma \u2013 selle <strong>ristk\u00fclikukujuline lauaplaat<\/strong> on valmistatud valgest ja puidutoonis teaki spoonist, mis lisab naturaalsust ja soojust igale \u00f5uealale. Laua aluskonstruktsioon on tugevast <strong>valgest alumiiniumist<\/strong>, mis tagab stabiilsuse ning vastupidavuse eri ilmastikutingimustes. T\u00e4nu oma m\u00f5\u00f5tmetele (200&#215;100 cm) pakub see piisavalt ruumi meeldivateks koosviibimisteks pere ja s\u00f5pradega.<\/p>\n<h3>Mugavad ja stiilsed s\u00f6\u00f6gitoolid<\/h3>\n<p>Komplekti kuuluvad latte-toonides Lindos s\u00f6\u00f6gitoolid, millel on <strong>mustad alumiiniumist kitsad jalad<\/strong> ja integreeritud k\u00e4etoed. Toolide istmed on kaetud vastupidava <strong>bee\u017ei k\u00f6iematerjaliga<\/strong>, mis lisab elegantsi ja tagab mugavuse. Loodusl\u00e4hedane v\u00e4rvipalett loob hubase ja kutsuva atmosf\u00e4\u00e4ri igas \u00f5ueruumis.<\/p>\n<h3>Naudi l\u00f5\u00f5gastavaid hetki vabas \u00f5hus<\/h3>\n<p>See <strong>alumiiniumist aia s\u00f6\u00f6gilaua komplekt<\/strong> on suurep\u00e4rane investeering, mis \u00fchendab endas vastupidavad materjalid ja trendika disaini. Kutsu l\u00e4hedased kokku ja naudi unustamatuid hetki \u00f5ues, olgu see hommikukohv p\u00e4ikselisel terrassil v\u00f5i \u00f5htus\u00f6\u00f6k sooja suve\u00f5htu saatel.<\/p>\n","protected":false},"excerpt":{"rendered":"<p>Alumiiniumist aia s\u00f6\u00f6gilaua komplekt Togo \u2013 stiilne ja vastupidav valik Alumiiniumist aia s\u00f6\u00f6gilaua komplekt Togo on ideaalne valik neile, kes hindavad nii funktsionaalsust kui ka ajatut disaini. See elegantne komplekt \u00fchendab endas vastupidavad materjalid ja kaasaegse esteetika, luues t\u00e4iusliku s\u00f6\u00f6gikoha sinu terrassile v\u00f5i aeda. Kvaliteetsed materjalid ja l\u00e4bim\u00f5eldud disain S\u00f6\u00f6gilaud Togo on loodud kestma \u2013 [&hellip;]<\/p>\n","protected":false},"featured_media":163407,"comment_status":"open","ping_status":"open","template":"","meta":[],"product_brand":[1818],"product_cat":[1781],"product_tag":[],"class_list":{"0":"post-144549","1":"product","2":"type-product","3":"status-publish","4":"has-post-thumbnail","6":"product_brand-venture-design","7":"product_cat-aia-soogilaua-komplektid","8":"product_shipping_class-venture-design","9":"pa_kollektsioon-lindos","10":"pa_kollektsioon-togo","11":"pa_laua-materjal-alumiinium","12":"pa_laua-materjal-tiigipuu","13":"pa_mootmed-laud-75x200x100-tool-66x85x55","14":"pa_tooli-materjal-metall","16":"first","17":"instock","18":"sale","19":"taxable","20":"shipping-taxable","21":"purchasable","22":"product-type-simple"},"_links":{"self":[{"href":"https:\/\/blankpage.ee\/_ruumist-ruumi\/wp-json\/wp\/v2\/product\/144549","targetHints":{"allow":["GET"]}}],"collection":[{"href":"https:\/\/blankpage.ee\/_ruumist-ruumi\/wp-json\/wp\/v2\/product"}],"about":[{"href":"https:\/\/blankpage.ee\/_ruumist-ruumi\/wp-json\/wp\/v2\/types\/product"}],"replies":[{"embeddable":true,"href":"https:\/\/blankpage.ee\/_ruumist-ruumi\/wp-json\/wp\/v2\/comments?post=144549"}],"wp:featuredmedia":[{"embeddable":true,"href":"https:\/\/blankpage.ee\/_ruumist-ruumi\/wp-json\/wp\/v2\/media\/163407"}],"wp:attachment":[{"href":"https:\/\/blankpage.ee\/_ruumist-ruumi\/wp-json\/wp\/v2\/media?parent=144549"}],"wp:term":[{"taxonomy":"product_brand","embeddable":true,"href":"https:\/\/blankpage.ee\/_ruumist-ruumi\/wp-json\/wp\/v2\/product_brand?post=144549"},{"taxonomy":"product_cat","embeddable":true,"href":"https:\/\/blankpage.ee\/_ruumist-ruumi\/wp-json\/wp\/v2\/product_cat?post=144549"},{"taxonomy":"product_tag","embeddable":true,"href":"https:\/\/blankpage.ee\/_ruumist-ruumi\/wp-json\/wp\/v2\/product_tag?post=144549"}],"curies":[{"name":"wp","href":"https:\/\/api.w.org\/{rel}","templated":true}]}}