{"id":144604,"date":"2025-03-05T21:27:00","date_gmt":"2025-03-05T21:27:00","guid":{"rendered":"https:\/\/ruumistruumi.ee\/pood\/puitplastkomposiidist-aia-soogilaua-komplekt-gr22661\/"},"modified":"2025-08-14T11:22:17","modified_gmt":"2025-08-14T11:22:17","slug":"puitplastkomposiidist-aia-soogilaua-komplekt-gr22661","status":"publish","type":"product","link":"https:\/\/blankpage.ee\/_ruumist-ruumi\/pood\/puitplastkomposiidist-aia-soogilaua-komplekt-gr22661\/","title":{"rendered":"Puitplastkomposiidist aia s\u00f6\u00f6gilaua komplekt, GR22661"},"content":{"rendered":"<h3>Alumiiniumist aia s\u00f6\u00f6gilaua komplekt Break \u2013 stiilne ja praktiline valik<\/h3>\n<p>Muuda oma terrass v\u00f5i aianurk suve lemmikpaigaks <strong>alumiiniumist aia s\u00f6\u00f6gilaua komplektiga Break<\/strong>. See elegantne ja vastupidav komplekt koosneb \u00fcmmargusest lauast ning kahest mugavast toolist, pakkudes ideaalse koha hommikukohvi nautimiseks v\u00f5i \u00f5htus\u00f6\u00f6giks v\u00e4rskes \u00f5hus.<\/p>\n<h3>Kvaliteetsed materjalid ja ajatu disain<\/h3>\n<p>Laua l\u00e4bim\u00f5eldud disain \u00fchendab modernsuse ja praktilisuse. 90 cm l\u00e4bim\u00f5\u00f5duga lauaplaat on valmistatud vastupidavast <strong>Aintwood-materjalist<\/strong>, mis meenutab naturaalset puitu, kuid on ilmastikukindel ja hooldusvaba. Laua must alumiiniumist raam tagab stabiilsuse ja vastupidavuse igasugustes ilmastikuoludes.<\/p>\n<h3>Mugavad ja virnastatavad toolid<\/h3>\n<p>Komplekti kuuluvad kaks stiilset <strong>Santorini seeria s\u00f6\u00f6gitooli<\/strong>, mis sobivad ideaalselt laua juurde. Musta v\u00e4rvi toolid on valmistatud vastupidavast alumiiniumist ning istumisosa on kaetud ilmastikukindla musta tekstiiliga. T\u00e4nu sirgetele p\u00f5hjamaisele disainile omastele joontele ja integreeritud k\u00e4etugedele pakuvad need toolid suurep\u00e4rast istumismugavust. Lisaks on toolid virnastatavad, mis teeb nende hoiustamise lihtsaks ja ruumis\u00e4\u00e4stlikuks.<\/p>\n<h3>Loo oma terrassile kutsuv \u00f5hkkond<\/h3>\n<p>See <strong>alumiiniumist aia s\u00f6\u00f6gilaua komplekt<\/strong> sobib suurep\u00e4raselt nii v\u00e4iksemale r\u00f5dule kui ka avaramale terrassile. Minimalistlik ja ajatu disain sulandub h\u00f5lpsasti erinevate aiastiilidega, pakkudes samas maksimaalset kasutusmugavust. Naudi suviseid hetki koos pere ja s\u00f5pradega selle elegantse ja vastupidava aiakomplektiga!<\/p>\n","protected":false},"excerpt":{"rendered":"<p>Alumiiniumist aia s\u00f6\u00f6gilaua komplekt Break \u2013 stiilne ja praktiline valik Muuda oma terrass v\u00f5i aianurk suve lemmikpaigaks alumiiniumist aia s\u00f6\u00f6gilaua komplektiga Break. See elegantne ja vastupidav komplekt koosneb \u00fcmmargusest lauast ning kahest mugavast toolist, pakkudes ideaalse koha hommikukohvi nautimiseks v\u00f5i \u00f5htus\u00f6\u00f6giks v\u00e4rskes \u00f5hus. Kvaliteetsed materjalid ja ajatu disain Laua l\u00e4bim\u00f5eldud disain \u00fchendab modernsuse ja praktilisuse. [&hellip;]<\/p>\n","protected":false},"featured_media":163293,"comment_status":"open","ping_status":"open","template":"","meta":[],"product_brand":[1818],"product_cat":[1781],"product_tag":[],"class_list":{"0":"post-144604","1":"product","2":"type-product","3":"status-publish","4":"has-post-thumbnail","6":"product_brand-venture-design","7":"product_cat-aia-soogilaua-komplektid","8":"product_shipping_class-venture-design","9":"pa_kollektsioon-break","10":"pa_kollektsioon-santorini","11":"pa_laua-materjal-alumiinium","12":"pa_laua-materjal-puitplastkomposiit","13":"pa_mootmed-laud-90-tool-58x88x56","14":"pa_tooli-materjal-alumiinium","16":"first","17":"outofstock","18":"sale","19":"taxable","20":"shipping-taxable","21":"purchasable","22":"product-type-simple"},"_links":{"self":[{"href":"https:\/\/blankpage.ee\/_ruumist-ruumi\/wp-json\/wp\/v2\/product\/144604","targetHints":{"allow":["GET"]}}],"collection":[{"href":"https:\/\/blankpage.ee\/_ruumist-ruumi\/wp-json\/wp\/v2\/product"}],"about":[{"href":"https:\/\/blankpage.ee\/_ruumist-ruumi\/wp-json\/wp\/v2\/types\/product"}],"replies":[{"embeddable":true,"href":"https:\/\/blankpage.ee\/_ruumist-ruumi\/wp-json\/wp\/v2\/comments?post=144604"}],"wp:featuredmedia":[{"embeddable":true,"href":"https:\/\/blankpage.ee\/_ruumist-ruumi\/wp-json\/wp\/v2\/media\/163293"}],"wp:attachment":[{"href":"https:\/\/blankpage.ee\/_ruumist-ruumi\/wp-json\/wp\/v2\/media?parent=144604"}],"wp:term":[{"taxonomy":"product_brand","embeddable":true,"href":"https:\/\/blankpage.ee\/_ruumist-ruumi\/wp-json\/wp\/v2\/product_brand?post=144604"},{"taxonomy":"product_cat","embeddable":true,"href":"https:\/\/blankpage.ee\/_ruumist-ruumi\/wp-json\/wp\/v2\/product_cat?post=144604"},{"taxonomy":"product_tag","embeddable":true,"href":"https:\/\/blankpage.ee\/_ruumist-ruumi\/wp-json\/wp\/v2\/product_tag?post=144604"}],"curies":[{"name":"wp","href":"https:\/\/api.w.org\/{rel}","templated":true}]}}