{"id":144682,"date":"2025-03-05T21:37:46","date_gmt":"2025-03-05T21:37:46","guid":{"rendered":"https:\/\/ruumistruumi.ee\/pood\/puitplastkomposiidist-aia-soogilaua-komplekt-gr22650\/"},"modified":"2025-08-14T11:21:40","modified_gmt":"2025-08-14T11:21:40","slug":"puitplastkomposiidist-aia-soogilaua-komplekt-gr22650","status":"publish","type":"product","link":"https:\/\/blankpage.ee\/_ruumist-ruumi\/pood\/puitplastkomposiidist-aia-soogilaua-komplekt-gr22650\/","title":{"rendered":"Puitplastkomposiidist aia s\u00f6\u00f6gilaua komplekt, GR22650"},"content":{"rendered":"<h3>Stiilne ja vastupidav alumiiniumist aia s\u00f6\u00f6gilaua komplekt<\/h3>\n<p>Looge oma terrassile v\u00f5i r\u00f5dule elegantne ja ajatu s\u00f6\u00f6ginurk <strong>alumiiniumist aia s\u00f6\u00f6gilaua komplektiga Break<\/strong>. See kaasaegne m\u00f6\u00f6blikomplekt \u00fchendab endas kvaliteetsed materjalid ja l\u00e4bim\u00f5eldud disaini, et pakkuda nii silmailu kui ka praktilisust.<\/p>\n<h3>Kaasaegne disain ja vastupidavad materjalid<\/h3>\n<p>Komplekti kuuluvad stiilsed toolid Lindos sarjast, mille kitsa profiiliga mustad terasest jalad tagavad stabiilsuse ja vastupidavuse. Istumisosa on valmistatud vastupidavast latte-tooni k\u00f6iest, mis lisab pehmust ja istumismugavust. Toolid sulanduvad suurep\u00e4raselt igasse v\u00e4liruumi, luues hubase ja kaasaegse atmosf\u00e4\u00e4ri.<\/p>\n<p>\u00dcmar s\u00f6\u00f6gilaud Break sarjast t\u00e4iendab komplekti oma musta Aintwood lauaplaadi ja kergelt v\u00e4ljapoole suunduvate alumiiniumjalgadega. Aintwood on ilmastikukindel ja kergesti hooldatav materjal, mis meenutab naturaalse puidu ilu, kuid ei vaja sama palju hooldust. Alumiiniumist raam tagab laua kerguse ja vastupidavuse, muutes selle ideaalseks valikuks v\u00e4listingimustesse.<\/p>\n<h3>Ideaalne lahendus igale aiapidamisele<\/h3>\n<p>See <strong>alumiiniumist aia s\u00f6\u00f6gilaua komplekt<\/strong> pakub piisavalt ruumi, et k\u00f5ik saaksid mugavalt istuda ja nautida \u00fchiseid hetki. T\u00e4nu oma vastupidavatele materjalidele ja nutikale disainile sobib see suurep\u00e4raselt nii v\u00e4iksemale r\u00f5dule kui ka avaramale terrassile. Musta ja latte-tooni kombinatsioon loob elegantse ja trendika ilme, mis p\u00fcsib ajas moekas.<\/p>\n<p>Valige kvaliteetne ja stiilne s\u00f6\u00f6gikomplekt, mis muudab teie v\u00e4liruumi kutsuvaks ja mugavaks kohtumispaigaks!<\/p>\n","protected":false},"excerpt":{"rendered":"<p>Stiilne ja vastupidav alumiiniumist aia s\u00f6\u00f6gilaua komplekt Looge oma terrassile v\u00f5i r\u00f5dule elegantne ja ajatu s\u00f6\u00f6ginurk alumiiniumist aia s\u00f6\u00f6gilaua komplektiga Break. See kaasaegne m\u00f6\u00f6blikomplekt \u00fchendab endas kvaliteetsed materjalid ja l\u00e4bim\u00f5eldud disaini, et pakkuda nii silmailu kui ka praktilisust. Kaasaegne disain ja vastupidavad materjalid Komplekti kuuluvad stiilsed toolid Lindos sarjast, mille kitsa profiiliga mustad terasest jalad [&hellip;]<\/p>\n","protected":false},"featured_media":163269,"comment_status":"open","ping_status":"open","template":"","meta":[],"product_brand":[1818],"product_cat":[1781],"product_tag":[],"class_list":{"0":"post-144682","1":"product","2":"type-product","3":"status-publish","4":"has-post-thumbnail","6":"product_brand-venture-design","7":"product_cat-aia-soogilaua-komplektid","8":"product_shipping_class-venture-design","9":"pa_kollektsioon-break","10":"pa_kollektsioon-lindos","11":"pa_laua-materjal-alumiinium","12":"pa_laua-materjal-puitplastkomposiit","13":"pa_laua-tasapinna-varvus-must","14":"pa_mootmed-laud-120-tool-59x86x57","15":"pa_tooli-materjal-metall","17":"first","18":"outofstock","19":"sale","20":"taxable","21":"shipping-taxable","22":"purchasable","23":"product-type-simple"},"_links":{"self":[{"href":"https:\/\/blankpage.ee\/_ruumist-ruumi\/wp-json\/wp\/v2\/product\/144682","targetHints":{"allow":["GET"]}}],"collection":[{"href":"https:\/\/blankpage.ee\/_ruumist-ruumi\/wp-json\/wp\/v2\/product"}],"about":[{"href":"https:\/\/blankpage.ee\/_ruumist-ruumi\/wp-json\/wp\/v2\/types\/product"}],"replies":[{"embeddable":true,"href":"https:\/\/blankpage.ee\/_ruumist-ruumi\/wp-json\/wp\/v2\/comments?post=144682"}],"wp:featuredmedia":[{"embeddable":true,"href":"https:\/\/blankpage.ee\/_ruumist-ruumi\/wp-json\/wp\/v2\/media\/163269"}],"wp:attachment":[{"href":"https:\/\/blankpage.ee\/_ruumist-ruumi\/wp-json\/wp\/v2\/media?parent=144682"}],"wp:term":[{"taxonomy":"product_brand","embeddable":true,"href":"https:\/\/blankpage.ee\/_ruumist-ruumi\/wp-json\/wp\/v2\/product_brand?post=144682"},{"taxonomy":"product_cat","embeddable":true,"href":"https:\/\/blankpage.ee\/_ruumist-ruumi\/wp-json\/wp\/v2\/product_cat?post=144682"},{"taxonomy":"product_tag","embeddable":true,"href":"https:\/\/blankpage.ee\/_ruumist-ruumi\/wp-json\/wp\/v2\/product_tag?post=144682"}],"curies":[{"name":"wp","href":"https:\/\/api.w.org\/{rel}","templated":true}]}}