{"id":144691,"date":"2025-03-05T21:37:46","date_gmt":"2025-03-05T21:37:46","guid":{"rendered":"https:\/\/ruumistruumi.ee\/pood\/alumiiniumist-aia-soogilaua-komplekt-santorini-gr22649\/"},"modified":"2025-08-14T11:21:41","modified_gmt":"2025-08-14T11:21:41","slug":"alumiiniumist-aia-soogilaua-komplekt-santorini-gr22649","status":"publish","type":"product","link":"https:\/\/blankpage.ee\/_ruumist-ruumi\/pood\/alumiiniumist-aia-soogilaua-komplekt-santorini-gr22649\/","title":{"rendered":"Alumiiniumist aia s\u00f6\u00f6gilaua komplekt Santorini, GR22649"},"content":{"rendered":"<h3>Ajatu disainiga alumiiniumist aia s\u00f6\u00f6gilaua komplekt<\/h3>\n<p>Muuda oma terrass v\u00f5i aianurk kutsuvaks koos <strong>alumiiniumist aia s\u00f6\u00f6gilaua komplektiga Break<\/strong>. See stiilne ja vastupidav m\u00f6\u00f6blikomplekt \u00fchendab ajatu disaini praktiliste omadustega, pakkudes ideaalset kohta m\u00f5nusateks s\u00f6\u00f6gikordadeks v\u00e4rskes \u00f5hus.<\/p>\n<h3>Kvaliteetsed materjalid ja hoolikalt l\u00e4bim\u00f5eldud disain<\/h3>\n<p>S\u00f6\u00f6gilaud Break paistab silma oma \u00fcmarate vormide ja hoolikalt valitud materjalidega. Lauaplaat on valmistatud <strong>Puitplastkomposiidist<\/strong>, mis meenutab naturaalse puidu ilu, kuid on ilmastikukindlam ja kergesti hooldatav. Tugevad, kergelt v\u00e4ljapoole kaarduvad jalad on valmistatud mustast alumiiniumist, mis tagab stabiilsuse ja vastupidavuse erinevates ilmastikuoludes. Laua l\u00e4bim\u00f5\u00f5t on 120 cm, mist\u00f5ttu see mahutab mugavalt mitu inimest.<\/p>\n<h3>Mugavad ja praktilised aiatoolid<\/h3>\n<p>Komplekti kuuluvad ka meie populaarsed <strong>Santorini aiatoolid<\/strong>, mis t\u00e4iustavad s\u00f6\u00f6gilaua stiili. Toolidel on sirged, p\u00f5hjamaise disainiga jooned ning integreeritud k\u00e4etoed, mis tagavad suurema istumismugavuse. Toolide raam on valmistatud vastupidavast alumiiniumist ning iste on kaetud musta tekstiiliga, mis on ilmastikukindel ja kergesti puhastatav. Lisaks on toolid <strong>virnastatavad<\/strong>, mis teeb nende hoiustamise lihtsaks ja ruumis\u00e4\u00e4stlikuks.<\/p>\n<h3>Naudi \u00f5uetunde igal hetkel<\/h3>\n<p>Olgu see hommikukohv, l\u00f5unas\u00f6\u00f6k p\u00e4ikese k\u00e4es v\u00f5i \u00f5htus\u00f6\u00f6k s\u00f5prade seltsis \u2013 <strong>alumiiniumist aia s\u00f6\u00f6gilaua komplekt Break<\/strong> loob ideaalse atmosf\u00e4\u00e4ri igaks hetkeks. Vastupidavad ja ilmastikukindlad materjalid tagavad, et see m\u00f6\u00f6bel kaunistab sinu aeda v\u00f5i terrassi aastaid.<\/p>\n","protected":false},"excerpt":{"rendered":"<p>Ajatu disainiga alumiiniumist aia s\u00f6\u00f6gilaua komplekt Muuda oma terrass v\u00f5i aianurk kutsuvaks koos alumiiniumist aia s\u00f6\u00f6gilaua komplektiga Break. See stiilne ja vastupidav m\u00f6\u00f6blikomplekt \u00fchendab ajatu disaini praktiliste omadustega, pakkudes ideaalset kohta m\u00f5nusateks s\u00f6\u00f6gikordadeks v\u00e4rskes \u00f5hus. Kvaliteetsed materjalid ja hoolikalt l\u00e4bim\u00f5eldud disain S\u00f6\u00f6gilaud Break paistab silma oma \u00fcmarate vormide ja hoolikalt valitud materjalidega. Lauaplaat on valmistatud [&hellip;]<\/p>\n","protected":false},"featured_media":163261,"comment_status":"open","ping_status":"open","template":"","meta":[],"product_brand":[1818],"product_cat":[1781],"product_tag":[],"class_list":{"0":"post-144691","1":"product","2":"type-product","3":"status-publish","4":"has-post-thumbnail","6":"product_brand-venture-design","7":"product_cat-aia-soogilaua-komplektid","8":"product_shipping_class-venture-design","9":"pa_kollektsioon-break","10":"pa_kollektsioon-santorini","11":"pa_laua-materjal-alumiinium","12":"pa_laua-materjal-puitplastkomposiit","13":"pa_mootmed-laud-120-tool-58x88x56","14":"pa_tooli-materjal-alumiinium","16":"first","17":"outofstock","18":"sale","19":"taxable","20":"shipping-taxable","21":"purchasable","22":"product-type-simple"},"_links":{"self":[{"href":"https:\/\/blankpage.ee\/_ruumist-ruumi\/wp-json\/wp\/v2\/product\/144691","targetHints":{"allow":["GET"]}}],"collection":[{"href":"https:\/\/blankpage.ee\/_ruumist-ruumi\/wp-json\/wp\/v2\/product"}],"about":[{"href":"https:\/\/blankpage.ee\/_ruumist-ruumi\/wp-json\/wp\/v2\/types\/product"}],"replies":[{"embeddable":true,"href":"https:\/\/blankpage.ee\/_ruumist-ruumi\/wp-json\/wp\/v2\/comments?post=144691"}],"wp:featuredmedia":[{"embeddable":true,"href":"https:\/\/blankpage.ee\/_ruumist-ruumi\/wp-json\/wp\/v2\/media\/163261"}],"wp:attachment":[{"href":"https:\/\/blankpage.ee\/_ruumist-ruumi\/wp-json\/wp\/v2\/media?parent=144691"}],"wp:term":[{"taxonomy":"product_brand","embeddable":true,"href":"https:\/\/blankpage.ee\/_ruumist-ruumi\/wp-json\/wp\/v2\/product_brand?post=144691"},{"taxonomy":"product_cat","embeddable":true,"href":"https:\/\/blankpage.ee\/_ruumist-ruumi\/wp-json\/wp\/v2\/product_cat?post=144691"},{"taxonomy":"product_tag","embeddable":true,"href":"https:\/\/blankpage.ee\/_ruumist-ruumi\/wp-json\/wp\/v2\/product_tag?post=144691"}],"curies":[{"name":"wp","href":"https:\/\/api.w.org\/{rel}","templated":true}]}}