{"id":145077,"date":"2025-03-05T21:59:11","date_gmt":"2025-03-05T21:59:11","guid":{"rendered":"https:\/\/ruumistruumi.ee\/pood\/alumiiniumist-aia-soogilaua-komplekt-llama-gr18377\/"},"modified":"2025-08-14T11:21:00","modified_gmt":"2025-08-14T11:21:00","slug":"alumiiniumist-aia-soogilaua-komplekt-llama-gr18377","status":"publish","type":"product","link":"https:\/\/blankpage.ee\/_ruumist-ruumi\/pood\/alumiiniumist-aia-soogilaua-komplekt-llama-gr18377\/","title":{"rendered":"Alumiiniumist aia s\u00f6\u00f6gilaua komplekt Llama, GR18377"},"content":{"rendered":"<h3>Alumiiniumist aia s\u00f6\u00f6gilaua komplekt Llama \u2013 stiilne ja praktiline valik sinu terrassile<\/h3>\n<p>Muuda oma \u00f5u hubaseks ja funktsionaalseks koos <strong>alumiiniumist aia s\u00f6\u00f6gilaua komplektiga Llama<\/strong>. See stiilne ja vastupidav m\u00f6\u00f6blikomplekt koosneb elegantsest s\u00f6\u00f6gilauast ja mugavatest Albany toolidest, mis loovad ideaalse keskkonna \u00f5htus\u00f6\u00f6kideks v\u00e4rskes \u00f5hus.<\/p>\n<h3>Kvaliteetne materjal ja ilmastikukindel disain<\/h3>\n<p>Komplekti kuuluv <strong>s\u00f6\u00f6gilaud<\/strong> on valmistatud vastupidavast alumiiniumist, mis on kerge, roostekindel ja lihtsasti hooldatav. See tagab pikaealisuse ning sobib suurep\u00e4raselt v\u00e4listingimustesse. Toolid on loodud pakkuma maksimaalset istumismugavust ning nende kokkupandav disain v\u00f5imaldab neid h\u00f5lpsasti hoiustada, kui neid parasjagu ei kasutata.<\/p>\n<h3>Mugavus ja elegants \u00fcheskoos<\/h3>\n<p>Albany s\u00f6\u00f6gitoolid on ergonoomilise kujuga ja m\u00f5eldud pikemaks istumiseks, et saaksid nautida s\u00f6\u00f6maaegu ja meeldivat seltskonda. Nende vastupidav raam tagab stabiilsuse, samas kui kvaliteetsed materjalid lisavad eksklusiivset ilmet. T\u00e4nu kokkupandavale mehhanismile saab toole h\u00f5lpsalt kokku panna ja ruumi s\u00e4\u00e4sta.<\/p>\n<h3>Ideaalne valik su aia- v\u00f5i terrassinurka<\/h3>\n<p><strong>Alumiiniumist aia s\u00f6\u00f6gilaua komplekt Llama<\/strong> sobib suurep\u00e4raselt nii v\u00e4iksematele kui ka suurematele terrassidele, pakkudes praktilist ja stiilset lahendust v\u00e4litingimustes einestamiseks. T\u00e4nu oma modernsele ja ajatu disainiga v\u00e4limusele sulandub see suurep\u00e4raselt igasse aiakeskkonda, muutes sinu v\u00e4liruumi veelgi kutsuvamaks.<\/p>\n<p>Vali vastupidav ja kaunis s\u00f6\u00f6gikomplekt, mis pakub sulle ja su perele aastateks nauditavaid hetki v\u00e4rskes \u00f5hus!<\/p>\n","protected":false},"excerpt":{"rendered":"<p>Alumiiniumist aia s\u00f6\u00f6gilaua komplekt Llama \u2013 stiilne ja praktiline valik sinu terrassile Muuda oma \u00f5u hubaseks ja funktsionaalseks koos alumiiniumist aia s\u00f6\u00f6gilaua komplektiga Llama. See stiilne ja vastupidav m\u00f6\u00f6blikomplekt koosneb elegantsest s\u00f6\u00f6gilauast ja mugavatest Albany toolidest, mis loovad ideaalse keskkonna \u00f5htus\u00f6\u00f6kideks v\u00e4rskes \u00f5hus. Kvaliteetne materjal ja ilmastikukindel disain Komplekti kuuluv s\u00f6\u00f6gilaud on valmistatud vastupidavast alumiiniumist, [&hellip;]<\/p>\n","protected":false},"featured_media":162898,"comment_status":"open","ping_status":"open","template":"","meta":[],"product_brand":[1818],"product_cat":[1781],"product_tag":[],"class_list":{"0":"post-145077","1":"product","2":"type-product","3":"status-publish","4":"has-post-thumbnail","6":"product_brand-venture-design","7":"product_cat-aia-soogilaua-komplektid","8":"product_shipping_class-venture-design","9":"pa_kollektsioon-albany","10":"pa_kollektsioon-llama","11":"pa_laua-materjal-alumiinium","12":"pa_laua-materjal-korgsurvelaminaat","13":"pa_laua-tasapinna-varvus-hall","14":"pa_mootmed-laud-75x205x100-tool-73x108x59","15":"pa_tooli-materjal-alumiinium","16":"pa_tooli-materjal-puitplastkomposiit","17":"pa_tooli-materjal-textilene","19":"first","20":"instock","21":"sale","22":"taxable","23":"shipping-taxable","24":"purchasable","25":"product-type-simple"},"_links":{"self":[{"href":"https:\/\/blankpage.ee\/_ruumist-ruumi\/wp-json\/wp\/v2\/product\/145077","targetHints":{"allow":["GET"]}}],"collection":[{"href":"https:\/\/blankpage.ee\/_ruumist-ruumi\/wp-json\/wp\/v2\/product"}],"about":[{"href":"https:\/\/blankpage.ee\/_ruumist-ruumi\/wp-json\/wp\/v2\/types\/product"}],"replies":[{"embeddable":true,"href":"https:\/\/blankpage.ee\/_ruumist-ruumi\/wp-json\/wp\/v2\/comments?post=145077"}],"wp:featuredmedia":[{"embeddable":true,"href":"https:\/\/blankpage.ee\/_ruumist-ruumi\/wp-json\/wp\/v2\/media\/162898"}],"wp:attachment":[{"href":"https:\/\/blankpage.ee\/_ruumist-ruumi\/wp-json\/wp\/v2\/media?parent=145077"}],"wp:term":[{"taxonomy":"product_brand","embeddable":true,"href":"https:\/\/blankpage.ee\/_ruumist-ruumi\/wp-json\/wp\/v2\/product_brand?post=145077"},{"taxonomy":"product_cat","embeddable":true,"href":"https:\/\/blankpage.ee\/_ruumist-ruumi\/wp-json\/wp\/v2\/product_cat?post=145077"},{"taxonomy":"product_tag","embeddable":true,"href":"https:\/\/blankpage.ee\/_ruumist-ruumi\/wp-json\/wp\/v2\/product_tag?post=145077"}],"curies":[{"name":"wp","href":"https:\/\/api.w.org\/{rel}","templated":true}]}}