{"id":145127,"date":"2025-03-05T21:59:11","date_gmt":"2025-03-05T21:59:11","guid":{"rendered":"https:\/\/ruumistruumi.ee\/pood\/punutisest-aia-soogilaua-komplekt-virya-gr21521\/"},"modified":"2025-08-14T11:21:04","modified_gmt":"2025-08-14T11:21:04","slug":"punutisest-aia-soogilaua-komplekt-virya-gr21521","status":"publish","type":"product","link":"https:\/\/blankpage.ee\/_ruumist-ruumi\/pood\/punutisest-aia-soogilaua-komplekt-virya-gr21521\/","title":{"rendered":"Punutisest aia s\u00f6\u00f6gilaua komplekt Virya, GR21521"},"content":{"rendered":"<h3>Stiilne ja mugav aia s\u00f6\u00f6gilaua komplekt<\/h3>\n<p>Naudi suviseid \u00f5htus\u00f6\u00f6ke \u00f5ues koos <strong>punutisest aia s\u00f6\u00f6gilaua komplektiga Virya\/Padova<\/strong>. See elegantne ja praktiline komplekt koosneb vastupidavast s\u00f6\u00f6gilauast ning neljast mugavast toolist, pakkudes ideaalse s\u00f6\u00f6gikoha aias v\u00f5i terrassil. T\u00e4nu oma ajatu disainiga punutisele ja kvaliteetsetele materjalidele sobib see komplekt igasse v\u00e4liruumi.<\/p>\n<h3>Kvaliteetsed materjalid ja vastupidav konstruktsioon<\/h3>\n<p>S\u00f6\u00f6gilaud Virya on loodud kestma \u2013 selle tugev raam tagab stabiilsuse ning vastupidav lauaplaat on lihtsasti hooldatav. Kergelt hooldatav pind v\u00f5imaldab nautida s\u00f6\u00f6maaegu muretult. Padova s\u00f6\u00f6gitoolid on valmistatud kvaliteetsest punutisest, mis on ilmastikukindel ja vastupidav. Toolide ergonoomiline kuju ja tugev raam tagavad suurep\u00e4rase istumismugavuse.<\/p>\n<h3>Mugavus ja stiil \u00fcheskoos<\/h3>\n<p>Padova toolid ei ole mitte ainult ilusad, vaid ka mugavad \u2013 nende avar iste ja toetav seljatugi teevad pikemadki istumised nauditavaks. T\u00e4nu klassikalisele disainile ja neutraalsetele toonidele sobib see komplekt erinevatesse aedadesse ja terrassidele, lisades ruumile elegantsi ja hubasust.<\/p>\n<h3>Ideaalne valik igasse aeda<\/h3>\n<p>Kui otsid <strong>aia s\u00f6\u00f6gilaua komplekti<\/strong>, mis \u00fchendab endas vastupidavuse, mugavuse ja ajatu stiili, siis on Virya\/Padova ideaalne valik. See komplekt loob t\u00e4iusliku s\u00f6\u00f6giala, kus saad nautida suviseid eineid pere ja s\u00f5prade seltsis. Telli juba t\u00e4na ja muuda oma aed veelgi kutsuvamaks!<\/p>\n","protected":false},"excerpt":{"rendered":"<p>Stiilne ja mugav aia s\u00f6\u00f6gilaua komplekt Naudi suviseid \u00f5htus\u00f6\u00f6ke \u00f5ues koos punutisest aia s\u00f6\u00f6gilaua komplektiga Virya\/Padova. See elegantne ja praktiline komplekt koosneb vastupidavast s\u00f6\u00f6gilauast ning neljast mugavast toolist, pakkudes ideaalse s\u00f6\u00f6gikoha aias v\u00f5i terrassil. T\u00e4nu oma ajatu disainiga punutisele ja kvaliteetsetele materjalidele sobib see komplekt igasse v\u00e4liruumi. Kvaliteetsed materjalid ja vastupidav konstruktsioon S\u00f6\u00f6gilaud Virya on [&hellip;]<\/p>\n","protected":false},"featured_media":163083,"comment_status":"open","ping_status":"open","template":"","meta":[],"product_brand":[1818],"product_cat":[1781],"product_tag":[],"class_list":{"0":"post-145127","1":"product","2":"type-product","3":"status-publish","4":"has-post-thumbnail","6":"product_brand-venture-design","7":"product_cat-aia-soogilaua-komplektid","8":"product_shipping_class-venture-design","9":"pa_kangas-100-poluester","10":"pa_kollektsioon-padova","11":"pa_kollektsioon-virya","12":"pa_laua-materjal-alumiinium","13":"pa_laua-materjal-matt-klaas","14":"pa_laua-tasapinna-varvus-must","15":"pa_mootmed-laud-74x160x90-tool-67x102x62","16":"pa_pehmenduste-materjal-poluester","17":"pa_tooli-materjal-alumiinium","18":"pa_tooli-materjal-poluester","19":"pa_tooli-materjal-kiud","20":"pa_tooli-materjal-punutis","21":"pa_tooli-materjal-vaht","23":"first","24":"outofstock","25":"sale","26":"taxable","27":"shipping-taxable","28":"purchasable","29":"product-type-simple"},"_links":{"self":[{"href":"https:\/\/blankpage.ee\/_ruumist-ruumi\/wp-json\/wp\/v2\/product\/145127","targetHints":{"allow":["GET"]}}],"collection":[{"href":"https:\/\/blankpage.ee\/_ruumist-ruumi\/wp-json\/wp\/v2\/product"}],"about":[{"href":"https:\/\/blankpage.ee\/_ruumist-ruumi\/wp-json\/wp\/v2\/types\/product"}],"replies":[{"embeddable":true,"href":"https:\/\/blankpage.ee\/_ruumist-ruumi\/wp-json\/wp\/v2\/comments?post=145127"}],"wp:featuredmedia":[{"embeddable":true,"href":"https:\/\/blankpage.ee\/_ruumist-ruumi\/wp-json\/wp\/v2\/media\/163083"}],"wp:attachment":[{"href":"https:\/\/blankpage.ee\/_ruumist-ruumi\/wp-json\/wp\/v2\/media?parent=145127"}],"wp:term":[{"taxonomy":"product_brand","embeddable":true,"href":"https:\/\/blankpage.ee\/_ruumist-ruumi\/wp-json\/wp\/v2\/product_brand?post=145127"},{"taxonomy":"product_cat","embeddable":true,"href":"https:\/\/blankpage.ee\/_ruumist-ruumi\/wp-json\/wp\/v2\/product_cat?post=145127"},{"taxonomy":"product_tag","embeddable":true,"href":"https:\/\/blankpage.ee\/_ruumist-ruumi\/wp-json\/wp\/v2\/product_tag?post=145127"}],"curies":[{"name":"wp","href":"https:\/\/api.w.org\/{rel}","templated":true}]}}