{"id":145297,"date":"2025-03-05T22:10:19","date_gmt":"2025-03-05T22:10:19","guid":{"rendered":"https:\/\/ruumistruumi.ee\/pood\/alumiiniumist-aia-soogilaua-komplekt-parma-albany-gr18340\/"},"modified":"2025-08-14T11:20:43","modified_gmt":"2025-08-14T11:20:43","slug":"alumiiniumist-aia-soogilaua-komplekt-parma-albany-gr18340","status":"publish","type":"product","link":"https:\/\/blankpage.ee\/_ruumist-ruumi\/pood\/alumiiniumist-aia-soogilaua-komplekt-parma-albany-gr18340\/","title":{"rendered":"Alumiiniumist aia s\u00f6\u00f6gilaua komplekt Parma\/Albany, GR18340"},"content":{"rendered":"<h3>Elegantne alumiiniumist aia s\u00f6\u00f6gilaua komplekt Parma, \u00f890<\/h3>\n<p>Muuda oma \u00f5ueala stiilseks ja funktsionaalseks <strong>alumiiniumist aia s\u00f6\u00f6gilaua komplektiga Parma, \u00f890<\/strong>. See elegantne ja vastupidav komplekt sobib suurep\u00e4raselt nii aeda, terrassile kui ka r\u00f5dule, pakkudes mugavat ja kutsuvat atmosf\u00e4\u00e4ri igal s\u00f6\u00f6gikorral.<\/p>\n<h3>Kvaliteetne ja vastupidav disain<\/h3>\n<p>Kohvilaud Parma \u00fchendab endas moodsa v\u00e4limuse ja praktilisuse. Selle tugev alumiiniumist raam tagab stabiilsuse ja ilmastikukindluse, mist\u00f5ttu sobib see suurep\u00e4raselt v\u00e4litingimustesse. Lauaplaat lisab loodusl\u00e4hedast tunnet, luues hubase ja meeldiva keskkonna igaks hetkeks.<\/p>\n<p>Komplekti kuuluvad ka kokkupandavad Albany s\u00f6\u00f6gitoolid, mis muudavad hoiustamise lihtsaks ning v\u00f5imaldavad ruumi s\u00e4\u00e4sta. T\u00e4nu oma ergonoomilisele disainile pakuvad need toolid mugavat istumiskogemust, olles samas kerged ja h\u00f5lpsasti liigutatavad.<\/p>\n<h3>Ideaalne valik igale \u00f5uealale<\/h3>\n<p>See <strong>alumiiniumist aia s\u00f6\u00f6gilaua komplekt<\/strong> on suurep\u00e4rane valik nii hommikukohvi nautimiseks kui ka \u00f5htus\u00f6\u00f6kideks v\u00e4rskes \u00f5hus. T\u00e4nu oma vastupidavatele materjalidele peab see vastu erinevatele ilmastikutingimustele ning vajab minimaalset hooldust.<\/p>\n<p>Kui otsid stiilset ja praktilist lahendust oma \u00f5uealale, siis see komplekt on just see, mida vajad. Loo meeldiv ja kutsuv atmosf\u00e4\u00e4r oma aias v\u00f5i r\u00f5dul ning naudi mugavust ja disaini \u00fcheskoos!<\/p>\n","protected":false},"excerpt":{"rendered":"<p>Elegantne alumiiniumist aia s\u00f6\u00f6gilaua komplekt Parma, \u00f890 Muuda oma \u00f5ueala stiilseks ja funktsionaalseks alumiiniumist aia s\u00f6\u00f6gilaua komplektiga Parma, \u00f890. See elegantne ja vastupidav komplekt sobib suurep\u00e4raselt nii aeda, terrassile kui ka r\u00f5dule, pakkudes mugavat ja kutsuvat atmosf\u00e4\u00e4ri igal s\u00f6\u00f6gikorral. Kvaliteetne ja vastupidav disain Kohvilaud Parma \u00fchendab endas moodsa v\u00e4limuse ja praktilisuse. Selle tugev alumiiniumist raam [&hellip;]<\/p>\n","protected":false},"featured_media":163741,"comment_status":"open","ping_status":"open","template":"","meta":[],"product_brand":[1818],"product_cat":[1781],"product_tag":[],"class_list":{"0":"post-145297","1":"product","2":"type-product","3":"status-publish","4":"has-post-thumbnail","6":"product_brand-venture-design","7":"product_cat-aia-soogilaua-komplektid","8":"product_shipping_class-venture-design","9":"pa_kollektsioon-albany","10":"pa_kollektsioon-parma","11":"pa_laua-materjal-alumiinium","12":"pa_laua-materjal-puitplastkomposiit","13":"pa_laua-tasapinna-varvus-valge","14":"pa_mootmed-laud-90-tool-73x110x59","15":"pa_tooli-materjal-alumiinium","16":"pa_tooli-materjal-puitplastkomposiit","17":"pa_tooli-materjal-textilene","19":"first","20":"instock","21":"sale","22":"taxable","23":"shipping-taxable","24":"purchasable","25":"product-type-simple"},"_links":{"self":[{"href":"https:\/\/blankpage.ee\/_ruumist-ruumi\/wp-json\/wp\/v2\/product\/145297","targetHints":{"allow":["GET"]}}],"collection":[{"href":"https:\/\/blankpage.ee\/_ruumist-ruumi\/wp-json\/wp\/v2\/product"}],"about":[{"href":"https:\/\/blankpage.ee\/_ruumist-ruumi\/wp-json\/wp\/v2\/types\/product"}],"replies":[{"embeddable":true,"href":"https:\/\/blankpage.ee\/_ruumist-ruumi\/wp-json\/wp\/v2\/comments?post=145297"}],"wp:featuredmedia":[{"embeddable":true,"href":"https:\/\/blankpage.ee\/_ruumist-ruumi\/wp-json\/wp\/v2\/media\/163741"}],"wp:attachment":[{"href":"https:\/\/blankpage.ee\/_ruumist-ruumi\/wp-json\/wp\/v2\/media?parent=145297"}],"wp:term":[{"taxonomy":"product_brand","embeddable":true,"href":"https:\/\/blankpage.ee\/_ruumist-ruumi\/wp-json\/wp\/v2\/product_brand?post=145297"},{"taxonomy":"product_cat","embeddable":true,"href":"https:\/\/blankpage.ee\/_ruumist-ruumi\/wp-json\/wp\/v2\/product_cat?post=145297"},{"taxonomy":"product_tag","embeddable":true,"href":"https:\/\/blankpage.ee\/_ruumist-ruumi\/wp-json\/wp\/v2\/product_tag?post=145297"}],"curies":[{"name":"wp","href":"https:\/\/api.w.org\/{rel}","templated":true}]}}