{"id":145371,"date":"2025-03-05T22:10:19","date_gmt":"2025-03-05T22:10:19","guid":{"rendered":"https:\/\/ruumistruumi.ee\/pood\/istmepadjad-ja-pehmendused-aiatoolidele-print-must-1103-254\/"},"modified":"2025-06-11T09:14:45","modified_gmt":"2025-06-11T09:14:45","slug":"istmepadjad-ja-pehmendused-aiatoolidele-print-must-1103-254","status":"publish","type":"product","link":"https:\/\/blankpage.ee\/_ruumist-ruumi\/pood\/istmepadjad-ja-pehmendused-aiatoolidele-print-must-1103-254\/","title":{"rendered":"Istmepadjad ja pehmendused aiatoolidele Print, must, 1103-254"},"content":{"rendered":"<h3>Mugavus ja stiil \u00fches \u2013 must Istmepadi Print<\/h3>\n<p>Anna oma toolile uus elu ja naudi t\u00e4iendavat istumismugavust <strong>musta Istmepadi Print<\/strong> abil. See praktiline istmepadi j\u00e4rgib sujuvalt tooli erinevaid asendeid, pakkudes optimaalset tuge igas olukorras. T\u00e4nu nutikale disainile sobib see suurep\u00e4raselt nii sise- kui ka v\u00e4litingimustes kasutamiseks.<\/p>\n<h3>Pilkup\u00fc\u00fcdev disain ja kindel kinnituvus<\/h3>\n<p>Padja seljatoe keskosa on kaunistatud silmapaistva <strong>punaste ja valgete t\u00e4htedega printmustriga<\/strong>, mis lisab interj\u00f6\u00f6rile ja aiam\u00f6\u00f6blile isikup\u00e4ra. Lisaks esteetilisele v\u00e4limusele on padi varustatud kahe praktilise rihmaga, mis kinnituvad kindlalt tooli k\u00fclge. Nii p\u00fcsib see alati omal kohal ega nihku paigast, olenemata sellest, kuidas istud.<\/p>\n<h3>Mitmek\u00fclgne ja vastupidav<\/h3>\n<p>See <strong>must istmepadi<\/strong> on loodud vastupidavusest ja mugavusest l\u00e4htudes. T\u00e4nu hoolikalt valitud materjalidele pakub see pikaajalist kasutusmugavust ning sobib ideaalselt nii k\u00f6\u00f6gitoolidele, terrassim\u00f6\u00f6blile kui ka kontorisse. Pehme polsterdus tagab meeldiva istumiselamuse, muutes iga hetke mugavamaks.<\/p>\n<h3>Muuda oma iste veelgi mugavamaks<\/h3>\n<p>Kui otsid lahendust, mis \u00fchendab funktsionaalsuse ja stiili, on <strong>must Istmepadi Print<\/strong> ideaalne valik. Lisa see oma toolile ja naudi uut taset mugavuses. T\u00e4ienda oma kodu v\u00f5i terrassi selle stiilse ja praktilise padjaga juba t\u00e4na!<\/p>\n","protected":false},"excerpt":{"rendered":"<p>Mugavus ja stiil \u00fches \u2013 must Istmepadi Print Anna oma toolile uus elu ja naudi t\u00e4iendavat istumismugavust musta Istmepadi Print abil. See praktiline istmepadi j\u00e4rgib sujuvalt tooli erinevaid asendeid, pakkudes optimaalset tuge igas olukorras. T\u00e4nu nutikale disainile sobib see suurep\u00e4raselt nii sise- kui ka v\u00e4litingimustes kasutamiseks. Pilkup\u00fc\u00fcdev disain ja kindel kinnituvus Padja seljatoe keskosa on [&hellip;]<\/p>\n","protected":false},"featured_media":165312,"comment_status":"open","ping_status":"open","template":"","meta":[],"product_brand":[1818],"product_cat":[1775],"product_tag":[],"class_list":{"0":"post-145371","1":"product","2":"type-product","3":"status-publish","4":"has-post-thumbnail","6":"product_brand-venture-design","7":"product_cat-istmepadjad-ja-pehmendused-aiatoolidele","8":"product_shipping_class-venture-design","9":"pa_kangas-100-poluester","10":"pa_varv-must","12":"first","13":"outofstock","14":"sale","15":"taxable","16":"shipping-taxable","17":"purchasable","18":"product-type-simple"},"_links":{"self":[{"href":"https:\/\/blankpage.ee\/_ruumist-ruumi\/wp-json\/wp\/v2\/product\/145371","targetHints":{"allow":["GET"]}}],"collection":[{"href":"https:\/\/blankpage.ee\/_ruumist-ruumi\/wp-json\/wp\/v2\/product"}],"about":[{"href":"https:\/\/blankpage.ee\/_ruumist-ruumi\/wp-json\/wp\/v2\/types\/product"}],"replies":[{"embeddable":true,"href":"https:\/\/blankpage.ee\/_ruumist-ruumi\/wp-json\/wp\/v2\/comments?post=145371"}],"wp:featuredmedia":[{"embeddable":true,"href":"https:\/\/blankpage.ee\/_ruumist-ruumi\/wp-json\/wp\/v2\/media\/165312"}],"wp:attachment":[{"href":"https:\/\/blankpage.ee\/_ruumist-ruumi\/wp-json\/wp\/v2\/media?parent=145371"}],"wp:term":[{"taxonomy":"product_brand","embeddable":true,"href":"https:\/\/blankpage.ee\/_ruumist-ruumi\/wp-json\/wp\/v2\/product_brand?post=145371"},{"taxonomy":"product_cat","embeddable":true,"href":"https:\/\/blankpage.ee\/_ruumist-ruumi\/wp-json\/wp\/v2\/product_cat?post=145371"},{"taxonomy":"product_tag","embeddable":true,"href":"https:\/\/blankpage.ee\/_ruumist-ruumi\/wp-json\/wp\/v2\/product_tag?post=145371"}],"curies":[{"name":"wp","href":"https:\/\/api.w.org\/{rel}","templated":true}]}}