{"id":145373,"date":"2025-03-05T22:10:19","date_gmt":"2025-03-05T22:10:19","guid":{"rendered":"https:\/\/ruumistruumi.ee\/pood\/alumiiniumist-terrassilaud-colorado-hall-valge-70x70-9364-120\/"},"modified":"2025-08-14T11:20:52","modified_gmt":"2025-08-14T11:20:52","slug":"alumiiniumist-terrassilaud-colorado-hall-valge-70x70-9364-120","status":"publish","type":"product","link":"https:\/\/blankpage.ee\/_ruumist-ruumi\/pood\/alumiiniumist-terrassilaud-colorado-hall-valge-70x70-9364-120\/","title":{"rendered":"Alumiiniumist terrassilaud Colorado, hall\/valge, 70&#215;70, 9364-120"},"content":{"rendered":"<h3>Stiilne ja vastupidav alumiiniumist kohvilaud Colorado<\/h3>\n<p><strong>Alumiiniumist kohvilaud Colorado<\/strong> on ideaalne valik suvisteks eineteks ja kohvipausideks \u00f5ues. Selle klassikaline disain ning kvaliteetsed materjalid tagavad nii visuaalse ilu kui ka praktilisuse. Lauaplaat on valmistatud hallist aintwood-materjalist, mis meenutab naturaalse puidu struktuuri, kuid on ilmastikukindel ja hooldusvaba. Vastupidav valge alumiiniumraam lisab kerget ja modernset ilmet, muutes laua sobivaks nii terrassile, r\u00f5dule kui ka aeda.<\/p>\n<h3>Ilmastikukindlad materjalid ja ajatu disain<\/h3>\n<p>Selle laua suurus \u2013 <strong>70&#215;70 cm<\/strong> \u2013 teeb sellest suurep\u00e4rase valiku nii v\u00e4iksematele kui ka avaramatele v\u00e4lialadele. T\u00e4nu alumiiniumraamile on laud roostekindel ja kerge, v\u00f5imaldades seda h\u00f5lpsalt liigutada vastavalt vajadusele. Halli ja valge kombinatsioon toob interj\u00f6\u00f6ri v\u00f5i eksterj\u00f6\u00f6ri kaasaegsust ja elegantsi, sobitudes erinevate toolide ja dekoratsioonidega.<\/p>\n<h3>Mugav ja praktiline valik igaks hooajaks<\/h3>\n<p>Kui otsid funktsionaalset ja stiilset v\u00e4lim\u00f6\u00f6blit, siis <strong>alumiiniumist kohvilaud Colorado<\/strong> on suurep\u00e4rane valik. See on disainitud vastu pidama erinevatele ilmastikutingimustele, mist\u00f5ttu ei vaja see intensiivset hooldust. Lisa sellele paar stiilset s\u00f6\u00f6gitooli ning naudi meeldivaid hetki v\u00e4rskes \u00f5hus \u2013 olgu selleks hommikukohv v\u00f5i \u00f5htus\u00f6\u00f6k pere ja s\u00f5pradega.<\/p>\n","protected":false},"excerpt":{"rendered":"<p>Stiilne ja vastupidav alumiiniumist kohvilaud Colorado Alumiiniumist kohvilaud Colorado on ideaalne valik suvisteks eineteks ja kohvipausideks \u00f5ues. Selle klassikaline disain ning kvaliteetsed materjalid tagavad nii visuaalse ilu kui ka praktilisuse. Lauaplaat on valmistatud hallist aintwood-materjalist, mis meenutab naturaalse puidu struktuuri, kuid on ilmastikukindel ja hooldusvaba. Vastupidav valge alumiiniumraam lisab kerget ja modernset ilmet, muutes laua [&hellip;]<\/p>\n","protected":false},"featured_media":164712,"comment_status":"open","ping_status":"open","template":"","meta":[],"product_brand":[1818],"product_cat":[1686],"product_tag":[],"class_list":{"0":"post-145373","1":"product","2":"type-product","3":"status-publish","4":"has-post-thumbnail","6":"product_brand-venture-design","7":"product_cat-kohvilauad-ja-lisalauad-terrassile","8":"product_shipping_class-venture-design","9":"pa_jalgade-varv-valge","10":"pa_kollektsioon-colorado","11":"pa_laua-tasapinna-varvus-hall","12":"pa_mootmed-75-x-70-x-70","13":"pa_varv-valge","14":"pa_varv-hall","16":"first","17":"outofstock","18":"sale","19":"taxable","20":"shipping-taxable","21":"purchasable","22":"product-type-simple"},"_links":{"self":[{"href":"https:\/\/blankpage.ee\/_ruumist-ruumi\/wp-json\/wp\/v2\/product\/145373","targetHints":{"allow":["GET"]}}],"collection":[{"href":"https:\/\/blankpage.ee\/_ruumist-ruumi\/wp-json\/wp\/v2\/product"}],"about":[{"href":"https:\/\/blankpage.ee\/_ruumist-ruumi\/wp-json\/wp\/v2\/types\/product"}],"replies":[{"embeddable":true,"href":"https:\/\/blankpage.ee\/_ruumist-ruumi\/wp-json\/wp\/v2\/comments?post=145373"}],"wp:featuredmedia":[{"embeddable":true,"href":"https:\/\/blankpage.ee\/_ruumist-ruumi\/wp-json\/wp\/v2\/media\/164712"}],"wp:attachment":[{"href":"https:\/\/blankpage.ee\/_ruumist-ruumi\/wp-json\/wp\/v2\/media?parent=145373"}],"wp:term":[{"taxonomy":"product_brand","embeddable":true,"href":"https:\/\/blankpage.ee\/_ruumist-ruumi\/wp-json\/wp\/v2\/product_brand?post=145373"},{"taxonomy":"product_cat","embeddable":true,"href":"https:\/\/blankpage.ee\/_ruumist-ruumi\/wp-json\/wp\/v2\/product_cat?post=145373"},{"taxonomy":"product_tag","embeddable":true,"href":"https:\/\/blankpage.ee\/_ruumist-ruumi\/wp-json\/wp\/v2\/product_tag?post=145373"}],"curies":[{"name":"wp","href":"https:\/\/api.w.org\/{rel}","templated":true}]}}