{"id":145448,"date":"2025-03-05T22:20:51","date_gmt":"2025-03-05T22:20:51","guid":{"rendered":"https:\/\/ruumistruumi.ee\/pood\/metallist-laualamp-oue-rubu-must-valge-o24x26-7565-110\/"},"modified":"2025-08-14T11:20:19","modified_gmt":"2025-08-14T11:20:19","slug":"metallist-laualamp-oue-rubu-must-valge-o24x26-7565-110","status":"publish","type":"product","link":"https:\/\/blankpage.ee\/_ruumist-ruumi\/pood\/metallist-laualamp-oue-rubu-must-valge-o24x26-7565-110\/","title":{"rendered":"Metallist laualamp \u00f5ue Rubu, must\/valge, \u00f824&#215;26, 7565-110"},"content":{"rendered":"<h3>Ajatu ja stiilne metallist laualamp Rubu<\/h3>\n<p><strong>Metallist laualamp Rubu<\/strong> on ideaalne valgusti, mis lisab sinu \u00f5uealale soojust ja hubasust. Selle must-valge disain on ajatu ning sobib suurep\u00e4raselt nii aeda, terrassile kui ka r\u00f5dule. T\u00e4nu oma vastupidavatele materjalidele talub see ilmastikutingimusi, olles samal ajal stiilne sisustuselement.<\/p>\n<h3>Juhtmevaba mugavus ja ilmastikukindel disain<\/h3>\n<p>Rubu laualamp t\u00f6\u00f6tab akutoitel, mis t\u00e4hendab, et sa ei pea muretsema juhtmete ega pistikupesade p\u00e4rast. Aseta see kuhu iganes soovid ja naudi sooja valgust, mis loob \u00f5dusa atmosf\u00e4\u00e4ri igal \u00f5htul. Lamp on valmistatud tugevast terasest ja vastupidavast plastikust, tagades pikaajalise kasutuse ka v\u00e4litingimustes.<\/p>\n<h3>Loodud looma meeleolu<\/h3>\n<p>See pole lihtsalt valgusti \u2013 <strong>metallist laualamp Rubu<\/strong> on ka kaunis dekoratsioonielement, mis t\u00e4iustab sinu \u00f5ueala stiilselt ja praktiliselt. Selle hooldus on lihtne ja kasutamine intuitiivne, mist\u00f5ttu saad keskenduda vaid \u00f5htuste hetkede nautimisele. <\/p>\n<p>Too oma aeda v\u00f5i terrassile \u00f5dus valgus ja kaasaegne disain. <strong>Metallist laualamp Rubu<\/strong> on suurep\u00e4rane valik igale, kes hindab stiili, funktsionaalsust ja vabadust paigutada valgusti t\u00e4pselt sinna, kuhu vaja.<\/p>\n","protected":false},"excerpt":{"rendered":"<p>Ajatu ja stiilne metallist laualamp Rubu Metallist laualamp Rubu on ideaalne valgusti, mis lisab sinu \u00f5uealale soojust ja hubasust. Selle must-valge disain on ajatu ning sobib suurep\u00e4raselt nii aeda, terrassile kui ka r\u00f5dule. T\u00e4nu oma vastupidavatele materjalidele talub see ilmastikutingimusi, olles samal ajal stiilne sisustuselement. Juhtmevaba mugavus ja ilmastikukindel disain Rubu laualamp t\u00f6\u00f6tab akutoitel, mis [&hellip;]<\/p>\n","protected":false},"featured_media":145449,"comment_status":"open","ping_status":"open","template":"","meta":[],"product_brand":[1818],"product_cat":[1812],"product_tag":[],"class_list":{"0":"post-145448","1":"product","2":"type-product","3":"status-publish","4":"has-post-thumbnail","6":"product_brand-venture-design","7":"product_cat-laualambid-oue","8":"product_shipping_class-venture-design","9":"pa_kollektsioon-rubu","10":"pa_mootmed-o24","11":"pa_varv-valge","12":"pa_varv-must","14":"first","15":"instock","16":"sale","17":"taxable","18":"shipping-taxable","19":"purchasable","20":"product-type-simple"},"_links":{"self":[{"href":"https:\/\/blankpage.ee\/_ruumist-ruumi\/wp-json\/wp\/v2\/product\/145448","targetHints":{"allow":["GET"]}}],"collection":[{"href":"https:\/\/blankpage.ee\/_ruumist-ruumi\/wp-json\/wp\/v2\/product"}],"about":[{"href":"https:\/\/blankpage.ee\/_ruumist-ruumi\/wp-json\/wp\/v2\/types\/product"}],"replies":[{"embeddable":true,"href":"https:\/\/blankpage.ee\/_ruumist-ruumi\/wp-json\/wp\/v2\/comments?post=145448"}],"wp:featuredmedia":[{"embeddable":true,"href":"https:\/\/blankpage.ee\/_ruumist-ruumi\/wp-json\/wp\/v2\/media\/145449"}],"wp:attachment":[{"href":"https:\/\/blankpage.ee\/_ruumist-ruumi\/wp-json\/wp\/v2\/media?parent=145448"}],"wp:term":[{"taxonomy":"product_brand","embeddable":true,"href":"https:\/\/blankpage.ee\/_ruumist-ruumi\/wp-json\/wp\/v2\/product_brand?post=145448"},{"taxonomy":"product_cat","embeddable":true,"href":"https:\/\/blankpage.ee\/_ruumist-ruumi\/wp-json\/wp\/v2\/product_cat?post=145448"},{"taxonomy":"product_tag","embeddable":true,"href":"https:\/\/blankpage.ee\/_ruumist-ruumi\/wp-json\/wp\/v2\/product_tag?post=145448"}],"curies":[{"name":"wp","href":"https:\/\/api.w.org\/{rel}","templated":true}]}}