{"id":145473,"date":"2025-03-05T22:20:51","date_gmt":"2025-03-05T22:20:51","guid":{"rendered":"https:\/\/ruumistruumi.ee\/pood\/bambusest-aia-porandalamp-mabis-must-naturaalne-7560-130\/"},"modified":"2025-08-21T00:43:43","modified_gmt":"2025-08-21T00:43:43","slug":"bambusest-aia-porandalamp-mabis-must-naturaalne-7560-130","status":"publish","type":"product","link":"https:\/\/blankpage.ee\/_ruumist-ruumi\/pood\/bambusest-aia-porandalamp-mabis-must-naturaalne-7560-130\/","title":{"rendered":"Bambusest aia p\u00f5randalamp Mabis, must\/naturaalne, 7560-130"},"content":{"rendered":"<h3>Stiilne ja keskkonnas\u00f5bralik aia p\u00f5randalamp Mabis<\/h3>\n<p><strong>Aia p\u00f5randalamp Mabis<\/strong> on ideaalne valik, kui soovid luua hubase ja sooja atmosf\u00e4\u00e4ri oma \u00f5uealal. Selle vastupidav terasraam ning looduslikust bambusest kuppel annavad lambile ainulaadse ja elegantse ilme, mis sulandub sujuvalt igasse keskkonda.<\/p>\n<h3>Energiat\u00f5hus valgustus p\u00e4ikesepaneelidega<\/h3>\n<p>Mabis t\u00f6\u00f6tab p\u00e4ikesepatareidega, mis t\u00e4hendab, et see on mitte ainult energias\u00e4\u00e4stlik, vaid ka keskkonnas\u00f5bralik valgustuslahendus. Ei mingeid segavaid juhtmeid ega vajadust elektripistiku j\u00e4rele \u2013 lihtsalt aseta lamp soovitud kohta ning lase p\u00e4ikesel teha oma t\u00f6\u00f6. Kui \u00f5htu saabub, s\u00fcttib lamp automaatselt, luues lummava ja kutsuva \u00f5hkkonna.<\/p>\n<h3>Ajatu disain ja loodusl\u00e4hedased materjalid<\/h3>\n<p>Lambi must metallraam kombineerituna naturaalse bambusest kupliga annab sellele modernse, kuid samas ajatult elegantse v\u00e4limuse. T\u00e4nu oma neutraalsetele toonidele sulandub see sujuvalt nii klassikalisse kui ka kaasaegsesse aiakujundusse. Mabis pakub sooja ja meeldivat valgust, mis muudab \u00f5htused hetked veelgi nauditavamaks \u2013 olgu selleks \u00fcksinda l\u00f5\u00f5gastumine v\u00f5i meeldiv \u00f5htu heas seltskonnas.<\/p>\n<h3>T\u00e4iuslik lahendus \u00f5uevalgustuseks<\/h3>\n<p><strong>Aia p\u00f5randalamp Mabis<\/strong> on suurep\u00e4rane viis oma \u00f5uealaga kauem nautimiseks, pakkudes samal ajal nii funktsionaalsust kui ka esteetilist v\u00e4\u00e4rtust. Lisa oma aeda stiili ja hubasust selle p\u00e4ikesepatareiga t\u00f6\u00f6tava p\u00f5randalambiga, mis \u00fchendab looduse ilu ja kaasaegse tehnoloogia.<\/p>\n","protected":false},"excerpt":{"rendered":"<p>Stiilne ja keskkonnas\u00f5bralik aia p\u00f5randalamp Mabis Aia p\u00f5randalamp Mabis on ideaalne valik, kui soovid luua hubase ja sooja atmosf\u00e4\u00e4ri oma \u00f5uealal. Selle vastupidav terasraam ning looduslikust bambusest kuppel annavad lambile ainulaadse ja elegantse ilme, mis sulandub sujuvalt igasse keskkonda. Energiat\u00f5hus valgustus p\u00e4ikesepaneelidega Mabis t\u00f6\u00f6tab p\u00e4ikesepatareidega, mis t\u00e4hendab, et see on mitte ainult energias\u00e4\u00e4stlik, vaid ka [&hellip;]<\/p>\n","protected":false},"featured_media":145474,"comment_status":"open","ping_status":"open","template":"","meta":[],"product_brand":[1818],"product_cat":[1786],"product_tag":[],"class_list":{"0":"post-145473","1":"product","2":"type-product","3":"status-publish","4":"has-post-thumbnail","6":"product_brand-venture-design","7":"product_cat-aia-porandalambid","8":"product_shipping_class-venture-design","9":"pa_kollektsioon-mabis","10":"pa_mootmed-o40","11":"pa_varv-naturaalne","12":"pa_varv-must","14":"first","15":"instock","16":"sale","17":"taxable","18":"shipping-taxable","19":"purchasable","20":"product-type-simple"},"_links":{"self":[{"href":"https:\/\/blankpage.ee\/_ruumist-ruumi\/wp-json\/wp\/v2\/product\/145473","targetHints":{"allow":["GET"]}}],"collection":[{"href":"https:\/\/blankpage.ee\/_ruumist-ruumi\/wp-json\/wp\/v2\/product"}],"about":[{"href":"https:\/\/blankpage.ee\/_ruumist-ruumi\/wp-json\/wp\/v2\/types\/product"}],"replies":[{"embeddable":true,"href":"https:\/\/blankpage.ee\/_ruumist-ruumi\/wp-json\/wp\/v2\/comments?post=145473"}],"wp:featuredmedia":[{"embeddable":true,"href":"https:\/\/blankpage.ee\/_ruumist-ruumi\/wp-json\/wp\/v2\/media\/145474"}],"wp:attachment":[{"href":"https:\/\/blankpage.ee\/_ruumist-ruumi\/wp-json\/wp\/v2\/media?parent=145473"}],"wp:term":[{"taxonomy":"product_brand","embeddable":true,"href":"https:\/\/blankpage.ee\/_ruumist-ruumi\/wp-json\/wp\/v2\/product_brand?post=145473"},{"taxonomy":"product_cat","embeddable":true,"href":"https:\/\/blankpage.ee\/_ruumist-ruumi\/wp-json\/wp\/v2\/product_cat?post=145473"},{"taxonomy":"product_tag","embeddable":true,"href":"https:\/\/blankpage.ee\/_ruumist-ruumi\/wp-json\/wp\/v2\/product_tag?post=145473"}],"curies":[{"name":"wp","href":"https:\/\/api.w.org\/{rel}","templated":true}]}}