{"id":145578,"date":"2025-03-05T22:30:00","date_gmt":"2025-03-05T22:30:00","guid":{"rendered":"https:\/\/ruumistruumi.ee\/pood\/plastikust-laualamp-oue-stratford-valge-o15x23-7545-101\/"},"modified":"2025-08-14T11:19:52","modified_gmt":"2025-08-14T11:19:52","slug":"plastikust-laualamp-oue-stratford-valge-o15x23-7545-101","status":"publish","type":"product","link":"https:\/\/blankpage.ee\/_ruumist-ruumi\/pood\/plastikust-laualamp-oue-stratford-valge-o15x23-7545-101\/","title":{"rendered":"Plastikust laualamp \u00f5ue Stratford, valge, \u00f815&#215;23, 7545-101"},"content":{"rendered":"<h3>Stiilne ja praktiline plastikust laualamp igasse ruumi<\/h3>\n<p><strong>Plastikust laualamp Stratford<\/strong> \u00fchendab endas kaasaegse disaini ja praktilisuse, pakkudes elegantset valgust igasse interj\u00f6\u00f6ri. Selle kompaktne suurus ja ajatu valge toon muudavad selle ideaalseks nii t\u00f6\u00f6ruumi, magamistoa kui ka elutoa jaoks.<\/p>\n<h3>Juhtmevaba kasutus mugavaks paigutamiseks<\/h3>\n<p>Stratfordi laualamp t\u00f6\u00f6tab patareidega, mis t\u00e4hendab, et see ei ole piiratud vooluv\u00f5rguga. Saate asetada selle t\u00e4pselt sinna, kus valgust k\u00f5ige rohkem vajate \u2013 olgu see siis riiulil, \u00f6\u00f6kapil v\u00f5i lugemisnurgas. T\u00e4nu juhtmevabale disainile on see suurep\u00e4rane valik ka terrassile v\u00f5i r\u00f5dule.<\/p>\n<h3>Kohandatav valgustugevus<\/h3>\n<p>\u00dcks Stratfordi laualambi silmapaistvamaid omadusi on selle reguleeritav heledus. Kolm erinevat valgusasetust v\u00f5imaldavad teil luua just sellise atmosf\u00e4\u00e4ri, nagu parasjagu vajate. Pehme valgus sobib ideaalselt l\u00f5\u00f5gastumiseks, samas kui eredam valgustus on abiks t\u00f6\u00f6 v\u00f5i lugemise ajal.<\/p>\n<h3>Kaasaegne disain, mis sobib igasse interj\u00f6\u00f6ri<\/h3>\n<p>Selle minimalistlik ja sujuvate joontega vorm sulandub suurep\u00e4raselt igasse kodukujundusse. Valge plastikust korpus tagab puhta ja universaalse v\u00e4limuse, mis t\u00e4iustab teie ruumi ilma seda \u00fcle koormamata. Olgu see modernses v\u00f5i klassikalises interj\u00f6\u00f6ris, Stratfordi laualamp lisab alati stiili ja praktilisust.<\/p>\n<p><strong>Plastikust laualamp Stratford<\/strong> on v\u00e4ike, kuid v\u00f5imas valgusallikas, mis toob teie koju nii ilu kui ka funktsionaalsuse. Avasta selle mitmek\u00fclgsus ja naudi mugavat valgust igal ajal!<\/p>\n","protected":false},"excerpt":{"rendered":"<p>Stiilne ja praktiline plastikust laualamp igasse ruumi Plastikust laualamp Stratford \u00fchendab endas kaasaegse disaini ja praktilisuse, pakkudes elegantset valgust igasse interj\u00f6\u00f6ri. Selle kompaktne suurus ja ajatu valge toon muudavad selle ideaalseks nii t\u00f6\u00f6ruumi, magamistoa kui ka elutoa jaoks. Juhtmevaba kasutus mugavaks paigutamiseks Stratfordi laualamp t\u00f6\u00f6tab patareidega, mis t\u00e4hendab, et see ei ole piiratud vooluv\u00f5rguga. Saate [&hellip;]<\/p>\n","protected":false},"featured_media":145579,"comment_status":"open","ping_status":"open","template":"","meta":[],"product_brand":[1818],"product_cat":[1812],"product_tag":[],"class_list":{"0":"post-145578","1":"product","2":"type-product","3":"status-publish","4":"has-post-thumbnail","6":"product_brand-venture-design","7":"product_cat-laualambid-oue","8":"product_shipping_class-venture-design","9":"pa_kollektsioon-statford","10":"pa_mootmed-o15","11":"pa_varv-valge","13":"first","14":"outofstock","15":"sale","16":"taxable","17":"shipping-taxable","18":"purchasable","19":"product-type-simple"},"_links":{"self":[{"href":"https:\/\/blankpage.ee\/_ruumist-ruumi\/wp-json\/wp\/v2\/product\/145578","targetHints":{"allow":["GET"]}}],"collection":[{"href":"https:\/\/blankpage.ee\/_ruumist-ruumi\/wp-json\/wp\/v2\/product"}],"about":[{"href":"https:\/\/blankpage.ee\/_ruumist-ruumi\/wp-json\/wp\/v2\/types\/product"}],"replies":[{"embeddable":true,"href":"https:\/\/blankpage.ee\/_ruumist-ruumi\/wp-json\/wp\/v2\/comments?post=145578"}],"wp:featuredmedia":[{"embeddable":true,"href":"https:\/\/blankpage.ee\/_ruumist-ruumi\/wp-json\/wp\/v2\/media\/145579"}],"wp:attachment":[{"href":"https:\/\/blankpage.ee\/_ruumist-ruumi\/wp-json\/wp\/v2\/media?parent=145578"}],"wp:term":[{"taxonomy":"product_brand","embeddable":true,"href":"https:\/\/blankpage.ee\/_ruumist-ruumi\/wp-json\/wp\/v2\/product_brand?post=145578"},{"taxonomy":"product_cat","embeddable":true,"href":"https:\/\/blankpage.ee\/_ruumist-ruumi\/wp-json\/wp\/v2\/product_cat?post=145578"},{"taxonomy":"product_tag","embeddable":true,"href":"https:\/\/blankpage.ee\/_ruumist-ruumi\/wp-json\/wp\/v2\/product_tag?post=145578"}],"curies":[{"name":"wp","href":"https:\/\/api.w.org\/{rel}","templated":true}]}}