{"id":145608,"date":"2025-03-05T22:30:00","date_gmt":"2025-03-05T22:30:00","guid":{"rendered":"https:\/\/ruumistruumi.ee\/pood\/tiigipuust-aiamoobli-kaitse-bold-labipaistev-750ml-3072-001\/"},"modified":"2025-08-17T16:33:40","modified_gmt":"2025-08-17T16:33:40","slug":"tiigipuust-aiamoobli-kaitse-bold-labipaistev-3072-001","status":"publish","type":"product","link":"https:\/\/blankpage.ee\/_ruumist-ruumi\/pood\/tiigipuust-aiamoobli-kaitse-bold-labipaistev-3072-001\/","title":{"rendered":"Tiigipuust aiam\u00f6\u00f6bli kaitse Bold, l\u00e4bipaistev, 3072-001"},"content":{"rendered":"<h3>Lehtpuidust aiam\u00f6\u00f6bli kaitse \u2013 t\u00f5hus ja l\u00e4bipaistev kaitsekiht<\/h3>\n<p>Lehtpuidust aiam\u00f6\u00f6bel on pidevas kokkupuutes ilmastikutingimustega, mis v\u00f5ivad aja jooksul kahjustada materjali loomulikku kaitsekihti. <strong>Lehtpuidust aiam\u00f6\u00f6bli kaitse Bold<\/strong> on spetsiaalselt loodud selleks, et pikendada m\u00f6\u00f6bli eluiga ja s\u00e4ilitada selle kaunis v\u00e4limus. See kaitsevahend muudab puidu vee- ja mustusth\u00fclgavaks, aidates ennetada plekkide ja hallituse teket, mis v\u00f5ivad tekkida niiskuse ja mustuse kogunemise t\u00f5ttu.<\/p>\n<h3>Efektiivne ja kiirelt kuivav kaitsevahend<\/h3>\n<p>See veep\u00f5hine kaitsevahend on <strong>l\u00e4bipaistev<\/strong> ning ei muuda m\u00f6\u00f6bli loomulikku ilmet. P\u00e4rast pealekandmist kuivab see kiiresti \u2013 pinnad lakkavad kleepumast vaid 30 minuti p\u00e4rast ning t\u00e4ielik vee- ja mustusekindlus saavutatakse 48 tunni jooksul. Nii saab m\u00f6\u00f6blit kiiresti taas kasutama hakata, ilma et peaks muretsema selle pikaajalise kuivamisprotsessi p\u00e4rast.<\/p>\n<h3>Pikendab m\u00f6\u00f6bli eluiga ja s\u00e4ilitab selle ilu<\/h3>\n<p>Lehtpuidust aiam\u00f6\u00f6bli kaitse aitab v\u00e4ltida niiskuse ja mustuse imbumist puitu, mis v\u00f5ib p\u00f5hjustada pragusid, v\u00e4rvimuutusi ja muid kahjustusi. Regulaarne hooldus selle kaitsevahendiga tagab, et teie aiam\u00f6\u00f6bel p\u00fcsib kauem kauni ja vastupidavana, pakkudes aastateks silmailu ja mugavust.<\/p>\n<h3>Kasutamine<\/h3>\n<p>Kaitsevahend on saadaval <strong>750 ml<\/strong> pudelis, mis on piisav mitme m\u00f6\u00f6blieseme t\u00f6\u00f6tlemiseks. Kasutamine on lihtne \u2013 kandke vahend puhtale ja kuivale pinnale, laske sellel kuivada ning nautige kauakestvat kaitset.<\/p>\n<p>Hoolitsege oma lehtpuidust m\u00f6\u00f6bli eest \u00f5igesti ja tagage sellele optimaalne kaitse ilmastiku m\u00f5ju eest!<\/p>\n","protected":false},"excerpt":{"rendered":"<p>Lehtpuidust aiam\u00f6\u00f6bli kaitse \u2013 t\u00f5hus ja l\u00e4bipaistev kaitsekiht Lehtpuidust aiam\u00f6\u00f6bel on pidevas kokkupuutes ilmastikutingimustega, mis v\u00f5ivad aja jooksul kahjustada materjali loomulikku kaitsekihti. Lehtpuidust aiam\u00f6\u00f6bli kaitse Bold on spetsiaalselt loodud selleks, et pikendada m\u00f6\u00f6bli eluiga ja s\u00e4ilitada selle kaunis v\u00e4limus. See kaitsevahend muudab puidu vee- ja mustusth\u00fclgavaks, aidates ennetada plekkide ja hallituse teket, mis v\u00f5ivad tekkida [&hellip;]<\/p>\n","protected":false},"featured_media":165225,"comment_status":"open","ping_status":"open","template":"","meta":[],"product_brand":[1818],"product_cat":[1790],"product_tag":[],"class_list":{"0":"post-145608","1":"product","2":"type-product","3":"status-publish","4":"has-post-thumbnail","6":"product_brand-venture-design","7":"product_cat-aiamoobli-kaitse","8":"product_shipping_class-venture-design","9":"pa_kollektsioon-bold","10":"pa_mootmed-750ml","11":"pa_varv-labipaistev","13":"first","14":"instock","15":"sale","16":"taxable","17":"shipping-taxable","18":"purchasable","19":"product-type-simple"},"_links":{"self":[{"href":"https:\/\/blankpage.ee\/_ruumist-ruumi\/wp-json\/wp\/v2\/product\/145608","targetHints":{"allow":["GET"]}}],"collection":[{"href":"https:\/\/blankpage.ee\/_ruumist-ruumi\/wp-json\/wp\/v2\/product"}],"about":[{"href":"https:\/\/blankpage.ee\/_ruumist-ruumi\/wp-json\/wp\/v2\/types\/product"}],"replies":[{"embeddable":true,"href":"https:\/\/blankpage.ee\/_ruumist-ruumi\/wp-json\/wp\/v2\/comments?post=145608"}],"wp:featuredmedia":[{"embeddable":true,"href":"https:\/\/blankpage.ee\/_ruumist-ruumi\/wp-json\/wp\/v2\/media\/165225"}],"wp:attachment":[{"href":"https:\/\/blankpage.ee\/_ruumist-ruumi\/wp-json\/wp\/v2\/media?parent=145608"}],"wp:term":[{"taxonomy":"product_brand","embeddable":true,"href":"https:\/\/blankpage.ee\/_ruumist-ruumi\/wp-json\/wp\/v2\/product_brand?post=145608"},{"taxonomy":"product_cat","embeddable":true,"href":"https:\/\/blankpage.ee\/_ruumist-ruumi\/wp-json\/wp\/v2\/product_cat?post=145608"},{"taxonomy":"product_tag","embeddable":true,"href":"https:\/\/blankpage.ee\/_ruumist-ruumi\/wp-json\/wp\/v2\/product_tag?post=145608"}],"curies":[{"name":"wp","href":"https:\/\/api.w.org\/{rel}","templated":true}]}}