{"id":145758,"date":"2025-03-05T22:37:39","date_gmt":"2025-03-05T22:37:39","guid":{"rendered":"https:\/\/ruumistruumi.ee\/pood\/aiamoobli-kate-klas-hall-90x65x100-6996-165\/"},"modified":"2025-08-14T11:19:34","modified_gmt":"2025-08-14T11:19:34","slug":"aiamoobli-kate-klas-hall-90x65x100-6996-165","status":"publish","type":"product","link":"https:\/\/blankpage.ee\/_ruumist-ruumi\/pood\/aiamoobli-kate-klas-hall-90x65x100-6996-165\/","title":{"rendered":"Aiam\u00f6\u00f6bli kate Klas, hall, 90x65x100, 6996-165"},"content":{"rendered":"<h3>Aiam\u00f6\u00f6bli kate Klas \u2013 usaldusv\u00e4\u00e4rne kaitse sinu toolidele<\/h3>\n<p><strong>Aiam\u00f6\u00f6bli kate hall Klas<\/strong> on ideaalne lahendus sinu \u00f5uetoolide kaitsmiseks karmide ilmastikutingimuste eest. Olgu selleks vihm, lumi, tuul v\u00f5i tolm \u2013 see kate aitab hoida sinu m\u00f6\u00f6bli puhtana ja pikendab selle eluiga.<\/p>\n<h3>Vastupidav ja veekindel materjal<\/h3>\n<p>Klas on valmistatud kvaliteetsest ja veekindlast materjalist, mis tagab, et sinu toolid j\u00e4\u00e4vad kuivaks ka k\u00f5ige vihmasematel p\u00e4evadel. T\u00e4nu vastupidavale kangale on kate kauakestev ning suudab taluda nii tugevat p\u00e4ikesevalgust kui ka k\u00fclmakraade.<\/p>\n<h3>Ideaalne suurus ja stiilne v\u00e4limus<\/h3>\n<p>M\u00f5\u00f5tmetega 90x65x100 cm on <strong>aiam\u00f6\u00f6bli kate hall Klas<\/strong> loodud spetsiaalselt toolide katmiseks, pakkudes neile t\u00e4ielikku kaitset. Selle stiilne hall v\u00e4rvus sobitub suurep\u00e4raselt igasse aeda v\u00f5i terrassile, sulandudes \u00fcmbritsevasse keskkonda ja s\u00e4ilitades esteetilise v\u00e4limuse.<\/p>\n<h3>Lihtne kasutada ja hooldada<\/h3>\n<p>Katte paigaldamine on kiire ja lihtne \u2013 t\u00f5mba see lihtsalt toolide peale ning oledki murest prii. Kui kate vajab puhastamist, saab seda h\u00f5lpsalt niiske lapiga p\u00fchkida v\u00f5i vajadusel pesta, et see p\u00fcsiks alati v\u00e4rske ja puhas.<\/p>\n<p>Kui soovid oma \u00f5uem\u00f6\u00f6blit hoida kauem uuev\u00e4\u00e4rsena, on <strong>aiam\u00f6\u00f6bli kate hall Klas<\/strong> asendamatu abiline. Kaitse oma toolid ilmastiku eest ja naudi nende laitmatut seisukorda aasta l\u00e4bi!<\/p>\n","protected":false},"excerpt":{"rendered":"<p>Aiam\u00f6\u00f6bli kate Klas \u2013 usaldusv\u00e4\u00e4rne kaitse sinu toolidele Aiam\u00f6\u00f6bli kate hall Klas on ideaalne lahendus sinu \u00f5uetoolide kaitsmiseks karmide ilmastikutingimuste eest. Olgu selleks vihm, lumi, tuul v\u00f5i tolm \u2013 see kate aitab hoida sinu m\u00f6\u00f6bli puhtana ja pikendab selle eluiga. Vastupidav ja veekindel materjal Klas on valmistatud kvaliteetsest ja veekindlast materjalist, mis tagab, et sinu [&hellip;]<\/p>\n","protected":false},"featured_media":165255,"comment_status":"open","ping_status":"open","template":"","meta":[],"product_brand":[1818],"product_cat":[1770],"product_tag":[],"class_list":{"0":"post-145758","1":"product","2":"type-product","3":"status-publish","4":"has-post-thumbnail","6":"product_brand-venture-design","7":"product_cat-aiamoobli-katted","8":"product_shipping_class-venture-design","9":"pa_kangas-100-poluester","10":"pa_kollektsioon-klas","11":"pa_mootmed-95-115-75-x-90-x-63","12":"pa_varv-hall","14":"first","15":"instock","16":"sale","17":"taxable","18":"shipping-taxable","19":"purchasable","20":"product-type-simple"},"_links":{"self":[{"href":"https:\/\/blankpage.ee\/_ruumist-ruumi\/wp-json\/wp\/v2\/product\/145758","targetHints":{"allow":["GET"]}}],"collection":[{"href":"https:\/\/blankpage.ee\/_ruumist-ruumi\/wp-json\/wp\/v2\/product"}],"about":[{"href":"https:\/\/blankpage.ee\/_ruumist-ruumi\/wp-json\/wp\/v2\/types\/product"}],"replies":[{"embeddable":true,"href":"https:\/\/blankpage.ee\/_ruumist-ruumi\/wp-json\/wp\/v2\/comments?post=145758"}],"wp:featuredmedia":[{"embeddable":true,"href":"https:\/\/blankpage.ee\/_ruumist-ruumi\/wp-json\/wp\/v2\/media\/165255"}],"wp:attachment":[{"href":"https:\/\/blankpage.ee\/_ruumist-ruumi\/wp-json\/wp\/v2\/media?parent=145758"}],"wp:term":[{"taxonomy":"product_brand","embeddable":true,"href":"https:\/\/blankpage.ee\/_ruumist-ruumi\/wp-json\/wp\/v2\/product_brand?post=145758"},{"taxonomy":"product_cat","embeddable":true,"href":"https:\/\/blankpage.ee\/_ruumist-ruumi\/wp-json\/wp\/v2\/product_cat?post=145758"},{"taxonomy":"product_tag","embeddable":true,"href":"https:\/\/blankpage.ee\/_ruumist-ruumi\/wp-json\/wp\/v2\/product_tag?post=145758"}],"curies":[{"name":"wp","href":"https:\/\/api.w.org\/{rel}","templated":true}]}}