{"id":145803,"date":"2025-03-05T22:37:39","date_gmt":"2025-03-05T22:37:39","guid":{"rendered":"https:\/\/ruumistruumi.ee\/pood\/alumiiniumist-aiamoobli-komplekt-kohvinurka-abrantes-7006-103\/"},"modified":"2025-08-14T11:19:41","modified_gmt":"2025-08-14T11:19:41","slug":"alumiiniumist-aiamoobli-komplekt-kohvinurka-abrantes-7006-103","status":"publish","type":"product","link":"https:\/\/blankpage.ee\/_ruumist-ruumi\/pood\/alumiiniumist-aiamoobli-komplekt-kohvinurka-abrantes-7006-103\/","title":{"rendered":"Alumiiniumist aiam\u00f6\u00f6bli komplekt kohvinurka Abrantes, 7006-103"},"content":{"rendered":"<h3>Alumiiniumist aiam\u00f6\u00f6bli komplekt Abrantes \u2013 stiilne ja praktiline valik sinu \u00f5uealale<\/h3>\n<p>Muuda oma terrass v\u00f5i aianurk hubaseks ja stiilseks koos <strong>alumiiniumist aiam\u00f6\u00f6bli komplektiga Abrantes<\/strong>. See elegantne komplekt koosneb kahest mugavast toolist ja praktilisest lauast, pakkudes ideaalset lahendust vabas \u00f5hus l\u00f5\u00f5gastumiseks ja aja veetmiseks.<\/p>\n<h3>Kaasaegne disain ja vastupidavad materjalid<\/h3>\n<p>Abrantes komplekti ajatu disain sobitub suurep\u00e4raselt erinevate \u00f5uealade kujundusega, luues harmoonilise ja kutsuva \u00f5hkkonna. M\u00f6\u00f6bliesemed on valmistatud kvaliteetsest alumiiniumist, mis tagab kerge kaalu ning samas suure vastupidavuse ilmastikutingimustele. T\u00e4nu sellele on komplekti lihtne \u00fcmber paigutada ja hooldada.<\/p>\n<h3>Funktsionaalne ja mugav lahendus<\/h3>\n<p>Komplekti kuuluv laud pakub lisapinda esemete hoiustamiseks t\u00e4nu nutikale konstruktsioonile, millel on lisaruum lauaplaadi all. Toolid on ergonoomilise kujundusega, pakkudes meeldivat istumiskogemust nii l\u00fchikeseks kohvipausiks kui ka pikemaks l\u00f5\u00f5gastumiseks.<\/p>\n<h3>Lihtne hooldus ja pikaajaline kasutus<\/h3>\n<p><strong>Alumiiniumist aiam\u00f6\u00f6bli komplekt Abrantes<\/strong> on loodud kestma \u2013 alumiiniumraam on roostekindel ja talub h\u00e4sti v\u00e4listingimusi. Lisaks on seda v\u00e4ga lihtne puhastada, mis teeb komplekti hooldamise vaevatuks ja mugavaks.<\/p>\n<p>Vali Abrantes ja loo endale stiilne ning praktiline puhkenurk, kus saad nautida kauneid suvep\u00e4evi ja m\u00f5nusaid \u00f5htuid l\u00e4hedaste seltsis.<\/p>\n","protected":false},"excerpt":{"rendered":"<p>Alumiiniumist aiam\u00f6\u00f6bli komplekt Abrantes \u2013 stiilne ja praktiline valik sinu \u00f5uealale Muuda oma terrass v\u00f5i aianurk hubaseks ja stiilseks koos alumiiniumist aiam\u00f6\u00f6bli komplektiga Abrantes. See elegantne komplekt koosneb kahest mugavast toolist ja praktilisest lauast, pakkudes ideaalset lahendust vabas \u00f5hus l\u00f5\u00f5gastumiseks ja aja veetmiseks. Kaasaegne disain ja vastupidavad materjalid Abrantes komplekti ajatu disain sobitub suurep\u00e4raselt erinevate [&hellip;]<\/p>\n","protected":false},"featured_media":162726,"comment_status":"open","ping_status":"open","template":"","meta":[],"product_brand":[1818],"product_cat":[1773],"product_tag":[],"class_list":{"0":"post-145803","1":"product","2":"type-product","3":"status-publish","4":"has-post-thumbnail","6":"product_brand-venture-design","7":"product_cat-aiamoobli-komplektid-kohvinurka","8":"product_shipping_class-venture-design","9":"pa_kollektsioon-abrantes","10":"pa_laua-materjal-alumiinium","11":"pa_laua-tasapinna-varvus-pruun","12":"pa_mootmed-tool-59x56x80-laud-80x74","13":"pa_tooli-materjal-alumiinium","14":"pa_tooli-materjal-poluetuleen","16":"first","17":"instock","18":"sale","19":"taxable","20":"shipping-taxable","21":"purchasable","22":"product-type-simple"},"_links":{"self":[{"href":"https:\/\/blankpage.ee\/_ruumist-ruumi\/wp-json\/wp\/v2\/product\/145803","targetHints":{"allow":["GET"]}}],"collection":[{"href":"https:\/\/blankpage.ee\/_ruumist-ruumi\/wp-json\/wp\/v2\/product"}],"about":[{"href":"https:\/\/blankpage.ee\/_ruumist-ruumi\/wp-json\/wp\/v2\/types\/product"}],"replies":[{"embeddable":true,"href":"https:\/\/blankpage.ee\/_ruumist-ruumi\/wp-json\/wp\/v2\/comments?post=145803"}],"wp:featuredmedia":[{"embeddable":true,"href":"https:\/\/blankpage.ee\/_ruumist-ruumi\/wp-json\/wp\/v2\/media\/162726"}],"wp:attachment":[{"href":"https:\/\/blankpage.ee\/_ruumist-ruumi\/wp-json\/wp\/v2\/media?parent=145803"}],"wp:term":[{"taxonomy":"product_brand","embeddable":true,"href":"https:\/\/blankpage.ee\/_ruumist-ruumi\/wp-json\/wp\/v2\/product_brand?post=145803"},{"taxonomy":"product_cat","embeddable":true,"href":"https:\/\/blankpage.ee\/_ruumist-ruumi\/wp-json\/wp\/v2\/product_cat?post=145803"},{"taxonomy":"product_tag","embeddable":true,"href":"https:\/\/blankpage.ee\/_ruumist-ruumi\/wp-json\/wp\/v2\/product_tag?post=145803"}],"curies":[{"name":"wp","href":"https:\/\/api.w.org\/{rel}","templated":true}]}}