{"id":145927,"date":"2025-03-05T22:47:47","date_gmt":"2025-03-05T22:47:47","guid":{"rendered":"https:\/\/ruumistruumi.ee\/pood\/rotangist-3-kohalised-aiadiivanid-moana-must-1219-100\/"},"modified":"2025-06-11T09:14:07","modified_gmt":"2025-06-11T09:14:07","slug":"rotangist-3-kohaline-aiadiivan-moana-must-1219-100","status":"publish","type":"product","link":"https:\/\/blankpage.ee\/_ruumist-ruumi\/pood\/rotangist-3-kohaline-aiadiivan-moana-must-1219-100\/","title":{"rendered":"Rotangist 3-kohaline aiadiivan Moana, must, 1219-100"},"content":{"rendered":"<h3>Rotangist 3-kohaline aiadiivan Moana \u2013 stiilne ja mugav valik sinu aeda<\/h3>\n<p>T\u00e4ienda oma terrassi v\u00f5i r\u00f5du elegantse ja kaasaegse disainiga <strong>rotangist aiadiivaniga<\/strong> Moana. Selle must raam ja pehmed valged pol\u00fcestrist istmepadjad loovad luksusliku, kuid samas hubase atmosf\u00e4\u00e4ri, kus on m\u00f5nus l\u00f5\u00f5gastuda. Olgu see hommikukohv p\u00e4ikesepaistelisel r\u00f5dul v\u00f5i \u00f5htune vestlus s\u00f5pradega \u2013 Moana pakub alati maksimaalset mugavust.<\/p>\n<h3>Kvaliteetne materjal ja vastupidav disain<\/h3>\n<p>Moana aiadiivan on valmistatud stiilsest ja loodusl\u00e4hedasest rotangist, mis annab sellele \u00f5hulise ja modernse ilme. Pehmed ja vastupidavad pol\u00fcestrist padjad lisavad istumismugavust ning loovad kutsuva atmosf\u00e4\u00e4ri. Kuigi rotang on kaunis ja trendikas materjal, ei ole see k\u00f5ige ilmastikukindlam. Seet\u00f5ttu soovitame diivanit kasutada katuse all v\u00f5i kaitsta seda ilmastikukindla m\u00f6\u00f6blikattega, et pikendada selle eluiga.<\/p>\n<h3>Ideaalne valik igasse \u00f5ueruumi<\/h3>\n<p>Must <strong>rotangist aiadiivan<\/strong> Moana sobib nii kaasaegsesse kui ka klassikalisse aiakujundusse. See on suurep\u00e4rane valik klaasitud terrassile, r\u00f5dule v\u00f5i isegi talveaeda, kus see lisab ruumile stiili ja mugavust. T\u00e4nu oma kergele, kuid tugevale konstruktsioonile on diivanit lihtne liigutada ja paigutada vastavalt vajadusele.<\/p>\n<p>Naudi suviseid hetki koos pere ja s\u00f5pradega Moana aiadiivanil \u2013 see on sinu \u00f5ueoaasi s\u00fcdameks!<\/p>\n","protected":false},"excerpt":{"rendered":"<p>Rotangist 3-kohaline aiadiivan Moana \u2013 stiilne ja mugav valik sinu aeda T\u00e4ienda oma terrassi v\u00f5i r\u00f5du elegantse ja kaasaegse disainiga rotangist aiadiivaniga Moana. Selle must raam ja pehmed valged pol\u00fcestrist istmepadjad loovad luksusliku, kuid samas hubase atmosf\u00e4\u00e4ri, kus on m\u00f5nus l\u00f5\u00f5gastuda. Olgu see hommikukohv p\u00e4ikesepaistelisel r\u00f5dul v\u00f5i \u00f5htune vestlus s\u00f5pradega \u2013 Moana pakub alati maksimaalset [&hellip;]<\/p>\n","protected":false},"featured_media":145928,"comment_status":"open","ping_status":"open","template":"","meta":[],"product_brand":[1818],"product_cat":[1765],"product_tag":[],"class_list":{"0":"post-145927","1":"product","2":"type-product","3":"status-publish","4":"has-post-thumbnail","6":"product_brand-venture-design","7":"product_cat-3-kohalised-aiadiivanid","8":"product_shipping_class-venture-design","9":"pa_istme-materjal-poluester","10":"pa_istme-varvus-must","11":"pa_jalgade-varv-must","12":"pa_kangas-100-poluester","13":"pa_kollektsioon-moana","14":"pa_mootmed-75x180x67","15":"pa_pehmenduste-materjal-poluester","16":"pa_varv-must","18":"first","19":"outofstock","20":"sale","21":"taxable","22":"shipping-taxable","23":"purchasable","24":"product-type-simple"},"_links":{"self":[{"href":"https:\/\/blankpage.ee\/_ruumist-ruumi\/wp-json\/wp\/v2\/product\/145927","targetHints":{"allow":["GET"]}}],"collection":[{"href":"https:\/\/blankpage.ee\/_ruumist-ruumi\/wp-json\/wp\/v2\/product"}],"about":[{"href":"https:\/\/blankpage.ee\/_ruumist-ruumi\/wp-json\/wp\/v2\/types\/product"}],"replies":[{"embeddable":true,"href":"https:\/\/blankpage.ee\/_ruumist-ruumi\/wp-json\/wp\/v2\/comments?post=145927"}],"wp:featuredmedia":[{"embeddable":true,"href":"https:\/\/blankpage.ee\/_ruumist-ruumi\/wp-json\/wp\/v2\/media\/145928"}],"wp:attachment":[{"href":"https:\/\/blankpage.ee\/_ruumist-ruumi\/wp-json\/wp\/v2\/media?parent=145927"}],"wp:term":[{"taxonomy":"product_brand","embeddable":true,"href":"https:\/\/blankpage.ee\/_ruumist-ruumi\/wp-json\/wp\/v2\/product_brand?post=145927"},{"taxonomy":"product_cat","embeddable":true,"href":"https:\/\/blankpage.ee\/_ruumist-ruumi\/wp-json\/wp\/v2\/product_cat?post=145927"},{"taxonomy":"product_tag","embeddable":true,"href":"https:\/\/blankpage.ee\/_ruumist-ruumi\/wp-json\/wp\/v2\/product_tag?post=145927"}],"curies":[{"name":"wp","href":"https:\/\/api.w.org\/{rel}","templated":true}]}}