{"id":145979,"date":"2025-03-05T23:06:58","date_gmt":"2025-03-05T23:06:58","guid":{"rendered":"https:\/\/ruumistruumi.ee\/pood\/kohvilauad-ja-lisalauad-terrassile-leiria-pruun-7175-112\/"},"modified":"2025-08-18T19:16:44","modified_gmt":"2025-08-18T19:16:44","slug":"kohvilauad-ja-lisalauad-terrassile-leiria-pruun-7175-112","status":"publish","type":"product","link":"https:\/\/blankpage.ee\/_ruumist-ruumi\/pood\/kohvilauad-ja-lisalauad-terrassile-leiria-pruun-7175-112\/","title":{"rendered":"Kohvilauad ja lisalauad terrassile Leiria, pruun, 7175-112"},"content":{"rendered":"<h3>Elegantne ja praktiline kohvilaud Leiria terrassile<\/h3>\n<p><strong>Leiria kohvilaud<\/strong> on ideaalne valik neile, kes soovivad oma terrassile v\u00f5i r\u00f5dule lisada stiili ja funktsionaalsust. Selle 60 cm l\u00e4bim\u00f5\u00f5duga \u00fcmar lauaplaat loob kutsuva atmosf\u00e4\u00e4ri ning sobib suurep\u00e4raselt nii sise- kui ka v\u00e4litingimustesse.<\/p>\n<h3>Ajatu disain ja vastupidav konstruktsioon<\/h3>\n<p>Leiria laua klassikaline disain ning kaunilt mustriline lauaplaat annavad sellele ajatu v\u00f5lu. Selle kumerad jalad tagavad stabiilsuse ja lisavad ainulaadse iseloomu. T\u00e4nu oma vastupidavale materjalile on see laud ideaalne igap\u00e4evaseks kasutamiseks, pakkudes lihtsasti hooldatavat pinda.<\/p>\n<h3>Mitmek\u00fclgne kasutusv\u00f5imalus<\/h3>\n<p>Kas otsid t\u00e4iuslikku lauda oma aeda, r\u00f5dule v\u00f5i elutuppa? <strong>Leiria kohvilauad terrassile<\/strong> sobivad suurep\u00e4raselt igasse keskkonda, t\u00e4iustades nii l\u00f5\u00f5gastushetki kui ka seltskondlikke koosviibimisi. Selle ajatu ilu ja praktilisus muudavad selle suurep\u00e4raseks lisandiks igale kodu- ja v\u00e4liruumile.<\/p>\n<p>Loo oma terrassile stiilne ja funktsionaalne nurgake <strong>Leiria kohvilauaga<\/strong> ning naudi selle mugavust ja elegantsi iga p\u00e4ev!<\/p>\n","protected":false},"excerpt":{"rendered":"<p>Elegantne ja praktiline kohvilaud Leiria terrassile Leiria kohvilaud on ideaalne valik neile, kes soovivad oma terrassile v\u00f5i r\u00f5dule lisada stiili ja funktsionaalsust. Selle 60 cm l\u00e4bim\u00f5\u00f5duga \u00fcmar lauaplaat loob kutsuva atmosf\u00e4\u00e4ri ning sobib suurep\u00e4raselt nii sise- kui ka v\u00e4litingimustesse. Ajatu disain ja vastupidav konstruktsioon Leiria laua klassikaline disain ning kaunilt mustriline lauaplaat annavad sellele ajatu [&hellip;]<\/p>\n","protected":false},"featured_media":164610,"comment_status":"open","ping_status":"open","template":"","meta":[],"product_brand":[1818],"product_cat":[1686],"product_tag":[],"class_list":{"0":"post-145979","1":"product","2":"type-product","3":"status-publish","4":"has-post-thumbnail","6":"product_brand-venture-design","7":"product_cat-kohvilauad-ja-lisalauad-terrassile","8":"product_shipping_class-venture-design","9":"pa_jalgade-varv-pruun","10":"pa_kollektsioon-leiria","11":"pa_laua-tasapinna-varvus-pruun","12":"pa_mootmed-o60","13":"pa_varv-pruun","15":"first","16":"instock","17":"sale","18":"taxable","19":"shipping-taxable","20":"purchasable","21":"product-type-simple"},"_links":{"self":[{"href":"https:\/\/blankpage.ee\/_ruumist-ruumi\/wp-json\/wp\/v2\/product\/145979","targetHints":{"allow":["GET"]}}],"collection":[{"href":"https:\/\/blankpage.ee\/_ruumist-ruumi\/wp-json\/wp\/v2\/product"}],"about":[{"href":"https:\/\/blankpage.ee\/_ruumist-ruumi\/wp-json\/wp\/v2\/types\/product"}],"replies":[{"embeddable":true,"href":"https:\/\/blankpage.ee\/_ruumist-ruumi\/wp-json\/wp\/v2\/comments?post=145979"}],"wp:featuredmedia":[{"embeddable":true,"href":"https:\/\/blankpage.ee\/_ruumist-ruumi\/wp-json\/wp\/v2\/media\/164610"}],"wp:attachment":[{"href":"https:\/\/blankpage.ee\/_ruumist-ruumi\/wp-json\/wp\/v2\/media?parent=145979"}],"wp:term":[{"taxonomy":"product_brand","embeddable":true,"href":"https:\/\/blankpage.ee\/_ruumist-ruumi\/wp-json\/wp\/v2\/product_brand?post=145979"},{"taxonomy":"product_cat","embeddable":true,"href":"https:\/\/blankpage.ee\/_ruumist-ruumi\/wp-json\/wp\/v2\/product_cat?post=145979"},{"taxonomy":"product_tag","embeddable":true,"href":"https:\/\/blankpage.ee\/_ruumist-ruumi\/wp-json\/wp\/v2\/product_tag?post=145979"}],"curies":[{"name":"wp","href":"https:\/\/api.w.org\/{rel}","templated":true}]}}