{"id":146212,"date":"2025-03-05T23:12:39","date_gmt":"2025-03-05T23:12:39","guid":{"rendered":"https:\/\/ruumistruumi.ee\/pood\/akaatsiapuidust-aiapink-holmsund-naturaalne-hobedane-40x140xsh46-6022-002\/"},"modified":"2025-06-11T09:13:56","modified_gmt":"2025-06-11T09:13:56","slug":"akaatsiapuidust-aiapink-holmsund-naturaalne-hobedane-40x140xsh46-6022-002","status":"publish","type":"product","link":"https:\/\/blankpage.ee\/_ruumist-ruumi\/pood\/akaatsiapuidust-aiapink-holmsund-naturaalne-hobedane-40x140xsh46-6022-002\/","title":{"rendered":"Akaatsiapuidust aiapink Holmsund, naturaalne\/h\u00f5bedane, 40x140xSH46, 6022-002"},"content":{"rendered":"<h3>Stiilne ja ajatu akaatsiapuidust aiapink<\/h3>\n<p><strong>Akaatsiapuidust aiapink Holmsund<\/strong> on ideaalne valik, kui otsid vastupidavat ja elegantset v\u00e4lim\u00f6\u00f6blit. Selle ajatu disain ja kvaliteetsed materjalid teevad sellest praktilise ning stiilse lisandi igasse aeda, terrassile v\u00f5i r\u00f5dule. Pingil on tugev ja ilmastikukindel metallraam, mis tagab stabiilsuse ja pika kasutusea.<\/p>\n<h3>Naturaalsed materjalid ja vastupidav konstruktsioon<\/h3>\n<p>Pingi iste on valmistatud <strong>vastupidavast akaatsiapuidust<\/strong>, mis on tuntud oma kauni tekstuuri ja ilmastikukindluse poolest. Naturaalne viimistlus toob esile puidu soojad toonid ja annab sellele elegantse ilme. H\u00f5bedane, tsingitud metallraam lisab modernset kontrasti ning pakub tugevat ja stabiilset alust.<\/p>\n<h3>Mitmek\u00fclgne ja ajatu disain<\/h3>\n<p>Akaatsiapuidust aiapink Holmsund sobib suurep\u00e4raselt nii klassikalisse kui ka kaasaegsesse \u00f5uekujundusse. Selle lihtne, kuid stiilne v\u00e4limus v\u00f5imaldab seda h\u00f5lpsasti kombineerida erinevate aiam\u00f6\u00f6bli elementidega. Aseta see p\u00e4ikesepaistelise maja seina \u00e4\u00e4rde, lisa madal laud v\u00f5i kasuta iseseisva istumiskohana \u2013 valik on sinu!<\/p>\n<h3>Lihtne hooldus ja vastupidavus<\/h3>\n<p>Akaatsiapuit on tuntud oma vastupidavuse poolest, kuid selle ilu ja eluiga pikeneb veelgi, kui hooldad seda regulaarselt. Soovitame pinda aeg-ajalt \u00f5litada, et s\u00e4ilitada puidu loomulik kaunis toon ja kaitsta seda ilmastikum\u00f5jude eest.<\/p>\n<p>Kui otsid vastupidavat, kvaliteetset ja ajatut istumislahendust oma aeda, siis <strong>akaatsiapuidust aiapink Holmsund<\/strong> on ideaalne valik.<\/p>\n","protected":false},"excerpt":{"rendered":"<p>Stiilne ja ajatu akaatsiapuidust aiapink Akaatsiapuidust aiapink Holmsund on ideaalne valik, kui otsid vastupidavat ja elegantset v\u00e4lim\u00f6\u00f6blit. Selle ajatu disain ja kvaliteetsed materjalid teevad sellest praktilise ning stiilse lisandi igasse aeda, terrassile v\u00f5i r\u00f5dule. Pingil on tugev ja ilmastikukindel metallraam, mis tagab stabiilsuse ja pika kasutusea. Naturaalsed materjalid ja vastupidav konstruktsioon Pingi iste on valmistatud [&hellip;]<\/p>\n","protected":false},"featured_media":165554,"comment_status":"open","ping_status":"open","template":"","meta":[],"product_brand":[1818],"product_cat":[1594],"product_tag":[],"class_list":{"0":"post-146212","1":"product","2":"type-product","3":"status-publish","4":"has-post-thumbnail","6":"product_brand-venture-design","7":"product_cat-aed-ja-terrass","8":"product_shipping_class-venture-design","9":"pa_istme-materjal-tiigipuu","10":"pa_istme-varvus-naturaalne","11":"pa_jalgade-varv-hobedane","12":"pa_kollektsioon-holmsund","13":"pa_mootmed-122-x-63","14":"pa_varv-hobedane","15":"pa_varv-naturaalne","17":"first","18":"outofstock","19":"sale","20":"taxable","21":"shipping-taxable","22":"purchasable","23":"product-type-simple"},"_links":{"self":[{"href":"https:\/\/blankpage.ee\/_ruumist-ruumi\/wp-json\/wp\/v2\/product\/146212","targetHints":{"allow":["GET"]}}],"collection":[{"href":"https:\/\/blankpage.ee\/_ruumist-ruumi\/wp-json\/wp\/v2\/product"}],"about":[{"href":"https:\/\/blankpage.ee\/_ruumist-ruumi\/wp-json\/wp\/v2\/types\/product"}],"replies":[{"embeddable":true,"href":"https:\/\/blankpage.ee\/_ruumist-ruumi\/wp-json\/wp\/v2\/comments?post=146212"}],"wp:featuredmedia":[{"embeddable":true,"href":"https:\/\/blankpage.ee\/_ruumist-ruumi\/wp-json\/wp\/v2\/media\/165554"}],"wp:attachment":[{"href":"https:\/\/blankpage.ee\/_ruumist-ruumi\/wp-json\/wp\/v2\/media?parent=146212"}],"wp:term":[{"taxonomy":"product_brand","embeddable":true,"href":"https:\/\/blankpage.ee\/_ruumist-ruumi\/wp-json\/wp\/v2\/product_brand?post=146212"},{"taxonomy":"product_cat","embeddable":true,"href":"https:\/\/blankpage.ee\/_ruumist-ruumi\/wp-json\/wp\/v2\/product_cat?post=146212"},{"taxonomy":"product_tag","embeddable":true,"href":"https:\/\/blankpage.ee\/_ruumist-ruumi\/wp-json\/wp\/v2\/product_tag?post=146212"}],"curies":[{"name":"wp","href":"https:\/\/api.w.org\/{rel}","templated":true}]}}