{"id":146298,"date":"2025-03-05T23:24:16","date_gmt":"2025-03-05T23:24:16","guid":{"rendered":"https:\/\/ruumistruumi.ee\/pood\/alumiiniumist-pergola-lazio-hall-300x300x250-6059-002\/"},"modified":"2025-08-14T11:18:35","modified_gmt":"2025-08-14T11:18:35","slug":"metallist-pergola-lazio-hall-300x300x250-6059-002","status":"publish","type":"product","link":"https:\/\/blankpage.ee\/_ruumist-ruumi\/pood\/metallist-pergola-lazio-hall-300x300x250-6059-002\/","title":{"rendered":"Metallist pergola Lazio, hall, 300x300x250, 6059-002"},"content":{"rendered":"<h3>Alumiiniumist pergola Lazio \u2013 stiilne ja vastupidav lahendus sinu aeda<\/h3>\n<p><strong>Alumiiniumist pergola Lazio<\/strong> on ideaalne lisa sinu terrassile v\u00f5i aeda, pakkudes nii stiili kui ka praktilisust. Selle vastupidav alumiiniumraam tagab stabiilsuse ja pika eluea, samas kui pol\u00fcesterkangast katus loob m\u00f5nusa varjualuse p\u00e4ikesepaistelisteks p\u00e4evadeks.<\/p>\n<h3>Vastupidav ja kvaliteetne materjal<\/h3>\n<p>See pergola on valmistatud <strong>kvaliteetsest alumiiniumist<\/strong>, mis on kerge, kuid samas tugev ja ilmastikukindel. T\u00e4nu sellele ei pea sa muretsema rooste ega korrosiooni p\u00e4rast. Katus on valmistatud <strong>pol\u00fcesterkangast<\/strong>, mis kaitseb p\u00e4ikese eest ning loob meeldivalt varjulise ala.<\/p>\n<h3>Mitmek\u00fclgne ja stiilne disain<\/h3>\n<p><strong>Hall alumiiniumist pergola Lazio<\/strong> on elegantne ja ajatu valik, mis sobib suurep\u00e4raselt erinevatesse aedadesse ja terrassidele. Selle minimalistlik disain t\u00e4iendab nii modernset kui ka klassikalist \u00f5uekujundust. Pergola m\u00f5\u00f5tmed on <strong>300x300x250 cm<\/strong>, pakkudes piisavalt ruumi m\u00f5nusaks ajaveetmiseks pere ja s\u00f5prade seltsis.<\/p>\n<h3>Lihtne hooldus ja hoiustamine<\/h3>\n<p>Selleks, et pergola kestaks kaua ja s\u00e4ilitaks oma kauni v\u00e4limuse, soovitame seda mitte kasutada tugeva tuule v\u00f5i vihma korral. Kui pergolat parasjagu ei kasutata, tuleks katus eemaldada ning hoida seda kuivas ja kaitstud kohas.<\/p>\n<h3>Loo oma aeda t\u00e4iuslik puhkenurk<\/h3>\n<p>Kui otsid stiilset ja vastupidavat lahendust, mis muudab sinu terrassi v\u00f5i aia hubasemaks, siis <strong>alumiiniumist pergola Lazio<\/strong> on suurep\u00e4rane valik. See pakub nii praktilisust kui ka esteetilist naudingut, luues ideaalse koha l\u00f5\u00f5gastumiseks igal suvep\u00e4eval.<\/p>\n","protected":false},"excerpt":{"rendered":"<p>Alumiiniumist pergola Lazio \u2013 stiilne ja vastupidav lahendus sinu aeda Alumiiniumist pergola Lazio on ideaalne lisa sinu terrassile v\u00f5i aeda, pakkudes nii stiili kui ka praktilisust. Selle vastupidav alumiiniumraam tagab stabiilsuse ja pika eluea, samas kui pol\u00fcesterkangast katus loob m\u00f5nusa varjualuse p\u00e4ikesepaistelisteks p\u00e4evadeks. Vastupidav ja kvaliteetne materjal See pergola on valmistatud kvaliteetsest alumiiniumist, mis on [&hellip;]<\/p>\n","protected":false},"featured_media":165140,"comment_status":"open","ping_status":"open","template":"","meta":[],"product_brand":[1818],"product_cat":[1800],"product_tag":[],"class_list":{"0":"post-146298","1":"product","2":"type-product","3":"status-publish","4":"has-post-thumbnail","6":"product_brand-venture-design","7":"product_cat-pergolad","8":"product_shipping_class-venture-design","9":"pa_jalgade-varv-must","10":"pa_kangas-100-poluester","11":"pa_kollektsioon-lazio","12":"pa_mootmed-295-x-295-x-248","13":"pa_varv-hall","15":"first","16":"instock","17":"sale","18":"taxable","19":"shipping-taxable","20":"purchasable","21":"product-type-simple"},"_links":{"self":[{"href":"https:\/\/blankpage.ee\/_ruumist-ruumi\/wp-json\/wp\/v2\/product\/146298","targetHints":{"allow":["GET"]}}],"collection":[{"href":"https:\/\/blankpage.ee\/_ruumist-ruumi\/wp-json\/wp\/v2\/product"}],"about":[{"href":"https:\/\/blankpage.ee\/_ruumist-ruumi\/wp-json\/wp\/v2\/types\/product"}],"replies":[{"embeddable":true,"href":"https:\/\/blankpage.ee\/_ruumist-ruumi\/wp-json\/wp\/v2\/comments?post=146298"}],"wp:featuredmedia":[{"embeddable":true,"href":"https:\/\/blankpage.ee\/_ruumist-ruumi\/wp-json\/wp\/v2\/media\/165140"}],"wp:attachment":[{"href":"https:\/\/blankpage.ee\/_ruumist-ruumi\/wp-json\/wp\/v2\/media?parent=146298"}],"wp:term":[{"taxonomy":"product_brand","embeddable":true,"href":"https:\/\/blankpage.ee\/_ruumist-ruumi\/wp-json\/wp\/v2\/product_brand?post=146298"},{"taxonomy":"product_cat","embeddable":true,"href":"https:\/\/blankpage.ee\/_ruumist-ruumi\/wp-json\/wp\/v2\/product_cat?post=146298"},{"taxonomy":"product_tag","embeddable":true,"href":"https:\/\/blankpage.ee\/_ruumist-ruumi\/wp-json\/wp\/v2\/product_tag?post=146298"}],"curies":[{"name":"wp","href":"https:\/\/api.w.org\/{rel}","templated":true}]}}