{"id":146327,"date":"2025-03-05T23:24:16","date_gmt":"2025-03-05T23:24:16","guid":{"rendered":"https:\/\/ruumistruumi.ee\/pood\/kangast-ripp-tool-terrassile-kalino-valge-6031-001\/"},"modified":"2025-08-19T08:36:19","modified_gmt":"2025-08-19T08:36:19","slug":"kangast-ripp-tool-terrassile-kalino-valge-6031-001","status":"publish","type":"product","link":"https:\/\/blankpage.ee\/_ruumist-ruumi\/pood\/kangast-ripp-tool-terrassile-kalino-valge-6031-001\/","title":{"rendered":"Kangast ripp-tool terrassile Kalino, valge, 6031-001"},"content":{"rendered":"<h3>L\u00f5\u00f5gastav ja stiilne kangast ripp-tool terrassile<\/h3>\n<p><strong>Kangast ripp-tool terrassile Kalino, valge<\/strong> on ideaalne lisand sinu aeda, r\u00f5dule v\u00f5i terrassile. Selle pehme ja vastupidav materjal \u2013 puuvilla ja pol\u00fcestri segu \u2013 pakub suurep\u00e4rast mugavust, samas kui \u00f5huline disain loob hubase ja l\u00f5\u00f5gastava atmosf\u00e4\u00e4ri. T\u00e4nu neutraalsele valgele v\u00e4rvile sulandub see sujuvalt erinevate sisustusstiilidega, lisades su v\u00e4lialale kerget elegantsi.<\/p>\n<h3>Kvaliteetsed materjalid ja stiilne disain<\/h3>\n<p>See ripp-tool on valmistatud vastupidavast kangast, mis \u00fchendab endas puuvilla pehmuse ja pol\u00fcestri tugevuse. Tooli hoiab \u00fcleval tugev puidust pulk, mis mitte ainult ei anna konstruktsioonile stabiilsust, vaid lisab ka loodusl\u00e4hedast ilmet. T\u00e4nu tugevatele k\u00f6itele saab tooli turvaliselt kinnitada, pakkudes kindlat ja tasakaalustatud kiikumist.<\/p>\n<h3>Naudi l\u00f5\u00f5gastavat hetke igal ajal<\/h3>\n<p>Kangast ripp-tool sobib suurep\u00e4raselt nii aeda kui ka r\u00f5dule, pakkudes ideaalset kohta puhkamiseks p\u00e4rast pikka p\u00e4eva. V\u00f5id selles nautida raamatut, tassi kohvi v\u00f5i lihtsalt kerget tuule\u00f5hku. Tooli kiikuv liikumine aitab l\u00f5dvestuda ja luua rahustava keskkonna, kus saad t\u00e4ielikult puhata.<\/p>\n<h3>Lihtne paigaldada ja hooldada<\/h3>\n<p>Ripp-tooli paigaldamine on lihtne \u2013 lihtsalt kinnita see tugevasse konksu v\u00f5i spetsiaalsesse raamistikku ning naudi. Kuna tool on valmistatud vastupidavast kangast, on selle hooldamine samuti lihtne. Vajadusel saab seda pehmete puhastusvahenditega kergesti puhastada, et see p\u00fcsiks kauem ilus ja v\u00e4rske.<\/p>\n<p>Too oma v\u00e4liruumi rohkem mugavust ja stiili <strong>kangast ripp-tooliga terrassile Kalino, valge<\/strong> ning loo endale ideaalne koht l\u00f5\u00f5gastumiseks!<\/p>\n","protected":false},"excerpt":{"rendered":"<p>L\u00f5\u00f5gastav ja stiilne kangast ripp-tool terrassile Kangast ripp-tool terrassile Kalino, valge on ideaalne lisand sinu aeda, r\u00f5dule v\u00f5i terrassile. Selle pehme ja vastupidav materjal \u2013 puuvilla ja pol\u00fcestri segu \u2013 pakub suurep\u00e4rast mugavust, samas kui \u00f5huline disain loob hubase ja l\u00f5\u00f5gastava atmosf\u00e4\u00e4ri. T\u00e4nu neutraalsele valgele v\u00e4rvile sulandub see sujuvalt erinevate sisustusstiilidega, lisades su v\u00e4lialale kerget [&hellip;]<\/p>\n","protected":false},"featured_media":161444,"comment_status":"open","ping_status":"open","template":"","meta":[],"product_brand":[1818],"product_cat":[1681],"product_tag":[],"class_list":{"0":"post-146327","1":"product","2":"type-product","3":"status-publish","4":"has-post-thumbnail","6":"product_brand-venture-design","7":"product_cat-ripp-toolid-terrassile","8":"product_shipping_class-venture-design","9":"pa_istme-materjal-poluester","10":"pa_istme-materjal-puuvill","11":"pa_istme-varvus-valge","12":"pa_kangas-80-puuvill-20-poluester","13":"pa_kollektsioon-kalino","14":"pa_mootmed-110-x-34","15":"pa_pehmenduste-materjal-poluester","16":"pa_pehmenduste-materjal-puuvill","17":"pa_varv-valge","19":"first","20":"instock","21":"sale","22":"taxable","23":"shipping-taxable","24":"purchasable","25":"product-type-simple"},"_links":{"self":[{"href":"https:\/\/blankpage.ee\/_ruumist-ruumi\/wp-json\/wp\/v2\/product\/146327","targetHints":{"allow":["GET"]}}],"collection":[{"href":"https:\/\/blankpage.ee\/_ruumist-ruumi\/wp-json\/wp\/v2\/product"}],"about":[{"href":"https:\/\/blankpage.ee\/_ruumist-ruumi\/wp-json\/wp\/v2\/types\/product"}],"replies":[{"embeddable":true,"href":"https:\/\/blankpage.ee\/_ruumist-ruumi\/wp-json\/wp\/v2\/comments?post=146327"}],"wp:featuredmedia":[{"embeddable":true,"href":"https:\/\/blankpage.ee\/_ruumist-ruumi\/wp-json\/wp\/v2\/media\/161444"}],"wp:attachment":[{"href":"https:\/\/blankpage.ee\/_ruumist-ruumi\/wp-json\/wp\/v2\/media?parent=146327"}],"wp:term":[{"taxonomy":"product_brand","embeddable":true,"href":"https:\/\/blankpage.ee\/_ruumist-ruumi\/wp-json\/wp\/v2\/product_brand?post=146327"},{"taxonomy":"product_cat","embeddable":true,"href":"https:\/\/blankpage.ee\/_ruumist-ruumi\/wp-json\/wp\/v2\/product_cat?post=146327"},{"taxonomy":"product_tag","embeddable":true,"href":"https:\/\/blankpage.ee\/_ruumist-ruumi\/wp-json\/wp\/v2\/product_tag?post=146327"}],"curies":[{"name":"wp","href":"https:\/\/api.w.org\/{rel}","templated":true}]}}