{"id":146355,"date":"2025-03-05T23:24:16","date_gmt":"2025-03-05T23:24:16","guid":{"rendered":"https:\/\/ruumistruumi.ee\/pood\/alumiiniumist-aiatool-peking-beez-55x605x87-6097-003\/"},"modified":"2025-08-14T11:18:39","modified_gmt":"2025-08-14T11:18:39","slug":"alumiiniumist-aiatool-peking-beez-55x605x87-6097-003","status":"publish","type":"product","link":"https:\/\/blankpage.ee\/_ruumist-ruumi\/pood\/alumiiniumist-aiatool-peking-beez-55x605x87-6097-003\/","title":{"rendered":"Alumiiniumist aiatool Peking, bee\u017e, 55&#215;60,5&#215;87, 6097-003"},"content":{"rendered":"<h3>Alumiiniumist aiatool Peking \u2013 stiilne ja praktiline valik sinu aeda<\/h3>\n<p><strong>Alumiiniumist aiatool Peking<\/strong> on ideaalne lahendus neile, kes hindavad nii stiili kui ka mugavust. Selle modernne ribidega disain ja bee\u017e toon loovad ajatult elegantse v\u00e4limuse, mis sobib suurep\u00e4raselt igasse v\u00e4liruumi. T\u00e4nu oma minimalistlikule kujundusele t\u00e4iendab see tool nii klassikalist kui ka kaasaegset aiakujundust.<\/p>\n<h3>Kerge, kuid vastupidav konstruktsioon<\/h3>\n<p>See aiatool on valmistatud kvaliteetsest <strong>alumiiniumist<\/strong>, mis tagab selle kerge kaalu ja vastupidavuse erinevates ilmastikutingimustes. Kuna alumiinium on roostevaba materjal, v\u00f5id olla kindel, et tool s\u00e4ilitab oma kauni v\u00e4limuse ka aastate p\u00e4rast. Lisaks muudab selle v\u00e4hene kaal tooli lihtsasti liigutatavaks, v\u00f5imaldades sul h\u00f5lpsalt muuta oma terrassi v\u00f5i aia paigutust.<\/p>\n<h3>Mugavus ja praktilisus \u00fches<\/h3>\n<p><strong>Alumiiniumist aiatool Peking<\/strong> on loodud maksimaalseks istumismugavuseks. Selle integreeritud k\u00e4etoed pakuvad lisatuge, v\u00f5imaldades l\u00f5\u00f5gastuda ja nautida m\u00f5nusaid \u00f5htus\u00f6\u00f6ke v\u00e4rskes \u00f5hus. T\u00e4nu virnastatavale disainile on toolid vajadusel lihtsalt hoiustatavad, s\u00e4\u00e4stes ruumi ja muutes nende kasutamise veelgi praktilisemaks.<\/p>\n<h3>Mitmek\u00fclgne ja hooldusvaba<\/h3>\n<p>Bee\u017e v\u00e4rvitoon lisab pehmust ja soojust, muutes tooli h\u00f5lpsasti kombineeritavaks teiste aiam\u00f6\u00f6bliesemetega. Alumiiniumist konstruktsioon t\u00e4hendab ka seda, et tool ei vaja erilist hooldust \u2013 piisab aeg-ajalt niiske lapiga puhastamisest, et see n\u00e4eks alati v\u00e4lja nagu uus.<\/p>\n<p>Kui otsid vastupidavat, kerget ja stiilset aiatooli, siis on <strong>alumiiniumist aiatool Peking<\/strong> suurep\u00e4rane valik sinu terrassile v\u00f5i aeda.<\/p>\n","protected":false},"excerpt":{"rendered":"<p>Alumiiniumist aiatool Peking \u2013 stiilne ja praktiline valik sinu aeda Alumiiniumist aiatool Peking on ideaalne lahendus neile, kes hindavad nii stiili kui ka mugavust. Selle modernne ribidega disain ja bee\u017e toon loovad ajatult elegantse v\u00e4limuse, mis sobib suurep\u00e4raselt igasse v\u00e4liruumi. T\u00e4nu oma minimalistlikule kujundusele t\u00e4iendab see tool nii klassikalist kui ka kaasaegset aiakujundust. Kerge, kuid [&hellip;]<\/p>\n","protected":false},"featured_media":160682,"comment_status":"open","ping_status":"closed","template":"","meta":[],"product_brand":[1818],"product_cat":[1683],"product_tag":[],"class_list":{"0":"post-146355","1":"product","2":"type-product","3":"status-publish","4":"has-post-thumbnail","6":"product_brand-venture-design","7":"product_cat-aiatoolid","8":"product_shipping_class-venture-design","9":"pa_istme-materjal-alumiinium","10":"pa_istme-varvus-beez","11":"pa_jalgade-varv-beez","12":"pa_kollektsioon-peking","13":"pa_mootmed-64-x-57-x-85","14":"pa_varv-beez","16":"first","17":"outofstock","18":"sale","19":"taxable","20":"shipping-taxable","21":"purchasable","22":"product-type-simple"},"_links":{"self":[{"href":"https:\/\/blankpage.ee\/_ruumist-ruumi\/wp-json\/wp\/v2\/product\/146355","targetHints":{"allow":["GET"]}}],"collection":[{"href":"https:\/\/blankpage.ee\/_ruumist-ruumi\/wp-json\/wp\/v2\/product"}],"about":[{"href":"https:\/\/blankpage.ee\/_ruumist-ruumi\/wp-json\/wp\/v2\/types\/product"}],"replies":[{"embeddable":true,"href":"https:\/\/blankpage.ee\/_ruumist-ruumi\/wp-json\/wp\/v2\/comments?post=146355"}],"wp:featuredmedia":[{"embeddable":true,"href":"https:\/\/blankpage.ee\/_ruumist-ruumi\/wp-json\/wp\/v2\/media\/160682"}],"wp:attachment":[{"href":"https:\/\/blankpage.ee\/_ruumist-ruumi\/wp-json\/wp\/v2\/media?parent=146355"}],"wp:term":[{"taxonomy":"product_brand","embeddable":true,"href":"https:\/\/blankpage.ee\/_ruumist-ruumi\/wp-json\/wp\/v2\/product_brand?post=146355"},{"taxonomy":"product_cat","embeddable":true,"href":"https:\/\/blankpage.ee\/_ruumist-ruumi\/wp-json\/wp\/v2\/product_cat?post=146355"},{"taxonomy":"product_tag","embeddable":true,"href":"https:\/\/blankpage.ee\/_ruumist-ruumi\/wp-json\/wp\/v2\/product_tag?post=146355"}],"curies":[{"name":"wp","href":"https:\/\/api.w.org\/{rel}","templated":true}]}}