{"id":146474,"date":"2025-03-05T23:24:16","date_gmt":"2025-03-05T23:24:16","guid":{"rendered":"https:\/\/ruumistruumi.ee\/pood\/alumiiniumist-aiatool-lindos-must-pruun-57x55x86-6107-766\/"},"modified":"2025-08-14T11:18:52","modified_gmt":"2025-08-14T11:18:52","slug":"alumiiniumist-aiatool-lindos-must-pruun-6107-766","status":"publish","type":"product","link":"https:\/\/blankpage.ee\/_ruumist-ruumi\/pood\/alumiiniumist-aiatool-lindos-must-pruun-6107-766\/","title":{"rendered":"Alumiiniumist aiatool Lindos, must\/pruun, 6107-766"},"content":{"rendered":"<h3>Stiilne ja vastupidav alumiiniumist aiatool Lindos<\/h3>\n<p><strong>Alumiiniumist aiatool Lindos<\/strong> on ajatu disainiga ning sobib suurep\u00e4raselt erinevate aiam\u00f6\u00f6bli lahendustega. Selle must metallraam ja pruunist pol\u00fcprop\u00fcleenist punutud iste loovad elegantse ja kaasaegse v\u00e4limuse, mis t\u00e4iustab igat terrassi v\u00f5i r\u00f5du.<\/p>\n<h3>Vastupidav ja ilmastikukindel<\/h3>\n<p>See aiatool on valmistatud kvaliteetsest <strong>alumiiniumist<\/strong>, mis on kerge, kuid samas tugev ja roostekindel. T\u00e4nu sellele sobib tool suurep\u00e4raselt v\u00e4listingimustesse, taludes nii niiskust kui ka UV-kiirgust. Iste ja seljatugi on valmistatud vastupidavast <strong>pol\u00fcprop\u00fcleenist<\/strong>, mis on kergesti hooldatav ning s\u00e4ilitab oma kuju ja v\u00e4rvi ka pikaajalisel kasutamisel.<\/p>\n<h3>Mugavus ja praktilisus<\/h3>\n<p>Alumiiniumist aiatool Lindos ei ole mitte ainult stiilne, vaid ka mugav. Selle ergonoomiline kuju ja tugev punutud iste toetavad keha ning tagavad meeldiva istumiskogemuse. Lisaks on tool <strong>virnastatav<\/strong>, mis teeb selle hoiustamise lihtsaks ja ruumis\u00e4\u00e4stlikuks.<\/p>\n<h3>Ideaalne valik sinu aeda v\u00f5i terrassile<\/h3>\n<p>\u00dchenda see kauni s\u00f6\u00f6gilauaga ning loo t\u00e4iuslik s\u00f6\u00f6ginurk \u00f5ues einestamiseks. T\u00e4nu loodusl\u00e4hedasele pruuni ja musta v\u00e4rvikombinatsioonile sulandub see ideaalselt erinevatesse aiakujundustesse. Olgu see hommikukohv p\u00e4ikesepaistel v\u00f5i \u00f5htus\u00f6\u00f6k v\u00e4rskes \u00f5hus \u2013 <strong>alumiiniumist aiatool Lindos<\/strong> lisab igale hetkele stiili ja mugavust.<\/p>\n","protected":false},"excerpt":{"rendered":"<p>Stiilne ja vastupidav alumiiniumist aiatool Lindos Alumiiniumist aiatool Lindos on ajatu disainiga ning sobib suurep\u00e4raselt erinevate aiam\u00f6\u00f6bli lahendustega. Selle must metallraam ja pruunist pol\u00fcprop\u00fcleenist punutud iste loovad elegantse ja kaasaegse v\u00e4limuse, mis t\u00e4iustab igat terrassi v\u00f5i r\u00f5du. Vastupidav ja ilmastikukindel See aiatool on valmistatud kvaliteetsest alumiiniumist, mis on kerge, kuid samas tugev ja roostekindel. T\u00e4nu [&hellip;]<\/p>\n","protected":false},"featured_media":160715,"comment_status":"open","ping_status":"open","template":"","meta":[],"product_brand":[1818],"product_cat":[1683],"product_tag":[],"class_list":{"0":"post-146474","1":"product","2":"type-product","3":"status-publish","4":"has-post-thumbnail","6":"product_brand-venture-design","7":"product_cat-aiatoolid","8":"product_shipping_class-venture-design","9":"pa_istme-materjal-polupropuleen","10":"pa_istme-varvus-pruun","11":"pa_jalgade-varv-must","12":"pa_kangas-100-polupropuleen","13":"pa_kollektsioon-lindos","14":"pa_mootmed-59-x-86-x-57","15":"pa_varv-pruun","16":"pa_varv-must","18":"first","19":"instock","20":"sale","21":"taxable","22":"shipping-taxable","23":"purchasable","24":"product-type-simple"},"_links":{"self":[{"href":"https:\/\/blankpage.ee\/_ruumist-ruumi\/wp-json\/wp\/v2\/product\/146474","targetHints":{"allow":["GET"]}}],"collection":[{"href":"https:\/\/blankpage.ee\/_ruumist-ruumi\/wp-json\/wp\/v2\/product"}],"about":[{"href":"https:\/\/blankpage.ee\/_ruumist-ruumi\/wp-json\/wp\/v2\/types\/product"}],"replies":[{"embeddable":true,"href":"https:\/\/blankpage.ee\/_ruumist-ruumi\/wp-json\/wp\/v2\/comments?post=146474"}],"wp:featuredmedia":[{"embeddable":true,"href":"https:\/\/blankpage.ee\/_ruumist-ruumi\/wp-json\/wp\/v2\/media\/160715"}],"wp:attachment":[{"href":"https:\/\/blankpage.ee\/_ruumist-ruumi\/wp-json\/wp\/v2\/media?parent=146474"}],"wp:term":[{"taxonomy":"product_brand","embeddable":true,"href":"https:\/\/blankpage.ee\/_ruumist-ruumi\/wp-json\/wp\/v2\/product_brand?post=146474"},{"taxonomy":"product_cat","embeddable":true,"href":"https:\/\/blankpage.ee\/_ruumist-ruumi\/wp-json\/wp\/v2\/product_cat?post=146474"},{"taxonomy":"product_tag","embeddable":true,"href":"https:\/\/blankpage.ee\/_ruumist-ruumi\/wp-json\/wp\/v2\/product_tag?post=146474"}],"curies":[{"name":"wp","href":"https:\/\/api.w.org\/{rel}","templated":true}]}}