{"id":146483,"date":"2025-03-05T23:35:55","date_gmt":"2025-03-05T23:35:55","guid":{"rendered":"https:\/\/ruumistruumi.ee\/pood\/metallist-baaritool-lindos-must-helehall-53x53x88-6072-014\/"},"modified":"2025-08-14T11:18:08","modified_gmt":"2025-08-14T11:18:08","slug":"metallist-baaritoolid-terrassile-lindos-must-helehall-53x53x88-6072-014","status":"publish","type":"product","link":"https:\/\/blankpage.ee\/_ruumist-ruumi\/pood\/metallist-baaritoolid-terrassile-lindos-must-helehall-53x53x88-6072-014\/","title":{"rendered":"Metallist baaritoolid terrassile Lindos, must\/helehall, 53x53x88, 6072-014"},"content":{"rendered":"<h3>Stiilne ja vastupidav metallist baaritool Lindos<\/h3>\n<p><strong>Metallist baaritool Lindos<\/strong> on ideaalne valik igale terrassile v\u00f5i r\u00f5dule, lisades modernset ja elegantset ilmet sinu v\u00e4liruumile. Selle trendikas disain ja vastupidavad materjalid muudavad selle praktiliseks ning kauakestvaks valikuks.<\/p>\n<h3>Kvaliteetne ja ilmastikukindel disain<\/h3>\n<p>Baaritooli raam on valmistatud tugevast <strong>metallist<\/strong>, mis tagab stabiilsuse ja pikaajalise vastupidavuse. Istumisosa ning seljatugi on kaetud vastupidava <strong>k\u00f6iematerjaliga<\/strong>, mis lisab istumisel mugavust ja stiili. Tooli must metallraam ja helehall punutud k\u00f6is loovad ajatu ja maitsekalt kombineeritud v\u00e4limuse, sobitudes suurep\u00e4raselt erinevate aiam\u00f6\u00f6bli komplektidega.<\/p>\n<h3>Praktiline ja ruumis\u00e4\u00e4stlik<\/h3>\n<p><strong>Metallist baaritool Lindos<\/strong> pole mitte ainult stiilne, vaid ka v\u00e4ga praktiline \u2013 seda saab h\u00f5lpsasti \u00fcksteise otsa laduda, kui toolid parasjagu kasutusel ei ole. T\u00e4nu sellele on nende hoiustamine lihtne ja ruumis\u00e4\u00e4stlik.<\/p>\n<h3>Naudi suve mugavalt<\/h3>\n<p>Kas plaanid suve\u00f5htuid s\u00f5prade v\u00f5i perega? Kombineeri see baaritool sobiva lauaga ja loo t\u00e4iuslik koht hommikukohvi nautimiseks v\u00f5i \u00f5htus\u00f6\u00f6giks v\u00e4rskes \u00f5hus. T\u00e4nu oma kvaliteetsetele materjalidele on Lindos baaritool ilmastikukindel ja sobib h\u00e4sti v\u00e4listingimustesse.<\/p>\n<p>Lisa oma terrassile v\u00f5i r\u00f5dule modernne ja mugav istumisv\u00f5imalus \u2013 vali <strong>metallist baaritool Lindos<\/strong> ning naudi suve stiilselt ja mugavalt!<\/p>\n","protected":false},"excerpt":{"rendered":"<p>Stiilne ja vastupidav metallist baaritool Lindos Metallist baaritool Lindos on ideaalne valik igale terrassile v\u00f5i r\u00f5dule, lisades modernset ja elegantset ilmet sinu v\u00e4liruumile. Selle trendikas disain ja vastupidavad materjalid muudavad selle praktiliseks ning kauakestvaks valikuks. Kvaliteetne ja ilmastikukindel disain Baaritooli raam on valmistatud tugevast metallist, mis tagab stabiilsuse ja pikaajalise vastupidavuse. Istumisosa ning seljatugi on [&hellip;]<\/p>\n","protected":false},"featured_media":165727,"comment_status":"open","ping_status":"open","template":"","meta":[],"product_brand":[1818],"product_cat":[1766],"product_tag":[],"class_list":{"0":"post-146483","1":"product","2":"type-product","3":"status-publish","4":"has-post-thumbnail","6":"product_brand-venture-design","7":"product_cat-baaritoolid-terrassile","8":"product_shipping_class-venture-design","9":"pa_istme-varvus-helehall","10":"pa_jalgade-varv-must","11":"pa_kangas-100-poluester","12":"pa_kollektsioon-lindos","13":"pa_mootmed-54-x-885-x-525","14":"pa_varv-helehall","15":"pa_varv-must","17":"first","18":"instock","19":"sale","20":"taxable","21":"shipping-taxable","22":"purchasable","23":"product-type-simple"},"_links":{"self":[{"href":"https:\/\/blankpage.ee\/_ruumist-ruumi\/wp-json\/wp\/v2\/product\/146483","targetHints":{"allow":["GET"]}}],"collection":[{"href":"https:\/\/blankpage.ee\/_ruumist-ruumi\/wp-json\/wp\/v2\/product"}],"about":[{"href":"https:\/\/blankpage.ee\/_ruumist-ruumi\/wp-json\/wp\/v2\/types\/product"}],"replies":[{"embeddable":true,"href":"https:\/\/blankpage.ee\/_ruumist-ruumi\/wp-json\/wp\/v2\/comments?post=146483"}],"wp:featuredmedia":[{"embeddable":true,"href":"https:\/\/blankpage.ee\/_ruumist-ruumi\/wp-json\/wp\/v2\/media\/165727"}],"wp:attachment":[{"href":"https:\/\/blankpage.ee\/_ruumist-ruumi\/wp-json\/wp\/v2\/media?parent=146483"}],"wp:term":[{"taxonomy":"product_brand","embeddable":true,"href":"https:\/\/blankpage.ee\/_ruumist-ruumi\/wp-json\/wp\/v2\/product_brand?post=146483"},{"taxonomy":"product_cat","embeddable":true,"href":"https:\/\/blankpage.ee\/_ruumist-ruumi\/wp-json\/wp\/v2\/product_cat?post=146483"},{"taxonomy":"product_tag","embeddable":true,"href":"https:\/\/blankpage.ee\/_ruumist-ruumi\/wp-json\/wp\/v2\/product_tag?post=146483"}],"curies":[{"name":"wp","href":"https:\/\/api.w.org\/{rel}","templated":true}]}}