{"id":146492,"date":"2025-03-05T23:35:55","date_gmt":"2025-03-05T23:35:55","guid":{"rendered":"https:\/\/ruumistruumi.ee\/pood\/alumiiniumist-baaritool-terrassile-alo-hall-38x38x76-6121-001\/"},"modified":"2025-08-14T11:18:10","modified_gmt":"2025-08-14T11:18:10","slug":"alumiiniumist-baaritool-terrassile-alo-hall-38x38x76-6121-001","status":"publish","type":"product","link":"https:\/\/blankpage.ee\/_ruumist-ruumi\/pood\/alumiiniumist-baaritool-terrassile-alo-hall-38x38x76-6121-001\/","title":{"rendered":"Alumiiniumist baaritool terrassile Alo, hall, 38x38x76, 6121-001"},"content":{"rendered":"<h3>Stiilne ja vastupidav alumiiniumist baaritool terrassile<\/h3>\n<p><strong>Alumiiniumist baaritool Alo<\/strong> on ideaalne valik neile, kes otsivad vastupidavat ja stiilset lahendust oma terrassile v\u00f5i r\u00f5dule. Halli tooni tool sobib suurep\u00e4raselt erinevate v\u00e4liruumide sisustusega, pakkudes nii praktilisust kui ka ajatut disaini.<\/p>\n<h3>Kvaliteetsed materjalid ja mugav disain<\/h3>\n<p>See baaritool on valmistatud t\u00e4ielikult ilmastikukindlast <strong>alumiiniumist<\/strong>, mis tagab selle kerge kaalu ja roostevaba vastupidavuse. Lisaks on istmeosa kaetud vastupidava <strong>punutisega<\/strong>, mis lisab toolile elegantset v\u00e4limust ning muudab selle vastupidavaks erinevatele ilmastikutingimustele.<\/p>\n<p>Lisamugavust pakub integreeritud <strong>jalatugi<\/strong>, mis v\u00f5imaldab l\u00f5\u00f5gastuda ja nautida meeldivaid hetki \u00f5ues. T\u00e4nu oma ergonoomilisele disainile on see baaritool suurep\u00e4rane valik nii koduhoovi kui ka kohvikute v\u00f5i restoranide v\u00e4lialadele.<\/p>\n<h3>Kombineeri sobiva baarilauaga<\/h3>\n<p>Et luua t\u00e4iuslik ja kutsuv \u00f5hkkond, sobita <strong>alumiiniumist baaritool Alo<\/strong> kokku samas stiilis baarilauaga. Nii saad luua funktsionaalse ja stiilse terrassinurga, kus k\u00fclalised saavad m\u00f5nusalt aega veeta.<\/p>\n<p>Kui otsid kauakestvat, ilmastikukindlat ja modernset baaritooli, siis on see mudel just \u00f5ige valik. Stiilne hall v\u00e4rv ja vastupidavad materjalid teevad sellest toolist ajatu klassika igasse v\u00e4liruumi.<\/p>\n","protected":false},"excerpt":{"rendered":"<p>Stiilne ja vastupidav alumiiniumist baaritool terrassile Alumiiniumist baaritool Alo on ideaalne valik neile, kes otsivad vastupidavat ja stiilset lahendust oma terrassile v\u00f5i r\u00f5dule. Halli tooni tool sobib suurep\u00e4raselt erinevate v\u00e4liruumide sisustusega, pakkudes nii praktilisust kui ka ajatut disaini. Kvaliteetsed materjalid ja mugav disain See baaritool on valmistatud t\u00e4ielikult ilmastikukindlast alumiiniumist, mis tagab selle kerge kaalu [&hellip;]<\/p>\n","protected":false},"featured_media":165744,"comment_status":"open","ping_status":"open","template":"","meta":[],"product_brand":[1818],"product_cat":[1766],"product_tag":[],"class_list":{"0":"post-146492","1":"product","2":"type-product","3":"status-publish","4":"has-post-thumbnail","6":"product_brand-venture-design","7":"product_cat-baaritoolid-terrassile","8":"product_shipping_class-venture-design","9":"pa_istme-materjal-punutis","10":"pa_istme-varvus-hall","11":"pa_jalgade-varv-hall","12":"pa_kangas-100-poluester","13":"pa_kollektsioon-alo","14":"pa_mootmed-38-x-76-x-38","15":"pa_pehmenduste-materjal-poluester","16":"pa_varv-hall","18":"first","19":"instock","20":"sale","21":"taxable","22":"shipping-taxable","23":"purchasable","24":"product-type-simple"},"_links":{"self":[{"href":"https:\/\/blankpage.ee\/_ruumist-ruumi\/wp-json\/wp\/v2\/product\/146492","targetHints":{"allow":["GET"]}}],"collection":[{"href":"https:\/\/blankpage.ee\/_ruumist-ruumi\/wp-json\/wp\/v2\/product"}],"about":[{"href":"https:\/\/blankpage.ee\/_ruumist-ruumi\/wp-json\/wp\/v2\/types\/product"}],"replies":[{"embeddable":true,"href":"https:\/\/blankpage.ee\/_ruumist-ruumi\/wp-json\/wp\/v2\/comments?post=146492"}],"wp:featuredmedia":[{"embeddable":true,"href":"https:\/\/blankpage.ee\/_ruumist-ruumi\/wp-json\/wp\/v2\/media\/165744"}],"wp:attachment":[{"href":"https:\/\/blankpage.ee\/_ruumist-ruumi\/wp-json\/wp\/v2\/media?parent=146492"}],"wp:term":[{"taxonomy":"product_brand","embeddable":true,"href":"https:\/\/blankpage.ee\/_ruumist-ruumi\/wp-json\/wp\/v2\/product_brand?post=146492"},{"taxonomy":"product_cat","embeddable":true,"href":"https:\/\/blankpage.ee\/_ruumist-ruumi\/wp-json\/wp\/v2\/product_cat?post=146492"},{"taxonomy":"product_tag","embeddable":true,"href":"https:\/\/blankpage.ee\/_ruumist-ruumi\/wp-json\/wp\/v2\/product_tag?post=146492"}],"curies":[{"name":"wp","href":"https:\/\/api.w.org\/{rel}","templated":true}]}}