{"id":146500,"date":"2025-03-05T23:35:55","date_gmt":"2025-03-05T23:35:55","guid":{"rendered":"https:\/\/ruumistruumi.ee\/pood\/metallist-aiatool-bois-roheline-hobedane-9558-004\/"},"modified":"2025-08-14T11:18:11","modified_gmt":"2025-08-14T11:18:11","slug":"metallist-aiatool-bois-roheline-hobedane-9558-004","status":"publish","type":"product","link":"https:\/\/blankpage.ee\/_ruumist-ruumi\/pood\/metallist-aiatool-bois-roheline-hobedane-9558-004\/","title":{"rendered":"Metallist aiatool Bois, roheline\/h\u00f5bedane, 9558-004"},"content":{"rendered":"<h3>Stiilne ja vastupidav metallist aiatool Bois<\/h3>\n<p><strong>Metallist aiatool Bois<\/strong> on ideaalne valik neile, kes hindavad modernset disaini ja vastupidavust. Selle stiilse aiatooli tsingitud metallraam tagab suurep\u00e4rase stabiilsuse ning ajatu h\u00f5bedane viimistlus lisab elegantsi igale terrassile v\u00f5i r\u00f5dule.<\/p>\n<h3>Mugav ja stiilne istumiskogemus<\/h3>\n<p>Tooli istumisosa on valmistatud kvaliteetsest pehmest rohelisest pol\u00fcprop\u00fcleenist k\u00f6iest, mis pakub mugavust ja toetust. Kaunid tiigipuust k\u00e4etoed annavad lisasoojust ja loovad harmoonilise kontrasti metallraamiga. T\u00e4nu l\u00e4bim\u00f5eldud disainile on see aiatool nii praktiline kui ka pilkup\u00fc\u00fcdev.<\/p>\n<h3>Ideaalne valik igale \u00f5uealale<\/h3>\n<p>Metallist aiatool Bois on suurep\u00e4rane lisandus igasse aeda, terrassile v\u00f5i r\u00f5dule. T\u00e4nu virnastatavusele saab toole h\u00f5lpsasti hoiustada ja ruumi s\u00e4\u00e4sta, kui neid parajasti ei kasutata. See muudab tooli ideaalseks valikuks ka v\u00e4iksematele r\u00f5dudele ja terrassidele.<\/p>\n<h3>Kvaliteetsed materjalid ja vastupidav konstruktsioon<\/h3>\n<p>Aiatoole m\u00f5jutavad pidevalt ilmastikutingimused, kuid Bois on loodud kestma. Tsingitud metall tagab roostekindluse, tiigipuust k\u00e4etoed lisavad vastupidavust ning pol\u00fcprop\u00fcleenist k\u00f6is s\u00e4ilitab oma kuju ja kvaliteedi ka p\u00e4rast pikaajalist kasutamist.<\/p>\n<p>Vali <strong>metallist aiatool Bois<\/strong>, kui soovid kombineerida modernsust, vastupidavust ja mugavust. Naudi hubaseid hetki \u00f5ues stiilselt ja praktiliselt!<\/p>\n","protected":false},"excerpt":{"rendered":"<p>Stiilne ja vastupidav metallist aiatool Bois Metallist aiatool Bois on ideaalne valik neile, kes hindavad modernset disaini ja vastupidavust. Selle stiilse aiatooli tsingitud metallraam tagab suurep\u00e4rase stabiilsuse ning ajatu h\u00f5bedane viimistlus lisab elegantsi igale terrassile v\u00f5i r\u00f5dule. Mugav ja stiilne istumiskogemus Tooli istumisosa on valmistatud kvaliteetsest pehmest rohelisest pol\u00fcprop\u00fcleenist k\u00f6iest, mis pakub mugavust ja toetust. [&hellip;]<\/p>\n","protected":false},"featured_media":160869,"comment_status":"open","ping_status":"open","template":"","meta":[],"product_brand":[1818],"product_cat":[1683],"product_tag":[],"class_list":{"0":"post-146500","1":"product","2":"type-product","3":"status-publish","4":"has-post-thumbnail","6":"product_brand-venture-design","7":"product_cat-aiatoolid","8":"product_shipping_class-venture-design","9":"pa_istme-materjal-polupropuleen","10":"pa_istme-varvus-roheline","11":"pa_jalgade-varv-hobedane","12":"pa_kangas-100-polupropuleen","13":"pa_kollektsioon-bois","14":"pa_mootmed-63-x-93-x-60","15":"pa_varv-hobedane","16":"pa_varv-roheline","18":"first","19":"instock","20":"sale","21":"taxable","22":"shipping-taxable","23":"purchasable","24":"product-type-simple"},"_links":{"self":[{"href":"https:\/\/blankpage.ee\/_ruumist-ruumi\/wp-json\/wp\/v2\/product\/146500","targetHints":{"allow":["GET"]}}],"collection":[{"href":"https:\/\/blankpage.ee\/_ruumist-ruumi\/wp-json\/wp\/v2\/product"}],"about":[{"href":"https:\/\/blankpage.ee\/_ruumist-ruumi\/wp-json\/wp\/v2\/types\/product"}],"replies":[{"embeddable":true,"href":"https:\/\/blankpage.ee\/_ruumist-ruumi\/wp-json\/wp\/v2\/comments?post=146500"}],"wp:featuredmedia":[{"embeddable":true,"href":"https:\/\/blankpage.ee\/_ruumist-ruumi\/wp-json\/wp\/v2\/media\/160869"}],"wp:attachment":[{"href":"https:\/\/blankpage.ee\/_ruumist-ruumi\/wp-json\/wp\/v2\/media?parent=146500"}],"wp:term":[{"taxonomy":"product_brand","embeddable":true,"href":"https:\/\/blankpage.ee\/_ruumist-ruumi\/wp-json\/wp\/v2\/product_brand?post=146500"},{"taxonomy":"product_cat","embeddable":true,"href":"https:\/\/blankpage.ee\/_ruumist-ruumi\/wp-json\/wp\/v2\/product_cat?post=146500"},{"taxonomy":"product_tag","embeddable":true,"href":"https:\/\/blankpage.ee\/_ruumist-ruumi\/wp-json\/wp\/v2\/product_tag?post=146500"}],"curies":[{"name":"wp","href":"https:\/\/api.w.org\/{rel}","templated":true}]}}